{"id":2881,"date":"2017-03-27T21:35:42","date_gmt":"2017-03-27T19:35:42","guid":{"rendered":"https:\/\/sea-rent-a-boat-vodice.com\/water-ski-tubes\/"},"modified":"2025-07-09T15:03:45","modified_gmt":"2025-07-09T13:03:45","slug":"skije-za-vodu-tube","status":"publish","type":"page","link":"https:\/\/sea-rent-a-boat-vodice.com\/hr\/skije-za-vodu-tube\/","title":{"rendered":"Skije za vodu &#038; Tube"},"content":{"rendered":"<p>[vc_row css=&#8221;.vc_custom_1490648904183{margin-top: 5px !important;}&#8221;][vc_column el_class=&#8221;page-custom-header&#8221;][vc_column_text]<\/p>\n<h1 class=\"page-main-title\"><strong>Skije za vodu &amp; Tube<\/strong><\/h1>\n<h4 class=\"page-sub-title\">U\u010dinite stvari jo\u0161 zabavnijima!<\/h4>\n<p>[\/vc_column_text][\/vc_column][\/vc_row][vc_row css=&#8221;.vc_custom_1490774718825{margin-top: 20px !important;margin-bottom: 60px !important;}&#8221;][vc_column width=&#8221;3\/4&#8243;][vc_row_inner css=&#8221;.vc_custom_1490774727920{margin-top: 40px !important;}&#8221;][vc_column_inner width=&#8221;1\/3&#8243;][vc_single_image image=&#8221;3110&#8243; img_size=&#8221;full&#8221;][\/vc_column_inner][vc_column_inner el_class=&#8221;custom_size&#8221; width=&#8221;2\/3&#8243;][vc_column_text]<\/p>\n<div class=\"underline-block\">\n<h3>Skije za vodu<\/h3>\n<\/div>\n<p>[\/vc_column_text][vc_column_text]Kao na\u0161u dodatnu ponudu mo\u017eete iznajmiti skije za vodu i u\u017eivati na valovima.<\/p>\n<h4>CIJENA: 80\u20ac \/ dan<\/h4>\n<p>[\/vc_column_text][\/vc_column_inner][\/vc_row_inner][vc_row_inner][vc_column_inner width=&#8221;1\/3&#8243;][vc_single_image image=&#8221;3109&#8243; img_size=&#8221;full&#8221;][\/vc_column_inner][vc_column_inner el_class=&#8221;custom_size&#8221; width=&#8221;2\/3&#8243;][vc_column_text]<\/p>\n<div class=\"underline-block\">\n<h3>Fun tube<\/h3>\n<\/div>\n<p>[\/vc_column_text][vc_column_text]Djeca \u0107e ovo obo\u017eavati. Unajmite Fun tube za nevjerojatnu zabavu.<\/p>\n<h4>CIJENA: 80\u20ac \/ dan<\/h4>\n<p>[\/vc_column_text][\/vc_column_inner][\/vc_row_inner][\/vc_column][vc_column width=&#8221;1\/4&#8243;]<div class=\"get_in_touch\" style=\"background-image:url(https:\/\/sea-rent-a-boat-vodice.com\/wp-content\/uploads\/2015\/10\/rent-a-boat-vodice-contacts.png);\"><h3>Kontaktirajte nas<\/h3><div class=\"get_in_touch_wrapper\"><ul><li class=\"address\"><span class=\"icon\"><i class=\"icon-location\" aria-label=\"address\"><\/i><\/span><span class=\"address_wrapper\"><b>SEA Boats Vodice<\/b><br \/>\nObala V. Nazora BB<br \/>\n22211 Vodice, Hrvatska<\/span><\/li><li class=\"phone phone-1\"><span class=\"icon\"><i class=\"icon-phone\" aria-label=\"phone\"><\/i><\/span><p><a href=\"tel:+385996777184\">+385 99 677 7184<\/a><\/p><\/li><li class=\"mail\"><span class=\"icon\"><i class=\"icon-mail\" aria-label=\"mail\"><\/i><\/span><p><a href=\"mailto:sea.vodice@gmail.com\">sea.vodice@gmail.com<\/a><\/p><\/li><\/ul><\/div><\/div>\n<div class=\"opening_hours\" style=\"background-image:url(https:\/\/sea-rent-a-boat-vodice.com\/wp-content\/uploads\/2015\/10\/rent-a-boat-vodice-opening-hours.png);\"><h3>Radno vrijeme<\/h3><div class=\"opening_hours_wrapper\"><span class=\"ohw-desc\">Sea info pult radno vrijeme:<\/p>\n<ul>\n<li><label>Ponedjeljak &#8211; Nedjelja<\/label><br \/>\n08<sup>00<\/sup> &#8211; 14<sup>00<\/sup><br \/>\n17<sup>00<\/sup> &#8211; 22<sup>00<\/sup><\/li>\n<\/ul>\n<p>Ako nas niste prona\u0161li na info pultu nazovite nas ili nam po\u0161aljite email. Rado \u0107emo se \u010duti sa Vama.<br \/>\n<\/span><\/div><\/div>\n[\/vc_column][\/vc_row][vc_row][vc_column]<div class=\"fancy_heading fancy_heading_line\"><div class=\"fh-top\"><span class=\"slogan\">Rent a Boat Vodice<\/span><\/div><h2 class=\"title\">Sea Vodice Brodovi<\/h2><\/div>\n[\/vc_column][\/vc_row][vc_row css=&#8221;.vc_custom_1445602210053{margin-bottom: 80px !important;}&#8221;][vc_column width=&#8221;1\/3&#8243; el_class=&#8221;style-simple&#8221;]<div class=\"sliding_box\"><a href=\"https:\/\/sea-rent-a-boat-vodice.com\/hr\/rent-a-boat-vodice\/atlantic-marine-sun-cruiser-690\/\" ><div class=\"photo_wrapper\"><img class=\"scale-with-grid\" src=\"https:\/\/sea-rent-a-boat-vodice.com\/wp-content\/uploads\/2022\/02\/atlantic-marine-sun-cruiser-690-sea-rent-a-boat-vodice.jpg\" alt=\"atlantic-marine-sun-cruiser-690-sea-rent-a-boat-vodice\" width=\"600\" height=\"360\"\/><\/div><div class=\"desc_wrapper\"><h4>Atlantic Marine Sun Cruiser 690<\/h4><\/div><\/a><\/div>\n[\/vc_column][vc_column width=&#8221;1\/3&#8243; el_class=&#8221;style-simple&#8221;]<div class=\"sliding_box\"><a href=\"https:\/\/sea-rent-a-boat-vodice.com\/hr\/rent-a-boat-vodice\/zodiac-n-zo-680\/\" ><div class=\"photo_wrapper\"><img class=\"scale-with-grid\" src=\"https:\/\/sea-rent-a-boat-vodice.com\/wp-content\/uploads\/2019\/04\/rent-a-boat-vodice-zodiac-680.jpg\" alt=\"rent-a-boat-vodice-zodiac-680\" width=\"600\" height=\"360\"\/><\/div><div class=\"desc_wrapper\"><h4>Zodiac N-ZO 680<\/h4><\/div><\/a><\/div>\n[\/vc_column][vc_column width=&#8221;1\/3&#8243; el_class=&#8221;style-simple&#8221;]<div class=\"sliding_box\"><a href=\"https:\/\/sea-rent-a-boat-vodice.com\/hr\/rent-a-boat-vodice\/bat-indian-680\/\" ><div class=\"photo_wrapper\"><img class=\"scale-with-grid\" src=\"https:\/\/sea-rent-a-boat-vodice.com\/wp-content\/uploads\/2015\/10\/rent-a-boat-vodice-680-bat-indian.jpg\" alt=\"Rent a Boat Vodice BAT Inidan 680\" width=\"600\" height=\"360\"\/><\/div><div class=\"desc_wrapper\"><h4>Bat Indian 680<\/h4><\/div><\/a><\/div>\n[\/vc_column][\/vc_row][vc_row css=&#8221;.vc_custom_1657044970554{margin-bottom: 80px !important;}&#8221;][vc_column width=&#8221;1\/3&#8243; el_class=&#8221;style-simple&#8221;]<div class=\"sliding_box\"><a href=\"https:\/\/sea-rent-a-boat-vodice.com\/hr\/rent-a-boat-vodice\/quick-silver-605-sundesk\/\" ><div class=\"photo_wrapper\"><img class=\"scale-with-grid\" src=\"https:\/\/sea-rent-a-boat-vodice.com\/wp-content\/uploads\/2015\/10\/rent-a-boat-vodice-quicksilver-speedboat.png\" alt=\"rent-a-boat-vodice-quicksilver-speedboat\" width=\"600\" height=\"360\"\/><\/div><div class=\"desc_wrapper\"><h4>Quick Silver 605<\/h4><\/div><\/a><\/div>\n[\/vc_column][vc_column width=&#8221;1\/3&#8243; el_class=&#8221;style-simple&#8221;]<div class=\"sliding_box\"><a href=\"https:\/\/sea-rent-a-boat-vodice.com\/hr\/rent-a-boat-vodice\/bluemax-550-open\/\" ><div class=\"photo_wrapper\"><img class=\"scale-with-grid\" src=\"https:\/\/sea-rent-a-boat-vodice.com\/wp-content\/uploads\/2015\/10\/rent-a-vodice-bluemax-550.jpg\" alt=\"Rent a Boat Vodice BlueMax 550 Open\" width=\"600\" height=\"360\"\/><\/div><div class=\"desc_wrapper\"><h4>BlueMax 550 Open<\/h4><\/div><\/a><\/div>\n[\/vc_column][vc_column width=&#8221;1\/3&#8243; el_class=&#8221;style-simple&#8221;][\/vc_column][\/vc_row][vc_row full_width=&#8221;stretch_row&#8221; css=&#8221;.vc_custom_1450733161509{padding-top: 40px !important;background-color: #f9f9f9 !important;}&#8221;][vc_column width=&#8221;1\/3&#8243;]<div class=\"icon_box icon_position_left has_border\"><a class=\"\" href=\"tel:+385%2099%20677%207184\"  ><div class=\"image_wrapper\"><img class=\"scale-with-grid\" src=\"https:\/\/sea-rent-a-boat-vodice.com\/wp-content\/uploads\/2015\/10\/rent-a-boat-vodice-phone.png\" alt=\"Rent a Boat Vodice\" width=\"72\" height=\"72\"\/><\/div><div class=\"desc_wrapper\"><h4 class=\"title\">Nazovite nas danas<\/h4><div class=\"desc\">+385 99 677 7184<\/div><\/div><\/a><\/div>\n[\/vc_column][vc_column width=&#8221;1\/3&#8243;]<div class=\"icon_box icon_position_left has_border\"><a class=\"\" href=\"mailto:sea.vodice@gmail.com\"  ><div class=\"image_wrapper\"><img class=\"scale-with-grid\" src=\"https:\/\/sea-rent-a-boat-vodice.com\/wp-content\/uploads\/2015\/10\/rent-a-boat-vodice-mail.png\" alt=\"Rent a Boat Vodice\" width=\"72\" height=\"72\"\/><\/div><div class=\"desc_wrapper\"><h4 class=\"title\">Po\u0161aljite nam email<\/h4><div class=\"desc\">sea.vodice@gmail.com<\/div><\/div><\/a><\/div>\n[\/vc_column][vc_column width=&#8221;1\/3&#8243;]<div class=\"icon_box icon_position_left no_border\"><a class=\"\" href=\"https:\/\/sea-rent-a-boat-vodice.com\/hr\/kontakt\/\"  ><div class=\"image_wrapper\"><img class=\"scale-with-grid\" src=\"https:\/\/sea-rent-a-boat-vodice.com\/wp-content\/uploads\/2015\/10\/rent-a-boat-vodice-location.png\" alt=\"Rent a Boat Vodice\" width=\"72\" height=\"72\"\/><\/div><div class=\"desc_wrapper\"><h4 class=\"title\">Sea info pult<\/h4><div class=\"desc\">Obala V. Nazora, Vodice HR<\/div><\/div><\/a><\/div>\n[\/vc_column][\/vc_row]<\/p>\n","protected":false},"excerpt":{"rendered":"<p>[vc_row css=&#8221;.vc_custom_1490648904183{margin-top: 5px !important;}&#8221;][vc_column el_class=&#8221;page-custom-header&#8221;][vc_column_text] Skije za vodu &amp; Tube U\u010dinite stvari jo\u0161 zabavnijima! [\/vc_column_text][\/vc_column][\/vc_row][vc_row css=&#8221;.vc_custom_1490774718825{margin-top: 20px !important;margin-bottom: 60px !important;}&#8221;][vc_column width=&#8221;3\/4&#8243;][vc_row_inner css=&#8221;.vc_custom_1490774727920{margin-top: 40px !important;}&#8221;][vc_column_inner width=&#8221;1\/3&#8243;][vc_single_image image=&#8221;3110&#8243;<span class=\"excerpt-hellip\"> [\u2026]<\/span><\/p>\n","protected":false},"author":1,"featured_media":4060,"parent":0,"menu_order":0,"comment_status":"closed","ping_status":"closed","template":"","meta":[],"acf":[],"yoast_head":"<!-- This site is optimized with the Yoast SEO plugin v20.3 - https:\/\/yoast.com\/wordpress\/plugins\/seo\/ -->\n<title>Skije za vodu &amp; Tube | Rent a Boat Vodice<\/title>\n<meta name=\"description\" content=\"Kao na\u0161u dodatni ponudu mo\u017eete iznajmiti skije za vodu i u\u017eivati na valovima. Djeca \u0107e obo\u017eavati ovo. Unajmite Fun tube za nevjerojatnu zabavu.\" \/>\n<meta name=\"robots\" content=\"index, follow, max-snippet:-1, max-image-preview:large, max-video-preview:-1\" \/>\n<link rel=\"canonical\" href=\"https:\/\/sea-rent-a-boat-vodice.com\/hr\/skije-za-vodu-tube\/\" \/>\n<meta property=\"og:locale\" content=\"hr_HR\" \/>\n<meta property=\"og:type\" content=\"article\" \/>\n<meta property=\"og:title\" content=\"Skije za vodu &amp; Tube | Rent a Boat Vodice\" \/>\n<meta property=\"og:description\" content=\"Kao na\u0161u dodatni ponudu mo\u017eete iznajmiti skije za vodu i u\u017eivati na valovima. Djeca \u0107e obo\u017eavati ovo. Unajmite Fun tube za nevjerojatnu zabavu.\" \/>\n<meta property=\"og:url\" content=\"https:\/\/sea-rent-a-boat-vodice.com\/hr\/skije-za-vodu-tube\/\" \/>\n<meta property=\"og:site_name\" content=\"Rent a Boat Vodice\" \/>\n<meta property=\"article:modified_time\" content=\"2025-07-09T13:03:45+00:00\" \/>\n<meta property=\"og:image\" content=\"https:\/\/sea-rent-a-boat-vodice.com\/wp-content\/uploads\/2015\/09\/rent-a-boat-vodice-water-ski.jpg\" \/>\n\t<meta property=\"og:image:width\" content=\"800\" \/>\n\t<meta property=\"og:image:height\" content=\"480\" \/>\n\t<meta property=\"og:image:type\" content=\"image\/jpeg\" \/>\n<meta name=\"twitter:card\" content=\"summary_large_image\" \/>\n<meta name=\"twitter:label1\" content=\"Procijenjeno vrijeme \u010ditanja\" \/>\n\t<meta name=\"twitter:data1\" content=\"1 minuta\" \/>\n<script type=\"application\/ld+json\" class=\"yoast-schema-graph\">{\"@context\":\"https:\/\/schema.org\",\"@graph\":[{\"@type\":\"WebPage\",\"@id\":\"https:\/\/sea-rent-a-boat-vodice.com\/hr\/skije-za-vodu-tube\/\",\"url\":\"https:\/\/sea-rent-a-boat-vodice.com\/hr\/skije-za-vodu-tube\/\",\"name\":\"Skije za vodu & Tube | Rent a Boat Vodice\",\"isPartOf\":{\"@id\":\"https:\/\/sea-rent-a-boat-vodice.com\/#website\"},\"datePublished\":\"2017-03-27T19:35:42+00:00\",\"dateModified\":\"2025-07-09T13:03:45+00:00\",\"description\":\"Kao na\u0161u dodatni ponudu mo\u017eete iznajmiti skije za vodu i u\u017eivati na valovima. Djeca \u0107e obo\u017eavati ovo. Unajmite Fun tube za nevjerojatnu zabavu.\",\"breadcrumb\":{\"@id\":\"https:\/\/sea-rent-a-boat-vodice.com\/hr\/skije-za-vodu-tube\/#breadcrumb\"},\"inLanguage\":\"hr\",\"potentialAction\":[{\"@type\":\"ReadAction\",\"target\":[\"https:\/\/sea-rent-a-boat-vodice.com\/hr\/skije-za-vodu-tube\/\"]}]},{\"@type\":\"BreadcrumbList\",\"@id\":\"https:\/\/sea-rent-a-boat-vodice.com\/hr\/skije-za-vodu-tube\/#breadcrumb\",\"itemListElement\":[{\"@type\":\"ListItem\",\"position\":1,\"name\":\"Home\",\"item\":\"https:\/\/sea-rent-a-boat-vodice.com\/hr\/\"},{\"@type\":\"ListItem\",\"position\":2,\"name\":\"Skije za vodu &#038; Tube\"}]},{\"@type\":\"WebSite\",\"@id\":\"https:\/\/sea-rent-a-boat-vodice.com\/#website\",\"url\":\"https:\/\/sea-rent-a-boat-vodice.com\/\",\"name\":\"Rent a Boat Vodice\",\"description\":\"Najam atraktivnih plovila po povoljnim cijenama Vodice, Hrvatska\",\"potentialAction\":[{\"@type\":\"SearchAction\",\"target\":{\"@type\":\"EntryPoint\",\"urlTemplate\":\"https:\/\/sea-rent-a-boat-vodice.com\/?s={search_term_string}\"},\"query-input\":\"required name=search_term_string\"}],\"inLanguage\":\"hr\"}]}<\/script>\n<!-- \/ Yoast SEO plugin. -->","yoast_head_json":{"title":"Skije za vodu & Tube | Rent a Boat Vodice","description":"Kao na\u0161u dodatni ponudu mo\u017eete iznajmiti skije za vodu i u\u017eivati na valovima. Djeca \u0107e obo\u017eavati ovo. Unajmite Fun tube za nevjerojatnu zabavu.","robots":{"index":"index","follow":"follow","max-snippet":"max-snippet:-1","max-image-preview":"max-image-preview:large","max-video-preview":"max-video-preview:-1"},"canonical":"https:\/\/sea-rent-a-boat-vodice.com\/hr\/skije-za-vodu-tube\/","og_locale":"hr_HR","og_type":"article","og_title":"Skije za vodu & Tube | Rent a Boat Vodice","og_description":"Kao na\u0161u dodatni ponudu mo\u017eete iznajmiti skije za vodu i u\u017eivati na valovima. Djeca \u0107e obo\u017eavati ovo. Unajmite Fun tube za nevjerojatnu zabavu.","og_url":"https:\/\/sea-rent-a-boat-vodice.com\/hr\/skije-za-vodu-tube\/","og_site_name":"Rent a Boat Vodice","article_modified_time":"2025-07-09T13:03:45+00:00","og_image":[{"width":800,"height":480,"url":"https:\/\/sea-rent-a-boat-vodice.com\/wp-content\/uploads\/2015\/09\/rent-a-boat-vodice-water-ski.jpg","type":"image\/jpeg"}],"twitter_card":"summary_large_image","twitter_misc":{"Procijenjeno vrijeme \u010ditanja":"1 minuta"},"schema":{"@context":"https:\/\/schema.org","@graph":[{"@type":"WebPage","@id":"https:\/\/sea-rent-a-boat-vodice.com\/hr\/skije-za-vodu-tube\/","url":"https:\/\/sea-rent-a-boat-vodice.com\/hr\/skije-za-vodu-tube\/","name":"Skije za vodu & Tube | Rent a Boat Vodice","isPartOf":{"@id":"https:\/\/sea-rent-a-boat-vodice.com\/#website"},"datePublished":"2017-03-27T19:35:42+00:00","dateModified":"2025-07-09T13:03:45+00:00","description":"Kao na\u0161u dodatni ponudu mo\u017eete iznajmiti skije za vodu i u\u017eivati na valovima. Djeca \u0107e obo\u017eavati ovo. Unajmite Fun tube za nevjerojatnu zabavu.","breadcrumb":{"@id":"https:\/\/sea-rent-a-boat-vodice.com\/hr\/skije-za-vodu-tube\/#breadcrumb"},"inLanguage":"hr","potentialAction":[{"@type":"ReadAction","target":["https:\/\/sea-rent-a-boat-vodice.com\/hr\/skije-za-vodu-tube\/"]}]},{"@type":"BreadcrumbList","@id":"https:\/\/sea-rent-a-boat-vodice.com\/hr\/skije-za-vodu-tube\/#breadcrumb","itemListElement":[{"@type":"ListItem","position":1,"name":"Home","item":"https:\/\/sea-rent-a-boat-vodice.com\/hr\/"},{"@type":"ListItem","position":2,"name":"Skije za vodu &#038; Tube"}]},{"@type":"WebSite","@id":"https:\/\/sea-rent-a-boat-vodice.com\/#website","url":"https:\/\/sea-rent-a-boat-vodice.com\/","name":"Rent a Boat Vodice","description":"Najam atraktivnih plovila po povoljnim cijenama Vodice, Hrvatska","potentialAction":[{"@type":"SearchAction","target":{"@type":"EntryPoint","urlTemplate":"https:\/\/sea-rent-a-boat-vodice.com\/?s={search_term_string}"},"query-input":"required name=search_term_string"}],"inLanguage":"hr"}]}},"_links":{"self":[{"href":"https:\/\/sea-rent-a-boat-vodice.com\/hr\/wp-json\/wp\/v2\/pages\/2881"}],"collection":[{"href":"https:\/\/sea-rent-a-boat-vodice.com\/hr\/wp-json\/wp\/v2\/pages"}],"about":[{"href":"https:\/\/sea-rent-a-boat-vodice.com\/hr\/wp-json\/wp\/v2\/types\/page"}],"author":[{"embeddable":true,"href":"https:\/\/sea-rent-a-boat-vodice.com\/hr\/wp-json\/wp\/v2\/users\/1"}],"replies":[{"embeddable":true,"href":"https:\/\/sea-rent-a-boat-vodice.com\/hr\/wp-json\/wp\/v2\/comments?post=2881"}],"version-history":[{"count":0,"href":"https:\/\/sea-rent-a-boat-vodice.com\/hr\/wp-json\/wp\/v2\/pages\/2881\/revisions"}],"wp:featuredmedia":[{"embeddable":true,"href":"https:\/\/sea-rent-a-boat-vodice.com\/hr\/wp-json\/wp\/v2\/media\/4060"}],"wp:attachment":[{"href":"https:\/\/sea-rent-a-boat-vodice.com\/hr\/wp-json\/wp\/v2\/media?parent=2881"}],"curies":[{"name":"wp","href":"https:\/\/api.w.org\/{rel}","templated":true}]}}