{"id":2226,"date":"2015-08-09T21:57:36","date_gmt":"2015-08-09T19:57:36","guid":{"rendered":"https:\/\/sea-rent-a-boat-vodice.com\/hr\/vodice-apartments\/"},"modified":"2022-02-26T18:17:53","modified_gmt":"2022-02-26T16:17:53","slug":"apartmani-vodice","status":"publish","type":"page","link":"https:\/\/sea-rent-a-boat-vodice.com\/hr\/apartmani-vodice\/","title":{"rendered":"Apartmani Vodice"},"content":{"rendered":"<p>[vc_row css=&#8221;.vc_custom_1445515637237{margin-top: 40px !important;margin-bottom: 80px !important;}&#8221;][vc_column width=&#8221;3\/4&#8243; el_class=&#8221;front_page_boats_table&#8221;][vc_column_text]<\/p>\n<h1>Apartmani Vodice<\/h1>\n<p>Na\u0161i udobni apartmani nalaze se u mirnom dijelu Vodica, samo nekoliko minuta hoda od centra grada i glavne gradske pla\u017ee. Sva tri apartmana su funkcionalno namje\u0161tena i potpuno opremljena.[\/vc_column_text][vc_column_text]<div class=\"idea_box\" style=\"\"><div class=\"icon\"><i class=\"icon-lamp\" aria-hidden=\"true\"><\/i><\/div><div class=\"desc\">Iznajmite na\u0161 apartman i kao posebnu ponudu, <strong>dobiti \u0107ete popust<\/strong> na najam bilo kojeg od na\u0161ih brodova.<\/div><\/div>\n[\/vc_column_text][vc_row_inner][vc_column_inner width=&#8221;1\/2&#8243;]<div class=\"sliding_box\"><a href=\"https:\/\/sea-rent-a-boat-vodice.com\/hr\/apartmani-vodice\/apartman-1\/\" ><div class=\"photo_wrapper\"><img class=\"scale-with-grid\" src=\"https:\/\/sea-rent-a-boat-vodice.com\/wp-content\/uploads\/2015\/08\/apartments-vodice-a1-featured.jpg\" alt=\"Apartments Vodice\" width=\"800\" height=\"631\"\/><\/div><div class=\"desc_wrapper\"><h4>Apartman 4 + 1<\/h4><\/div><\/a><\/div>\n[\/vc_column_inner][vc_column_inner el_class=&#8221;front_page_boat_table&#8221; width=&#8221;1\/2&#8243;][vc_column_text]<\/p>\n<h4>Opis apartmana:<\/h4>\n<table>\n<tbody>\n<tr>\n<td><strong>Kapacitet<\/strong><\/td>\n<td>4 + 1 osoba<\/td>\n<\/tr>\n<tr>\n<td><strong>Povr\u0161ina<\/strong><\/td>\n<td>90 m<sup>2<\/sup><\/td>\n<\/tr>\n<tr>\n<td><strong>Spava\u0107e sobe<\/strong><\/td>\n<td>2<\/td>\n<\/tr>\n<tr>\n<td><strong>Balkon<\/strong><\/td>\n<td>Da<\/td>\n<\/tr>\n<tr>\n<td><strong>Cijena od<br \/>\n<\/strong><\/td>\n<td>70,00 \u20ac<\/td>\n<\/tr>\n<\/tbody>\n<\/table>\n<p><a class=\"button  has-icon button_left button_size_2\"  href=\"https:\/\/sea-rent-a-boat-vodice.com\/hr\/apartmani-vodice\/apartman-1\/\" style=\"background-color:#0B95B4!important;color:#ffffff;\"    ><span class=\"button_icon\"><i class=\"icon-right-open\"  style=\"color:#ffffff!important;\" aria-hidden=\"true\"><\/i><\/span><span class=\"button_label\">Apartman detaljnije &amp; Rezervacije<\/span><\/a>\n[\/vc_column_text][\/vc_column_inner][\/vc_row_inner][vc_row_inner][vc_column_inner width=&#8221;1\/2&#8243;]<div class=\"sliding_box\"><a href=\"https:\/\/sea-rent-a-boat-vodice.com\/hr\/apartmani-vodice\/apartman-2\/\" ><div class=\"photo_wrapper\"><img class=\"scale-with-grid\" src=\"https:\/\/sea-rent-a-boat-vodice.com\/wp-content\/uploads\/2015\/08\/apartments-vodice-a2-featured.jpg\" alt=\"Apartments Vodice\" width=\"800\" height=\"631\"\/><\/div><div class=\"desc_wrapper\"><h4>Apartman 2 + 1<\/h4><\/div><\/a><\/div>\n[\/vc_column_inner][vc_column_inner el_class=&#8221;front_page_boat_table&#8221; width=&#8221;1\/2&#8243;][vc_column_text]<\/p>\n<h4>Opis apartmana:<\/h4>\n<table>\n<tbody>\n<tr>\n<td><strong>Kapacitet<\/strong><\/td>\n<td>2 + 1 osoba<\/td>\n<\/tr>\n<tr>\n<td><strong>Povr\u0161ina<\/strong><\/td>\n<td>45 m<sup>2<\/sup><\/td>\n<\/tr>\n<tr>\n<td><strong>Spava\u0107e sobe<\/strong><\/td>\n<td>1<\/td>\n<\/tr>\n<tr>\n<td><strong>Balkon<\/strong><\/td>\n<td>Da<\/td>\n<\/tr>\n<tr>\n<td><strong>Cijena od<br \/>\n<\/strong><\/td>\n<td>50,00 \u20ac<\/td>\n<\/tr>\n<\/tbody>\n<\/table>\n<p><a class=\"button  has-icon button_left button_size_2\"  href=\"https:\/\/sea-rent-a-boat-vodice.com\/hr\/apartmani-vodice\/apartman-2\/\" style=\"background-color:#0B95B4!important;color:#ffffff;\"    ><span class=\"button_icon\"><i class=\"icon-right-open\"  style=\"color:#ffffff!important;\" aria-hidden=\"true\"><\/i><\/span><span class=\"button_label\">Apartman detaljnije &amp; Rezervacije<\/span><\/a>\n[\/vc_column_text][\/vc_column_inner][\/vc_row_inner][vc_row_inner][vc_column_inner width=&#8221;1\/2&#8243;]<div class=\"sliding_box\"><a href=\"https:\/\/sea-rent-a-boat-vodice.com\/hr\/apartmani-vodice\/apartman-3\/\" ><div class=\"photo_wrapper\"><img class=\"scale-with-grid\" src=\"https:\/\/sea-rent-a-boat-vodice.com\/wp-content\/uploads\/2015\/08\/apartments-vodice-a3-featured.jpg\" alt=\"Apartments Vodice\" width=\"800\" height=\"631\"\/><\/div><div class=\"desc_wrapper\"><h4>Apartman 4 + 2<\/h4><\/div><\/a><\/div>\n[\/vc_column_inner][vc_column_inner el_class=&#8221;front_page_boat_table&#8221; width=&#8221;1\/2&#8243;][vc_column_text]<\/p>\n<h4>Opis apartmana:<\/h4>\n<table>\n<tbody>\n<tr>\n<td><strong>Kapacitet<\/strong><\/td>\n<td>4 + 2 osoba<\/td>\n<\/tr>\n<tr>\n<td><strong>Povr\u0161ina<\/strong><\/td>\n<td>100 m<sup>2<\/sup><\/td>\n<\/tr>\n<tr>\n<td><strong>Spava\u0107e sobe<\/strong><\/td>\n<td>2<\/td>\n<\/tr>\n<tr>\n<td><strong>Balkon<\/strong><\/td>\n<td>Da<\/td>\n<\/tr>\n<tr>\n<td><strong>Cijena od<br \/>\n<\/strong><\/td>\n<td>75,00 \u20ac<\/td>\n<\/tr>\n<\/tbody>\n<\/table>\n<p><a class=\"button  has-icon button_left button_size_2\"  href=\"https:\/\/sea-rent-a-boat-vodice.com\/hr\/apartmani-vodice\/apartman-3\/\" style=\"background-color:#0B95B4!important;color:#ffffff;\"    ><span class=\"button_icon\"><i class=\"icon-right-open\"  style=\"color:#ffffff!important;\" aria-hidden=\"true\"><\/i><\/span><span class=\"button_label\">Apartman detaljnije &amp; Rezervacije<\/span><\/a>\n[\/vc_column_text][\/vc_column_inner][\/vc_row_inner][vc_column_text]\r\n\t\t\t\t<style type=\"text\/css\">\r\n\t\t\t\t\t.simple-social-share ul {\r\n\t\t\t\t\t\tpadding: 0px;\r\n\t\t\t\t\t\tmargin: 0px;\r\n\t\t\t\t\t}\r\n\t\t\t\t\t.simple-social-share ul li {\r\n\t\t\t\t\t\tpadding: 0px;\r\n\t\t\t\t\t\tmargin: 0px;\r\n\t\t\t\t\t\tlist-style: none;\r\n\t\t\t\t\t\tdisplay: inline-block;\r\n\t\t\t\t\t\tborder: none;\r\n\t\t\t\t\t\twidth: auto;\r\n\t\t\t\t\t} \r\n\t\t\t\t\t.simple-social-share ul li a {\r\n\t\t\t\t\t\tmargin: 2px 5px 5px 0px;\r\n\t\t\t\t\t\tcolor: #fff;\r\n\t\t\t\t\t\ttext-decoration: none;\r\n\t\t\t\t\t\tdisplay: inline-block;\r\n\t\t\t\t\t\tline-height: 34px;\r\n\t\t\t\t\t\theight: 32px;\r\n\t\t\t\t\t\twidth: auto;\r\n\t\t\t\t\t\ttext-align: center;\r\n\t\t\t\t\t\tpadding: 0px 15px;\r\n\t\t\t\t\t\tfont-size: 16px;\r\n\t\t\t\t\t}\r\n\t\t\t\t\t.simple-social-share ul li a i {\r\n\t\t\t\t\t\tcolor: #fff;\r\n\t\t\t\t\t\tfont-size: 19px;\r\n\t\t\t\t\t    margin-left: 11px;\r\n\t\t\t\t\t}\r\n\t\t\t\t\t.simple-social-share ul li.facebook-share a {\r\n\t\t\t\t\t\tbackground: #3B5999;\r\n\t\t\t\t\t}\r\n\t\t\t\t\t\r\n\t\t\t\t\t.simple-social-share ul li.twitter-share a {\r\n\t\t\t\t\t\tbackground: #59D1DF;\r\n\t\t\t\t\t}\r\n\t\t\t\t\t.simple-social-share ul li.linkedin-share a {\r\n\t\t\t\t\t\tbackground: #0077b5;\r\n\t\t\t\t\t}\r\n\t\t\t\t\t.simple-social-share ul li.pinterest-share a {\r\n\t\t\t\t\t\tbackground: #CD252B;\r\n\t\t\t\t\t}\r\n\t\t\t\t\t.simple-social-share ul li.mail-share a {\r\n\t\t\t\t\t\tbackground: #27062D;\r\n\t\t\t\t\t}\r\n\t\t\t\t<\/style><div class=\"simple-social-share\"><ul><li class=\"facebook-share\"><a href=\"javascript:void(0);\" onclick=\"window.open('http:\/\/www.facebook.com\/sharer\/sharer.php?u=https%3A%2F%2Fsea-rent-a-boat-vodice.com%2Fhr%2Fapartmani-vodice%2F&t=Apartmani+Vodice+%7C+Rent+a+Boat+Vodice','popup','width=800,height=600'); return false;\" alt=\"Facebook\" target=\"_blank\">Facebook<i class=\"fa fa-facebook\"><\/i><\/a><\/li><li class=\"twitter-share\"><a href=\"javascript:void(0);\" onclick=\"window.open('https:\/\/twitter.com\/intent\/tweet?text=Apartmani+Vodice+%7C+Rent+a+Boat+Vodice: https%3A%2F%2Fsea-rent-a-boat-vodice.com%2Fhr%2Fapartmani-vodice%2F','popup','width=800,height=600'); return false;\" alt=\"Twitter\" target=\"_blank\">Twitter<i class=\"fa fa-twitter\"><\/i><\/a><\/li><li class=\"linkedin-share\"><a href=\"javascript:void(0);\" onclick=\"window.open('https:\/\/www.linkedin.com\/shareArticle?title=Apartmani+Vodice+%7C+Rent+a+Boat+Vodice&mini=true&url=https%3A%2F%2Fsea-rent-a-boat-vodice.com%2Fhr%2Fapartmani-vodice%2F','popup','width=800,height=600'); return false;\" alt=\"LinkedIn\" target=\"_blank\">LinkedIn<i class=\"fa fa-linkedin\"><\/i><\/a><\/li><\/ul><\/div>[\/vc_column_text][\/vc_column][vc_column width=&#8221;1\/4&#8243;]<div class=\"infobox\" style=\"background-image:url(https:\/\/sea-rent-a-boat-vodice.com\/wp-content\/uploads\/2015\/08\/apartments-vodice-amenities.png);\"><h3>Pogodnosti u objektu<\/h3><div class=\"infobox_wrapper\"><span class=\"ib-desc\"><\/p>\n<ul>\n<li>Klima ure\u0111aj<\/li>\n<li>Besplatan WiFi<\/li>\n<li>Sat TV<\/li>\n<li>Parking<\/li>\n<li>Ro\u0161tilj<\/li>\n<li>Balkon<\/li>\n<\/ul>\n<p><\/span><\/div><\/div>\n<div class=\"trailer_box \"><a href=\"https:\/\/sea-rent-a-boat-vodice.com\/hr\/rent-a-boat-vodice\/\" ><img class=\"scale-with-grid\" src=\"https:\/\/sea-rent-a-boat-vodice.com\/wp-content\/uploads\/2015\/08\/boatapartment-one-price-discount.jpg\" alt=\"boat+apartment-one-price-discount\" width=\"960\" height=\"960\"\/><div class=\"desc\"><div class=\"subtitle\">Apartman + Brod<\/div><h2>Jedna cijena s popustom<\/h2><div class=\"line\"><\/div><\/div><\/a><\/div>\n<div class=\"get_in_touch\" style=\"background-image:url(https:\/\/sea-rent-a-boat-vodice.com\/wp-content\/uploads\/2015\/10\/rent-a-boat-vodice-contacts.png);\"><h3>Na\u0161i kontakti<\/h3><div class=\"get_in_touch_wrapper\"><ul><li class=\"address\"><span class=\"icon\"><i class=\"icon-location\" aria-label=\"address\"><\/i><\/span><span class=\"address_wrapper\"><b>SEA Vodice apartments<\/b><br \/>\nGrgurev A. Kukure 30<br \/>\n22211 Vodice, Hrvatska<\/span><\/li><li class=\"phone phone-1\"><span class=\"icon\"><i class=\"icon-phone\" aria-label=\"phone\"><\/i><\/span><p><a href=\"tel:+385996777184\">+385 99 677 7184<\/a><\/p><\/li><li class=\"mail\"><span class=\"icon\"><i class=\"icon-mail\" aria-label=\"mail\"><\/i><\/span><p><a href=\"mailto:sea.vodice@gmail.com\">sea.vodice@gmail.com<\/a><\/p><\/li><\/ul><\/div><\/div>\n[\/vc_column][\/vc_row][vc_row full_width=&#8221;stretch_row&#8221; parallax=&#8221;content-moving&#8221; parallax_image=&#8221;1198&#8243; css=&#8221;.vc_custom_1445510516883{padding-top: 80px !important;padding-bottom: 40px !important;}&#8221;][vc_column el_class=&#8221;front_page_top&#8221;][vc_column_text]<\/p>\n<h2><span id=\"result_box\" class=\"short_text\" lang=\"hr\"><span class=\"hps\">Zapo\u010dnite s<\/span> <span class=\"hps\">planiranjem<\/span> <span class=\"hps\">svog odmora<\/span><\/span><\/h2>\n<p>Imamo sve \u0161to \u0107e Vam biti potrebno za to. Unajmite na\u0161e udobne apartmane za ugodan boravak. Povedite svoju obitelj i prijatelje na uzbudljiv izlet brodom iznajmljivanjem na\u0161ih atraktivnih brodova. U\u010dinite svoj odmor nezaboravnim do\u017eivljajem.<\/p>\n<p style=\"text-align: center;\"><a class=\"button  has-icon button_right button_size_2\"  href=\"https:\/\/sea-rent-a-boat-vodice.com\/hr\/kontakt\/\" style=\"background-color:#e9362a!important;color:#ffffff;\"    ><span class=\"button_icon\"><i class=\"icon-right-open\"  style=\"color:#ffffff!important;\" aria-hidden=\"true\"><\/i><\/span><span class=\"button_label\">Kontaktirajte nas<\/span><\/a>\n<\/p>\n<p>[\/vc_column_text][\/vc_column][\/vc_row][vc_row full_width=&#8221;stretch_row&#8221; css=&#8221;.vc_custom_1450734312141{padding-top: 40px !important;background-color: #f9f9f9 !important;}&#8221;][vc_column width=&#8221;1\/3&#8243;]<div class=\"icon_box icon_position_left has_border\"><a class=\"\" href=\"tel:+385%2099%20677%207184\"  ><div class=\"image_wrapper\"><img class=\"scale-with-grid\" src=\"https:\/\/sea-rent-a-boat-vodice.com\/wp-content\/uploads\/2015\/10\/rent-a-boat-vodice-phone.png\" alt=\"Rent a Boat Vodice\" width=\"72\" height=\"72\"\/><\/div><div class=\"desc_wrapper\"><h4 class=\"title\">Nazovite nas danas<\/h4><div class=\"desc\">+385 99 677 7184<\/div><\/div><\/a><\/div>\n[\/vc_column][vc_column width=&#8221;1\/3&#8243;]<div class=\"icon_box icon_position_left has_border\"><a class=\"\" href=\"mailto:sea.vodice@gmail.com\"  ><div class=\"image_wrapper\"><img class=\"scale-with-grid\" src=\"https:\/\/sea-rent-a-boat-vodice.com\/wp-content\/uploads\/2015\/10\/rent-a-boat-vodice-mail.png\" alt=\"Rent a Boat Vodice\" width=\"72\" height=\"72\"\/><\/div><div class=\"desc_wrapper\"><h4 class=\"title\">Po\u0161aljite nam email<\/h4><div class=\"desc\">sea.vodice@gmail.com<\/div><\/div><\/a><\/div>\n[\/vc_column][vc_column width=&#8221;1\/3&#8243;]<div class=\"icon_box icon_position_left no_border\"><a class=\"\" href=\"https:\/\/sea-rent-a-boat-vodice.com\/hr\/kontakt\/\"  ><div class=\"image_wrapper\"><img class=\"scale-with-grid\" src=\"https:\/\/sea-rent-a-boat-vodice.com\/wp-content\/uploads\/2015\/10\/rent-a-boat-vodice-location.png\" alt=\"Rent a Boat Vodice\" width=\"72\" height=\"72\"\/><\/div><div class=\"desc_wrapper\"><h4 class=\"title\">Sea info pult<\/h4><div class=\"desc\">Obala V. Nazora, Vodice HR<\/div><\/div><\/a><\/div>\n[\/vc_column][\/vc_row]<\/p>\n","protected":false},"excerpt":{"rendered":"<p>[vc_row css=&#8221;.vc_custom_1445515637237{margin-top: 40px !important;margin-bottom: 80px !important;}&#8221;][vc_column width=&#8221;3\/4&#8243; el_class=&#8221;front_page_boats_table&#8221;][vc_column_text] Apartmani Vodice Na\u0161i udobni apartmani nalaze se u mirnom dijelu Vodica, samo nekoliko minuta hoda od centra grada<span class=\"excerpt-hellip\"> [\u2026]<\/span><\/p>\n","protected":false},"author":1,"featured_media":3732,"parent":0,"menu_order":0,"comment_status":"closed","ping_status":"closed","template":"","meta":[],"acf":[],"yoast_head":"<!-- This site is optimized with the Yoast SEO plugin v20.3 - https:\/\/yoast.com\/wordpress\/plugins\/seo\/ -->\n<title>Vodice Apartmani | Odli\u010dna lokacija i najbolja cijena<\/title>\n<meta name=\"description\" content=\"Tra\u017eite apartman u Vodicama? Imamo u ponudi nekoliko udobnih i dobro opremljenih apartmana, desetak minuta hoda od centra grada i pla\u017ee po najboljoj cijeni!\" \/>\n<meta name=\"robots\" content=\"index, follow, max-snippet:-1, max-image-preview:large, max-video-preview:-1\" \/>\n<link rel=\"canonical\" href=\"https:\/\/sea-rent-a-boat-vodice.com\/hr\/apartmani-vodice\/\" \/>\n<meta property=\"og:locale\" content=\"hr_HR\" \/>\n<meta property=\"og:type\" content=\"article\" \/>\n<meta property=\"og:title\" content=\"Vodice Apartmani | Odli\u010dna lokacija i najbolja cijena\" \/>\n<meta property=\"og:description\" content=\"Tra\u017eite apartman u Vodicama? Imamo u ponudi nekoliko udobnih i dobro opremljenih apartmana, desetak minuta hoda od centra grada i pla\u017ee po najboljoj cijeni!\" \/>\n<meta property=\"og:url\" content=\"https:\/\/sea-rent-a-boat-vodice.com\/hr\/apartmani-vodice\/\" \/>\n<meta property=\"og:site_name\" content=\"Rent a Boat Vodice\" \/>\n<meta property=\"article:modified_time\" content=\"2022-02-26T16:17:53+00:00\" \/>\n<meta property=\"og:image\" content=\"https:\/\/sea-rent-a-boat-vodice.com\/wp-content\/uploads\/2015\/08\/apartments-vodice-outside-01.jpg\" \/>\n\t<meta property=\"og:image:width\" content=\"1013\" \/>\n\t<meta property=\"og:image:height\" content=\"675\" \/>\n\t<meta property=\"og:image:type\" content=\"image\/jpeg\" \/>\n<meta name=\"twitter:card\" content=\"summary_large_image\" \/>\n<meta name=\"twitter:label1\" content=\"Procijenjeno vrijeme \u010ditanja\" \/>\n\t<meta name=\"twitter:data1\" content=\"2 minute\" \/>\n<script type=\"application\/ld+json\" class=\"yoast-schema-graph\">{\"@context\":\"https:\/\/schema.org\",\"@graph\":[{\"@type\":\"WebPage\",\"@id\":\"https:\/\/sea-rent-a-boat-vodice.com\/hr\/apartmani-vodice\/\",\"url\":\"https:\/\/sea-rent-a-boat-vodice.com\/hr\/apartmani-vodice\/\",\"name\":\"Vodice Apartmani | Odli\u010dna lokacija i najbolja cijena\",\"isPartOf\":{\"@id\":\"https:\/\/sea-rent-a-boat-vodice.com\/#website\"},\"datePublished\":\"2015-08-09T19:57:36+00:00\",\"dateModified\":\"2022-02-26T16:17:53+00:00\",\"description\":\"Tra\u017eite apartman u Vodicama? Imamo u ponudi nekoliko udobnih i dobro opremljenih apartmana, desetak minuta hoda od centra grada i pla\u017ee po najboljoj cijeni!\",\"breadcrumb\":{\"@id\":\"https:\/\/sea-rent-a-boat-vodice.com\/hr\/apartmani-vodice\/#breadcrumb\"},\"inLanguage\":\"hr\",\"potentialAction\":[{\"@type\":\"ReadAction\",\"target\":[\"https:\/\/sea-rent-a-boat-vodice.com\/hr\/apartmani-vodice\/\"]}]},{\"@type\":\"BreadcrumbList\",\"@id\":\"https:\/\/sea-rent-a-boat-vodice.com\/hr\/apartmani-vodice\/#breadcrumb\",\"itemListElement\":[{\"@type\":\"ListItem\",\"position\":1,\"name\":\"Home\",\"item\":\"https:\/\/sea-rent-a-boat-vodice.com\/hr\/\"},{\"@type\":\"ListItem\",\"position\":2,\"name\":\"Apartmani Vodice\"}]},{\"@type\":\"WebSite\",\"@id\":\"https:\/\/sea-rent-a-boat-vodice.com\/#website\",\"url\":\"https:\/\/sea-rent-a-boat-vodice.com\/\",\"name\":\"Rent a Boat Vodice\",\"description\":\"Najam atraktivnih plovila po povoljnim cijenama Vodice, Hrvatska\",\"potentialAction\":[{\"@type\":\"SearchAction\",\"target\":{\"@type\":\"EntryPoint\",\"urlTemplate\":\"https:\/\/sea-rent-a-boat-vodice.com\/?s={search_term_string}\"},\"query-input\":\"required name=search_term_string\"}],\"inLanguage\":\"hr\"}]}<\/script>\n<!-- \/ Yoast SEO plugin. -->","yoast_head_json":{"title":"Vodice Apartmani | Odli\u010dna lokacija i najbolja cijena","description":"Tra\u017eite apartman u Vodicama? Imamo u ponudi nekoliko udobnih i dobro opremljenih apartmana, desetak minuta hoda od centra grada i pla\u017ee po najboljoj cijeni!","robots":{"index":"index","follow":"follow","max-snippet":"max-snippet:-1","max-image-preview":"max-image-preview:large","max-video-preview":"max-video-preview:-1"},"canonical":"https:\/\/sea-rent-a-boat-vodice.com\/hr\/apartmani-vodice\/","og_locale":"hr_HR","og_type":"article","og_title":"Vodice Apartmani | Odli\u010dna lokacija i najbolja cijena","og_description":"Tra\u017eite apartman u Vodicama? Imamo u ponudi nekoliko udobnih i dobro opremljenih apartmana, desetak minuta hoda od centra grada i pla\u017ee po najboljoj cijeni!","og_url":"https:\/\/sea-rent-a-boat-vodice.com\/hr\/apartmani-vodice\/","og_site_name":"Rent a Boat Vodice","article_modified_time":"2022-02-26T16:17:53+00:00","og_image":[{"width":1013,"height":675,"url":"https:\/\/sea-rent-a-boat-vodice.com\/wp-content\/uploads\/2015\/08\/apartments-vodice-outside-01.jpg","type":"image\/jpeg"}],"twitter_card":"summary_large_image","twitter_misc":{"Procijenjeno vrijeme \u010ditanja":"2 minute"},"schema":{"@context":"https:\/\/schema.org","@graph":[{"@type":"WebPage","@id":"https:\/\/sea-rent-a-boat-vodice.com\/hr\/apartmani-vodice\/","url":"https:\/\/sea-rent-a-boat-vodice.com\/hr\/apartmani-vodice\/","name":"Vodice Apartmani | Odli\u010dna lokacija i najbolja cijena","isPartOf":{"@id":"https:\/\/sea-rent-a-boat-vodice.com\/#website"},"datePublished":"2015-08-09T19:57:36+00:00","dateModified":"2022-02-26T16:17:53+00:00","description":"Tra\u017eite apartman u Vodicama? Imamo u ponudi nekoliko udobnih i dobro opremljenih apartmana, desetak minuta hoda od centra grada i pla\u017ee po najboljoj cijeni!","breadcrumb":{"@id":"https:\/\/sea-rent-a-boat-vodice.com\/hr\/apartmani-vodice\/#breadcrumb"},"inLanguage":"hr","potentialAction":[{"@type":"ReadAction","target":["https:\/\/sea-rent-a-boat-vodice.com\/hr\/apartmani-vodice\/"]}]},{"@type":"BreadcrumbList","@id":"https:\/\/sea-rent-a-boat-vodice.com\/hr\/apartmani-vodice\/#breadcrumb","itemListElement":[{"@type":"ListItem","position":1,"name":"Home","item":"https:\/\/sea-rent-a-boat-vodice.com\/hr\/"},{"@type":"ListItem","position":2,"name":"Apartmani Vodice"}]},{"@type":"WebSite","@id":"https:\/\/sea-rent-a-boat-vodice.com\/#website","url":"https:\/\/sea-rent-a-boat-vodice.com\/","name":"Rent a Boat Vodice","description":"Najam atraktivnih plovila po povoljnim cijenama Vodice, Hrvatska","potentialAction":[{"@type":"SearchAction","target":{"@type":"EntryPoint","urlTemplate":"https:\/\/sea-rent-a-boat-vodice.com\/?s={search_term_string}"},"query-input":"required name=search_term_string"}],"inLanguage":"hr"}]}},"_links":{"self":[{"href":"https:\/\/sea-rent-a-boat-vodice.com\/hr\/wp-json\/wp\/v2\/pages\/2226"}],"collection":[{"href":"https:\/\/sea-rent-a-boat-vodice.com\/hr\/wp-json\/wp\/v2\/pages"}],"about":[{"href":"https:\/\/sea-rent-a-boat-vodice.com\/hr\/wp-json\/wp\/v2\/types\/page"}],"author":[{"embeddable":true,"href":"https:\/\/sea-rent-a-boat-vodice.com\/hr\/wp-json\/wp\/v2\/users\/1"}],"replies":[{"embeddable":true,"href":"https:\/\/sea-rent-a-boat-vodice.com\/hr\/wp-json\/wp\/v2\/comments?post=2226"}],"version-history":[{"count":0,"href":"https:\/\/sea-rent-a-boat-vodice.com\/hr\/wp-json\/wp\/v2\/pages\/2226\/revisions"}],"wp:featuredmedia":[{"embeddable":true,"href":"https:\/\/sea-rent-a-boat-vodice.com\/hr\/wp-json\/wp\/v2\/media\/3732"}],"wp:attachment":[{"href":"https:\/\/sea-rent-a-boat-vodice.com\/hr\/wp-json\/wp\/v2\/media?parent=2226"}],"curies":[{"name":"wp","href":"https:\/\/api.w.org\/{rel}","templated":true}]}}