{"id":2224,"date":"2015-10-08T14:15:32","date_gmt":"2015-10-08T12:15:32","guid":{"rendered":"https:\/\/sea-rent-a-boat-vodice.com\/hr\/town-vodice\/"},"modified":"2022-02-27T00:23:29","modified_gmt":"2022-02-26T22:23:29","slug":"mjesto-vodice","status":"publish","type":"page","link":"https:\/\/sea-rent-a-boat-vodice.com\/hr\/mjesto-vodice\/","title":{"rendered":"Mjesto Vodice"},"content":{"rendered":"<p>[vc_row css=&#8221;.vc_custom_1445547949790{margin-top: 40px !important;margin-bottom: 40px !important;}&#8221;][vc_column width=&#8221;3\/4&#8243;][vc_column_text]<div class=\"content_video iframe has-wh\"><iframe style=\"\" class=\"scale-with-grid\" width=\"1176\" height=\"500\" src=\"https:\/\/www.youtube.com\/embed\/znPog-BJCrg?wmode=opaque\" allowfullscreen><\/iframe>\n<\/div>\n[\/vc_column_text][vc_column_text]<\/p>\n<h1>O Vodicama<\/h1>\n<p>Vodice su turisti\u010dko sredi\u0161te, poznato po svojoj \u017eivosti, raznolikosti turisti\u010dke ponude i ljubaznim doma\u0107inima. Smje\u0161tene su na obali, u \u0161irokom zaljevu, 11 km sjeverozapadno od \u0160ibenika, centra \u0160ibensko-kninske \u017eupanije. Vodice danas broje 10.000 stanovnika i idealno su mjesto za odmor gdje \u0107e svatko prona\u0107i ne\u0161to za sebe.<\/p>\n<p>Tijekom ljeta, Vodice postaju uzbudljivo mjesto, nude\u0107i brojne aktivnosti za svoje posjetitelje. Bilo da volite sport i rekreaciju, sportove na vodi, dobru hranu, glazbene festivale, mediteranski ambijent, no\u0107ni \u017eivot ili samo jednostavan obiteljski odmor, sigurno \u0107ete prona\u0107i ne\u0161to za sebe u Vodicama.[\/vc_column_text][vc_media_grid style=&#8221;load-more&#8221; items_per_page=&#8221;4&#8243; element_width=&#8221;3&#8243; gap=&#8221;20&#8243; btn_title=&#8221;Vi\u0161e fotografija&#8221; btn_style=&#8221;modern&#8221; btn_shape=&#8221;square&#8221; btn_color=&#8221;default&#8221; btn_size=&#8221;xs&#8221; btn_i_icon_fontawesome=&#8221;fas fa-camera&#8221; btn_add_icon=&#8221;true&#8221; grid_id=&#8221;vc_gid:1645914198122-b9561814ffa67691abe9766f5b84f52f-1&#8243; include=&#8221;1654,1763,1648,1643,1642,1641,1640,1639,1638,1636,1635,1634,1633,1632,1631,1624,1625,1626,1627,1628,1629,1630,1623,1622,1621,1620,1672,1619,1617,1616,1615,1614,1612,1610,1599,1644&#8243;][vc_column_text]<\/p>\n<h2><\/h2>\n<h2>Klima<\/h2>\n<p>Do\u0111ite u Hrvatsku i u\u017eivajte u trima razli\u010ditim klimatskim zonama.<\/p>\n<p>Na obali prevladava ugodna sredozemna klima uz velik broj sun\u010danih dana godi\u0161nje. Ljeta su vru\u0107a i suha, a zime blage i vla\u017ene.<\/p>\n<p>Temperature su u blagom padu kako se kre\u0107ete prema unutra\u0161njosti gdje prevladava kontinentalna umjerena klima.<\/p>\n<p>Na visinama iznad 1200 do\u010dekat \u0107e vas svje\u017e planinski zrak, gdje u ljetnim mjesecima temperatura iznosi oko 13 \u00baC.[\/vc_column_text][vc_column_text]<\/p>\n<h2>Hrvatska<\/h2>\n<p>Povr\u0161ina nacionalnog teritorija Hrvatske iznosi 56 594 km2 s 31 479 km2 priobalne vode prigodne za jedrenje, plivanje i ronjenje.<\/p>\n<p>Hrvatska zauzima najve\u0107i dio isto\u010dne obale Jadranskoga mora koje, kao dio Sredozemnoga mora, duboko prodire u europski kontinent.<\/p>\n<p>Uski planinski lanac Dinara razdvaja sredozemnu regiju Hrvatske od srednjoeuropskoga kontinentalnog dijela, koji se prostire od isto\u010dnih rubova Alpa na sjeverozapadu do obala Dunava na istoku, obuhva\u0107aju\u0107i ju\u017eni dio plodne Panonske nizine.<\/p>\n<p>A ako vam ljepota tih krajolika nije dovoljna, otkrit \u0107emo ne\u0161to osvje\u017eavaju\u0107e: voda iz slavine pitka je u cijeloj Hrvatskoj.<\/p>\n<h2><\/h2>\n<p>[\/vc_column_text][vc_column_text]\r\n\t\t\t\t<style type=\"text\/css\">\r\n\t\t\t\t\t.simple-social-share ul {\r\n\t\t\t\t\t\tpadding: 0px;\r\n\t\t\t\t\t\tmargin: 0px;\r\n\t\t\t\t\t}\r\n\t\t\t\t\t.simple-social-share ul li {\r\n\t\t\t\t\t\tpadding: 0px;\r\n\t\t\t\t\t\tmargin: 0px;\r\n\t\t\t\t\t\tlist-style: none;\r\n\t\t\t\t\t\tdisplay: inline-block;\r\n\t\t\t\t\t\tborder: none;\r\n\t\t\t\t\t\twidth: auto;\r\n\t\t\t\t\t} \r\n\t\t\t\t\t.simple-social-share ul li a {\r\n\t\t\t\t\t\tmargin: 2px 5px 5px 0px;\r\n\t\t\t\t\t\tcolor: #fff;\r\n\t\t\t\t\t\ttext-decoration: none;\r\n\t\t\t\t\t\tdisplay: inline-block;\r\n\t\t\t\t\t\tline-height: 34px;\r\n\t\t\t\t\t\theight: 32px;\r\n\t\t\t\t\t\twidth: auto;\r\n\t\t\t\t\t\ttext-align: center;\r\n\t\t\t\t\t\tpadding: 0px 15px;\r\n\t\t\t\t\t\tfont-size: 16px;\r\n\t\t\t\t\t}\r\n\t\t\t\t\t.simple-social-share ul li a i {\r\n\t\t\t\t\t\tcolor: #fff;\r\n\t\t\t\t\t\tfont-size: 19px;\r\n\t\t\t\t\t    margin-left: 11px;\r\n\t\t\t\t\t}\r\n\t\t\t\t\t.simple-social-share ul li.facebook-share a {\r\n\t\t\t\t\t\tbackground: #3B5999;\r\n\t\t\t\t\t}\r\n\t\t\t\t\t\r\n\t\t\t\t\t.simple-social-share ul li.twitter-share a {\r\n\t\t\t\t\t\tbackground: #59D1DF;\r\n\t\t\t\t\t}\r\n\t\t\t\t\t.simple-social-share ul li.linkedin-share a {\r\n\t\t\t\t\t\tbackground: #0077b5;\r\n\t\t\t\t\t}\r\n\t\t\t\t\t.simple-social-share ul li.pinterest-share a {\r\n\t\t\t\t\t\tbackground: #CD252B;\r\n\t\t\t\t\t}\r\n\t\t\t\t\t.simple-social-share ul li.mail-share a {\r\n\t\t\t\t\t\tbackground: #27062D;\r\n\t\t\t\t\t}\r\n\t\t\t\t<\/style><div class=\"simple-social-share\"><ul><li class=\"facebook-share\"><a href=\"javascript:void(0);\" onclick=\"window.open('http:\/\/www.facebook.com\/sharer\/sharer.php?u=https%3A%2F%2Fsea-rent-a-boat-vodice.com%2Fhr%2Fmjesto-vodice%2F&t=Mjesto+Vodice+%7C+Rent+a+Boat+Vodice','popup','width=800,height=600'); return false;\" alt=\"Facebook\" target=\"_blank\">Facebook<i class=\"fa fa-facebook\"><\/i><\/a><\/li><li class=\"twitter-share\"><a href=\"javascript:void(0);\" onclick=\"window.open('https:\/\/twitter.com\/intent\/tweet?text=Mjesto+Vodice+%7C+Rent+a+Boat+Vodice: https%3A%2F%2Fsea-rent-a-boat-vodice.com%2Fhr%2Fmjesto-vodice%2F','popup','width=800,height=600'); return false;\" alt=\"Twitter\" target=\"_blank\">Twitter<i class=\"fa fa-twitter\"><\/i><\/a><\/li><li class=\"linkedin-share\"><a href=\"javascript:void(0);\" onclick=\"window.open('https:\/\/www.linkedin.com\/shareArticle?title=Mjesto+Vodice+%7C+Rent+a+Boat+Vodice&mini=true&url=https%3A%2F%2Fsea-rent-a-boat-vodice.com%2Fhr%2Fmjesto-vodice%2F','popup','width=800,height=600'); return false;\" alt=\"LinkedIn\" target=\"_blank\">LinkedIn<i class=\"fa fa-linkedin\"><\/i><\/a><\/li><\/ul><\/div>[\/vc_column_text][\/vc_column][vc_column width=&#8221;1\/4&#8243;]<div class=\"get_in_touch\" style=\"background-image:url(https:\/\/sea-rent-a-boat-vodice.com\/wp-content\/uploads\/2015\/10\/rent-a-boat-vodice-contacts.png);\"><h3>Na\u0161i kontakti<\/h3><div class=\"get_in_touch_wrapper\"><ul><li class=\"address\"><span class=\"icon\"><i class=\"icon-location\" aria-label=\"address\"><\/i><\/span><span class=\"address_wrapper\"><b>SEA Boats Vodice<\/b><br \/>\nObala V. Nazora BB<br \/>\n22211 Vodice, Hrvatska<\/span><\/li><li class=\"phone phone-1\"><span class=\"icon\"><i class=\"icon-phone\" aria-label=\"phone\"><\/i><\/span><p><a href=\"tel:+385996777184\">+385 99 677 7184<\/a><\/p><\/li><li class=\"mail\"><span class=\"icon\"><i class=\"icon-mail\" aria-label=\"mail\"><\/i><\/span><p><a href=\"mailto:sea.vodice@gmail.com\">sea.vodice@gmail.com<\/a><\/p><\/li><\/ul><\/div><\/div>\n<div class=\"opening_hours\" style=\"background-image:url(https:\/\/sea-rent-a-boat-vodice.com\/wp-content\/uploads\/2015\/10\/rent-a-boat-vodice-opening-hours.png);\"><h3>Radno vrijeme<\/h3><div class=\"opening_hours_wrapper\"><span class=\"ohw-desc\">Sea info pult radno vrijeme:<\/p>\n<ul>\n<li><label>Ponedjeljak &#8211; Nedjelja<\/label><br \/>\n08<sup>00<\/sup> &#8211; 14<sup>00<\/sup><br \/>\n17<sup>00<\/sup> &#8211; 22<sup>00<\/sup><\/li>\n<\/ul>\n<p>Ako nas niste prona\u0161li na info pultu nazovite nas ili nam po\u0161aljite email. Rado \u0107emo se \u010duti sa Vama.<\/span><\/div><\/div>\n<div class=\"trailer_box \"><a href=\"https:\/\/sea-rent-a-boat-vodice.com\/hr\/apartmani-vodice\/\" ><img class=\"scale-with-grid\" src=\"https:\/\/sea-rent-a-boat-vodice.com\/wp-content\/uploads\/2015\/08\/boatapartment-one-price-discount.jpg\" alt=\"boat+apartment-one-price-discount\" width=\"960\" height=\"960\"\/><div class=\"desc\"><div class=\"subtitle\">Apartman + Brod<\/div><h2>Jedna cijena s popustom<\/h2><div class=\"line\"><\/div><\/div><\/a><\/div>\n[\/vc_column][\/vc_row][vc_row css=&#8221;.vc_custom_1445609645089{margin-bottom: 80px !important;}&#8221;][vc_column width=&#8221;1\/2&#8243; el_class=&#8221;style-simple&#8221;]<div class=\"sliding_box\"><a href=\"https:\/\/sea-rent-a-boat-vodice.com\/hr\/rent-a-boat-vodice\/\" ><div class=\"photo_wrapper\"><img class=\"scale-with-grid\" src=\"https:\/\/sea-rent-a-boat-vodice.com\/wp-content\/uploads\/2015\/10\/vodice-rent-a-boat-link.jpg\" alt=\"Sea Rent a Boat Vodice\" width=\"620\" height=\"240\"\/><\/div><div class=\"desc_wrapper\"><h4>Rent a Boat Vodice<\/h4><\/div><\/a><\/div>\n[\/vc_column][vc_column width=&#8221;1\/2&#8243; el_class=&#8221;style-simple&#8221;]<div class=\"sliding_box\"><a href=\"https:\/\/sea-rent-a-boat-vodice.com\/hr\/apartmani-vodice\/\" ><div class=\"photo_wrapper\"><img class=\"scale-with-grid\" src=\"https:\/\/sea-rent-a-boat-vodice.com\/wp-content\/uploads\/2015\/10\/apartments-vodice-outside-link.jpg\" alt=\"Rent Apartments Vodice\" width=\"620\" height=\"240\"\/><\/div><div class=\"desc_wrapper\"><h4>Najam apartmana Vodice<\/h4><\/div><\/a><\/div>\n[\/vc_column][\/vc_row][vc_row full_width=&#8221;stretch_row&#8221; css=&#8221;.vc_custom_1450734312141{padding-top: 40px !important;background-color: #f9f9f9 !important;}&#8221;][vc_column width=&#8221;1\/3&#8243;]<div class=\"icon_box icon_position_left has_border\"><a class=\"\" href=\"tel:+385%2099%20677%207184\"  ><div class=\"image_wrapper\"><img class=\"scale-with-grid\" src=\"https:\/\/sea-rent-a-boat-vodice.com\/wp-content\/uploads\/2015\/10\/rent-a-boat-vodice-phone.png\" alt=\"Rent a Boat Vodice\" width=\"72\" height=\"72\"\/><\/div><div class=\"desc_wrapper\"><h4 class=\"title\">Nazovite nas danas<\/h4><div class=\"desc\">+385 99 677 7184<\/div><\/div><\/a><\/div>\n[\/vc_column][vc_column width=&#8221;1\/3&#8243;]<div class=\"icon_box icon_position_left has_border\"><a class=\"\" href=\"mailto:sea.vodice@gmail.com\"  ><div class=\"image_wrapper\"><img class=\"scale-with-grid\" src=\"https:\/\/sea-rent-a-boat-vodice.com\/wp-content\/uploads\/2015\/10\/rent-a-boat-vodice-mail.png\" alt=\"Rent a Boat Vodice\" width=\"72\" height=\"72\"\/><\/div><div class=\"desc_wrapper\"><h4 class=\"title\">Po\u0161aljite nam email<\/h4><div class=\"desc\">sea.vodice@gmail.com<\/div><\/div><\/a><\/div>\n[\/vc_column][vc_column width=&#8221;1\/3&#8243;]<div class=\"icon_box icon_position_left no_border\"><a class=\"\" href=\"https:\/\/sea-rent-a-boat-vodice.com\/hr\/kontakt\/\"  ><div class=\"image_wrapper\"><img class=\"scale-with-grid\" src=\"https:\/\/sea-rent-a-boat-vodice.com\/wp-content\/uploads\/2015\/10\/rent-a-boat-vodice-location.png\" alt=\"Rent a Boat Vodice\" width=\"72\" height=\"72\"\/><\/div><div class=\"desc_wrapper\"><h4 class=\"title\">Sea info pult<\/h4><div class=\"desc\">Obala V. Nazora, Vodice HR<\/div><\/div><\/a><\/div>\n[\/vc_column][\/vc_row]<\/p>\n","protected":false},"excerpt":{"rendered":"<p>[vc_row css=&#8221;.vc_custom_1445547949790{margin-top: 40px !important;margin-bottom: 40px !important;}&#8221;][vc_column width=&#8221;3\/4&#8243;][vc_column_text][\/vc_column_text][vc_column_text] O Vodicama Vodice su turisti\u010dko sredi\u0161te, poznato po svojoj \u017eivosti, raznolikosti turisti\u010dke ponude i ljubaznim doma\u0107inima. Smje\u0161tene su na<span class=\"excerpt-hellip\"> [\u2026]<\/span><\/p>\n","protected":false},"author":1,"featured_media":3682,"parent":0,"menu_order":0,"comment_status":"closed","ping_status":"closed","template":"","meta":[],"acf":[],"yoast_head":"<!-- This site is optimized with the Yoast SEO plugin v20.3 - https:\/\/yoast.com\/wordpress\/plugins\/seo\/ -->\n<title>Vodice | Rent a Boat &amp; Apartmani<\/title>\n<meta name=\"description\" content=\"Ako volite rekreaciju, sportove na vodi, dobru hranu, festivale, mediteranski ambijent, no\u0107ni \u017eivot ili obiteljski odmor, Vodice su pravo mjesto za Vas.\" \/>\n<meta name=\"robots\" content=\"index, follow, max-snippet:-1, max-image-preview:large, max-video-preview:-1\" \/>\n<link rel=\"canonical\" href=\"https:\/\/sea-rent-a-boat-vodice.com\/hr\/mjesto-vodice\/\" \/>\n<meta property=\"og:locale\" content=\"hr_HR\" \/>\n<meta property=\"og:type\" content=\"article\" \/>\n<meta property=\"og:title\" content=\"Vodice | Rent a Boat &amp; Apartmani\" \/>\n<meta property=\"og:description\" content=\"Ako volite rekreaciju, sportove na vodi, dobru hranu, festivale, mediteranski ambijent, no\u0107ni \u017eivot ili obiteljski odmor, Vodice su pravo mjesto za Vas.\" \/>\n<meta property=\"og:url\" content=\"https:\/\/sea-rent-a-boat-vodice.com\/hr\/mjesto-vodice\/\" \/>\n<meta property=\"og:site_name\" content=\"Rent a Boat Vodice\" \/>\n<meta property=\"article:modified_time\" content=\"2022-02-26T22:23:29+00:00\" \/>\n<meta property=\"og:image\" content=\"https:\/\/sea-rent-a-boat-vodice.com\/wp-content\/uploads\/2015\/10\/rent-a-boat-apartments-vodice-20.jpg\" \/>\n\t<meta property=\"og:image:width\" content=\"1200\" \/>\n\t<meta property=\"og:image:height\" content=\"675\" \/>\n\t<meta property=\"og:image:type\" content=\"image\/jpeg\" \/>\n<meta name=\"twitter:card\" content=\"summary_large_image\" \/>\n<meta name=\"twitter:label1\" content=\"Procijenjeno vrijeme \u010ditanja\" \/>\n\t<meta name=\"twitter:data1\" content=\"2 minute\" \/>\n<script type=\"application\/ld+json\" class=\"yoast-schema-graph\">{\"@context\":\"https:\/\/schema.org\",\"@graph\":[{\"@type\":\"WebPage\",\"@id\":\"https:\/\/sea-rent-a-boat-vodice.com\/hr\/mjesto-vodice\/\",\"url\":\"https:\/\/sea-rent-a-boat-vodice.com\/hr\/mjesto-vodice\/\",\"name\":\"Vodice | Rent a Boat & Apartmani\",\"isPartOf\":{\"@id\":\"https:\/\/sea-rent-a-boat-vodice.com\/#website\"},\"datePublished\":\"2015-10-08T12:15:32+00:00\",\"dateModified\":\"2022-02-26T22:23:29+00:00\",\"description\":\"Ako volite rekreaciju, sportove na vodi, dobru hranu, festivale, mediteranski ambijent, no\u0107ni \u017eivot ili obiteljski odmor, Vodice su pravo mjesto za Vas.\",\"breadcrumb\":{\"@id\":\"https:\/\/sea-rent-a-boat-vodice.com\/hr\/mjesto-vodice\/#breadcrumb\"},\"inLanguage\":\"hr\",\"potentialAction\":[{\"@type\":\"ReadAction\",\"target\":[\"https:\/\/sea-rent-a-boat-vodice.com\/hr\/mjesto-vodice\/\"]}]},{\"@type\":\"BreadcrumbList\",\"@id\":\"https:\/\/sea-rent-a-boat-vodice.com\/hr\/mjesto-vodice\/#breadcrumb\",\"itemListElement\":[{\"@type\":\"ListItem\",\"position\":1,\"name\":\"Home\",\"item\":\"https:\/\/sea-rent-a-boat-vodice.com\/hr\/\"},{\"@type\":\"ListItem\",\"position\":2,\"name\":\"Mjesto Vodice\"}]},{\"@type\":\"WebSite\",\"@id\":\"https:\/\/sea-rent-a-boat-vodice.com\/#website\",\"url\":\"https:\/\/sea-rent-a-boat-vodice.com\/\",\"name\":\"Rent a Boat Vodice\",\"description\":\"Najam atraktivnih plovila po povoljnim cijenama Vodice, Hrvatska\",\"potentialAction\":[{\"@type\":\"SearchAction\",\"target\":{\"@type\":\"EntryPoint\",\"urlTemplate\":\"https:\/\/sea-rent-a-boat-vodice.com\/?s={search_term_string}\"},\"query-input\":\"required name=search_term_string\"}],\"inLanguage\":\"hr\"}]}<\/script>\n<!-- \/ Yoast SEO plugin. -->","yoast_head_json":{"title":"Vodice | Rent a Boat & Apartmani","description":"Ako volite rekreaciju, sportove na vodi, dobru hranu, festivale, mediteranski ambijent, no\u0107ni \u017eivot ili obiteljski odmor, Vodice su pravo mjesto za Vas.","robots":{"index":"index","follow":"follow","max-snippet":"max-snippet:-1","max-image-preview":"max-image-preview:large","max-video-preview":"max-video-preview:-1"},"canonical":"https:\/\/sea-rent-a-boat-vodice.com\/hr\/mjesto-vodice\/","og_locale":"hr_HR","og_type":"article","og_title":"Vodice | Rent a Boat & Apartmani","og_description":"Ako volite rekreaciju, sportove na vodi, dobru hranu, festivale, mediteranski ambijent, no\u0107ni \u017eivot ili obiteljski odmor, Vodice su pravo mjesto za Vas.","og_url":"https:\/\/sea-rent-a-boat-vodice.com\/hr\/mjesto-vodice\/","og_site_name":"Rent a Boat Vodice","article_modified_time":"2022-02-26T22:23:29+00:00","og_image":[{"width":1200,"height":675,"url":"https:\/\/sea-rent-a-boat-vodice.com\/wp-content\/uploads\/2015\/10\/rent-a-boat-apartments-vodice-20.jpg","type":"image\/jpeg"}],"twitter_card":"summary_large_image","twitter_misc":{"Procijenjeno vrijeme \u010ditanja":"2 minute"},"schema":{"@context":"https:\/\/schema.org","@graph":[{"@type":"WebPage","@id":"https:\/\/sea-rent-a-boat-vodice.com\/hr\/mjesto-vodice\/","url":"https:\/\/sea-rent-a-boat-vodice.com\/hr\/mjesto-vodice\/","name":"Vodice | Rent a Boat & Apartmani","isPartOf":{"@id":"https:\/\/sea-rent-a-boat-vodice.com\/#website"},"datePublished":"2015-10-08T12:15:32+00:00","dateModified":"2022-02-26T22:23:29+00:00","description":"Ako volite rekreaciju, sportove na vodi, dobru hranu, festivale, mediteranski ambijent, no\u0107ni \u017eivot ili obiteljski odmor, Vodice su pravo mjesto za Vas.","breadcrumb":{"@id":"https:\/\/sea-rent-a-boat-vodice.com\/hr\/mjesto-vodice\/#breadcrumb"},"inLanguage":"hr","potentialAction":[{"@type":"ReadAction","target":["https:\/\/sea-rent-a-boat-vodice.com\/hr\/mjesto-vodice\/"]}]},{"@type":"BreadcrumbList","@id":"https:\/\/sea-rent-a-boat-vodice.com\/hr\/mjesto-vodice\/#breadcrumb","itemListElement":[{"@type":"ListItem","position":1,"name":"Home","item":"https:\/\/sea-rent-a-boat-vodice.com\/hr\/"},{"@type":"ListItem","position":2,"name":"Mjesto Vodice"}]},{"@type":"WebSite","@id":"https:\/\/sea-rent-a-boat-vodice.com\/#website","url":"https:\/\/sea-rent-a-boat-vodice.com\/","name":"Rent a Boat Vodice","description":"Najam atraktivnih plovila po povoljnim cijenama Vodice, Hrvatska","potentialAction":[{"@type":"SearchAction","target":{"@type":"EntryPoint","urlTemplate":"https:\/\/sea-rent-a-boat-vodice.com\/?s={search_term_string}"},"query-input":"required name=search_term_string"}],"inLanguage":"hr"}]}},"_links":{"self":[{"href":"https:\/\/sea-rent-a-boat-vodice.com\/hr\/wp-json\/wp\/v2\/pages\/2224"}],"collection":[{"href":"https:\/\/sea-rent-a-boat-vodice.com\/hr\/wp-json\/wp\/v2\/pages"}],"about":[{"href":"https:\/\/sea-rent-a-boat-vodice.com\/hr\/wp-json\/wp\/v2\/types\/page"}],"author":[{"embeddable":true,"href":"https:\/\/sea-rent-a-boat-vodice.com\/hr\/wp-json\/wp\/v2\/users\/1"}],"replies":[{"embeddable":true,"href":"https:\/\/sea-rent-a-boat-vodice.com\/hr\/wp-json\/wp\/v2\/comments?post=2224"}],"version-history":[{"count":0,"href":"https:\/\/sea-rent-a-boat-vodice.com\/hr\/wp-json\/wp\/v2\/pages\/2224\/revisions"}],"wp:featuredmedia":[{"embeddable":true,"href":"https:\/\/sea-rent-a-boat-vodice.com\/hr\/wp-json\/wp\/v2\/media\/3682"}],"wp:attachment":[{"href":"https:\/\/sea-rent-a-boat-vodice.com\/hr\/wp-json\/wp\/v2\/media?parent=2224"}],"curies":[{"name":"wp","href":"https:\/\/api.w.org\/{rel}","templated":true}]}}