{"id":2220,"date":"2015-08-09T22:00:50","date_gmt":"2015-08-09T20:00:50","guid":{"rendered":"https:\/\/sea-rent-a-boat-vodice.com\/hr\/vodice-aquatorium\/"},"modified":"2022-07-05T20:19:40","modified_gmt":"2022-07-05T18:19:40","slug":"vodice-akvatorij","status":"publish","type":"page","link":"https:\/\/sea-rent-a-boat-vodice.com\/hr\/vodice-akvatorij\/","title":{"rendered":"Vodice akvatorij"},"content":{"rendered":"<p>[vc_row css=&#8221;.vc_custom_1445602198018{margin-top: 40px !important;margin-bottom: 40px !important;}&#8221;][vc_column width=&#8221;3\/4&#8243;][vc_column_text]<div class=\"content_video iframe has-wh\"><iframe style=\"\" class=\"scale-with-grid\" width=\"1176\" height=\"500\" src=\"https:\/\/www.youtube.com\/embed\/jOk9BCzMskg?wmode=opaque\" allowfullscreen><\/iframe>\n<\/div>\n[\/vc_column_text][vc_column_text]<\/p>\n<h1>Nacionalni park Kornati<\/h1>\n<p>Kornati su netaknuta oaza za one koji \u017eele u\u017eivati u kupanju u kristalno \u010distom moru, netaknutoj prirodi i gdje se mogu, u blagotvornoj osami, opustiti i okrijepiti du\u0161u prije povratka u vanjski svijet.<\/p>\n<p>Kornati se sastoje od 147 otoka, oto\u010di\u0107a i hridi ukupne povr\u0161ine 69 km2, a prostiru se od Dugog otoka do \u017dirja na ukupnoj povr\u0161ini od 320 km2. Od toga nacionalni park obuhva\u0107a 89 otoka u ukupnoj povr\u0161ini 220 km2. Kornatsko oto\u010dje ime je dobilo po najve\u0107em otoku &#8211; Kornatu.<\/p>\n<p>Sjeverne obale razvedenije su i bla\u017ee od ju\u017enih koje se gotovo vertikalno spu\u0161taju u more. Na otocima nema vodenih tokova, a prekriveni su oskudnim raslinjem-grmljem i travom. Brojni arheolo\u0161ki nalazi svjedo\u010de o naseljenosti Kornata jo\u0161 u prapovijesti.[\/vc_column_text][vc_media_grid style=&#8221;load-more&#8221; items_per_page=&#8221;4&#8243; element_width=&#8221;3&#8243; gap=&#8221;20&#8243; btn_title=&#8221;Vi\u0161e fotografija&#8221; btn_style=&#8221;modern&#8221; btn_shape=&#8221;square&#8221; btn_color=&#8221;default&#8221; btn_size=&#8221;xs&#8221; btn_i_icon_fontawesome=&#8221;fas fa-camera&#8221; btn_add_icon=&#8221;true&#8221; grid_id=&#8221;vc_gid:1657045071053-c7625a40-6c84-0&#8243; include=&#8221;1654,1763,1648,1643,1642,1641,1640,1639,1638,1636,1635,1634,1633,1632,1631,1624,1625,1626,1627,1628,1629,1630,1623,1622,1621,1620,1672,1619,1617,1616,1615,1614,1612,1610,1599,1644&#8243;][vc_column_text]<\/p>\n<h2>Jadranska obala<\/h2>\n<p>Jadransko more pru\u017ea se u smjeru sjeverozapad &#8211; jugoistok i obuhva\u0107a prostor izme\u0111u Balkanskog i Apeninskog poluotoka, u du\u017eini 783 km. Prosje\u010dna \u0161irina Jadrankog mora je 170 km, a dubina 252 m &#8211; u sjeverozapadnom dijelu je plitko, a na ju\u017enom dijelu je mnogo dublje. Hrvatskoj pripada prostor isto\u010dne obale, koja se prostire od Prevlake na jugu do rta Savudrije na zapadu, uklju\u010duju\u0107i sve otoke, oto\u010di\u0107e i hridi du\u017e obale, te oto\u010dje Palagru\u017ea.<\/p>\n<p>Hrvatska obala je jedna od najrazvedenijih obala u svijetu, sa 1185 otoka, oto\u010di\u0107a i grebena. Najve\u0107i otok je Krk, a ostali ve\u0107i otoci su Cres, Bra\u010d, Hvar, Pag i Kor\u010dula. Najve\u0107i poluotoci su Istra i Pelje\u0161ac, a najve\u0107i zaljev je Kvarnerski zaljev. Du\u017eina morske obale zajedno sa otocima, oto\u010di\u0107ima i grebenima iznosi 5.835 km.[\/vc_column_text][vc_column_text]Klima je na sjeveru Hrvatske kontinentalna, centralna Hrvatska ima pretplaninsku i planinsku klimu, a u primorskom dijelu klima je mediteranska (sa suhim i toplim ljetima te vla\u017enim i blagim zimama). Zimska temperatura kre\u0107e se od -1\u00b0 do 30\u00b0 C u kontinentalnoj zoni, 5\u00b0 do 0\u00b0 C u planinskom predjelu i od 5\u00b0 do 10\u00b0 C u priobalju. Ljetne se temperature kre\u0107u od 22\u00b0 do 26\u00b0 C u kontinentalnom dijelu zemlje, 15\u00b0 do 20 \u00b0 C u planinskoj regiji i od 26\u00b0 do 30\u00b0 C u obalnoj regiji. S prosje\u010dno 2.600 sun\u010danih sati u godini jadranska je obala jedna od najsun\u010danijih u Sredozemlju, a temperatura mora ljeti je od 25\u00b0 do 27\u00b0 C.<\/p>\n<p>Najpoznatiji vjetrovi su bura, sjeveroisto\u010dni vjetar koji donosi hladno\u0107u, maestral koji je znak lijepog vremena i obi\u010dno po\u010dinje puhati oko 11 sati i jugo, vla\u017ean vjetar koji pu\u0161e sa jugoistoka.[vc_column_text]\r\n\t\t\t\t<style type=\"text\/css\">\r\n\t\t\t\t\t.simple-social-share ul {\r\n\t\t\t\t\t\tpadding: 0px;\r\n\t\t\t\t\t\tmargin: 0px;\r\n\t\t\t\t\t}\r\n\t\t\t\t\t.simple-social-share ul li {\r\n\t\t\t\t\t\tpadding: 0px;\r\n\t\t\t\t\t\tmargin: 0px;\r\n\t\t\t\t\t\tlist-style: none;\r\n\t\t\t\t\t\tdisplay: inline-block;\r\n\t\t\t\t\t\tborder: none;\r\n\t\t\t\t\t\twidth: auto;\r\n\t\t\t\t\t} \r\n\t\t\t\t\t.simple-social-share ul li a {\r\n\t\t\t\t\t\tmargin: 2px 5px 5px 0px;\r\n\t\t\t\t\t\tcolor: #fff;\r\n\t\t\t\t\t\ttext-decoration: none;\r\n\t\t\t\t\t\tdisplay: inline-block;\r\n\t\t\t\t\t\tline-height: 34px;\r\n\t\t\t\t\t\theight: 32px;\r\n\t\t\t\t\t\twidth: auto;\r\n\t\t\t\t\t\ttext-align: center;\r\n\t\t\t\t\t\tpadding: 0px 15px;\r\n\t\t\t\t\t\tfont-size: 16px;\r\n\t\t\t\t\t}\r\n\t\t\t\t\t.simple-social-share ul li a i {\r\n\t\t\t\t\t\tcolor: #fff;\r\n\t\t\t\t\t\tfont-size: 19px;\r\n\t\t\t\t\t    margin-left: 11px;\r\n\t\t\t\t\t}\r\n\t\t\t\t\t.simple-social-share ul li.facebook-share a {\r\n\t\t\t\t\t\tbackground: #3B5999;\r\n\t\t\t\t\t}\r\n\t\t\t\t\t\r\n\t\t\t\t\t.simple-social-share ul li.twitter-share a {\r\n\t\t\t\t\t\tbackground: #59D1DF;\r\n\t\t\t\t\t}\r\n\t\t\t\t\t.simple-social-share ul li.linkedin-share a {\r\n\t\t\t\t\t\tbackground: #0077b5;\r\n\t\t\t\t\t}\r\n\t\t\t\t\t.simple-social-share ul li.pinterest-share a {\r\n\t\t\t\t\t\tbackground: #CD252B;\r\n\t\t\t\t\t}\r\n\t\t\t\t\t.simple-social-share ul li.mail-share a {\r\n\t\t\t\t\t\tbackground: #27062D;\r\n\t\t\t\t\t}\r\n\t\t\t\t<\/style><div class=\"simple-social-share\"><ul><li class=\"facebook-share\"><a href=\"javascript:void(0);\" onclick=\"window.open('http:\/\/www.facebook.com\/sharer\/sharer.php?u=https%3A%2F%2Fsea-rent-a-boat-vodice.com%2Fhr%2Fvodice-akvatorij%2F&t=Vodice+akvatorij+%7C+Rent+a+Boat+Vodice','popup','width=800,height=600'); return false;\" alt=\"Facebook\" target=\"_blank\">Facebook<i class=\"fa fa-facebook\"><\/i><\/a><\/li><li class=\"twitter-share\"><a href=\"javascript:void(0);\" onclick=\"window.open('https:\/\/twitter.com\/intent\/tweet?text=Vodice+akvatorij+%7C+Rent+a+Boat+Vodice: https%3A%2F%2Fsea-rent-a-boat-vodice.com%2Fhr%2Fvodice-akvatorij%2F','popup','width=800,height=600'); return false;\" alt=\"Twitter\" target=\"_blank\">Twitter<i class=\"fa fa-twitter\"><\/i><\/a><\/li><li class=\"linkedin-share\"><a href=\"javascript:void(0);\" onclick=\"window.open('https:\/\/www.linkedin.com\/shareArticle?title=Vodice+akvatorij+%7C+Rent+a+Boat+Vodice&mini=true&url=https%3A%2F%2Fsea-rent-a-boat-vodice.com%2Fhr%2Fvodice-akvatorij%2F','popup','width=800,height=600'); return false;\" alt=\"LinkedIn\" target=\"_blank\">LinkedIn<i class=\"fa fa-linkedin\"><\/i><\/a><\/li><\/ul><\/div>[\/vc_column_text][\/vc_column][vc_column width=&#8221;1\/4&#8243;]<div class=\"get_in_touch\" style=\"background-image:url(https:\/\/sea-rent-a-boat-vodice.com\/wp-content\/uploads\/2015\/10\/rent-a-boat-vodice-contacts.png);\"><h3>Kontakti<\/h3><div class=\"get_in_touch_wrapper\"><ul><li class=\"address\"><span class=\"icon\"><i class=\"icon-location\" aria-label=\"address\"><\/i><\/span><span class=\"address_wrapper\"><b>SEA Boats Vodice<\/b><br \/>\nObala V. Nazora BB<br \/>\n22211 Vodice, Hrvatska<\/span><\/li><li class=\"phone phone-1\"><span class=\"icon\"><i class=\"icon-phone\" aria-label=\"phone\"><\/i><\/span><p><a href=\"tel:+385996777184\">+385 99 677 7184<\/a><\/p><\/li><li class=\"mail\"><span class=\"icon\"><i class=\"icon-mail\" aria-label=\"mail\"><\/i><\/span><p><a href=\"mailto:sea.vodice@gmail.com\">sea.vodice@gmail.com<\/a><\/p><\/li><\/ul><\/div><\/div>\n<div class=\"opening_hours\" style=\"background-image:url(https:\/\/sea-rent-a-boat-vodice.com\/wp-content\/uploads\/2015\/10\/rent-a-boat-vodice-opening-hours.png);\"><h3>Radno vrijeme<\/h3><div class=\"opening_hours_wrapper\"><span class=\"ohw-desc\">Sea info pult radno vrijeme:<\/p>\n<ul>\n<li><label>Ponedjeljak &#8211; Nedjelja<\/label><br \/>\n08<sup>00<\/sup> &#8211; 14<sup>00<\/sup><br \/>\n17<sup>00<\/sup> &#8211; 22<sup>00<\/sup><\/li>\n<\/ul>\n<p>Ako nas niste prona\u0161li na info pultu nazovite nas ili nam po\u0161aljite email. Rado \u0107emo se \u010duti sa Vama.<br \/>\n<\/span><\/div><\/div>\n<div class=\"trailer_box \"><a href=\"https:\/\/sea-rent-a-boat-vodice.com\/hr\/apartmani-vodice\/\" ><img class=\"scale-with-grid\" src=\"https:\/\/sea-rent-a-boat-vodice.com\/wp-content\/uploads\/2015\/08\/boatapartment-one-price-discount.jpg\" alt=\"boat+apartment-one-price-discount\" width=\"960\" height=\"960\"\/><div class=\"desc\"><div class=\"subtitle\">Apartman + Brod<\/div><h2>Jedna cijena s popustom<\/h2><div class=\"line\"><\/div><\/div><\/a><\/div>\n[\/vc_column][\/vc_row][vc_row][vc_column]<div class=\"fancy_heading fancy_heading_line\"><div class=\"fh-top\"><span class=\"slogan\">KVALITETA USLUGE &amp; PROFESIONALNO OSOBLJE<\/span><\/div><h2 class=\"title\">Sea Rent a Boat Vodice<\/h2><div class=\"inside\">Nudimo nekoliko atraktivnih plovila za najam. Svi brodovi su potpuno opremljeni, a mo\u017ee ih iznajmiti sa ili bez skipera.<br \/>\nBrodovi se mogu unajmiti na jedan dan ili tjedan, po potrebi i za pola dana.<\/div><\/div>\n[\/vc_column][\/vc_row][vc_row css=&#8221;.vc_custom_1445602210053{margin-bottom: 80px !important;}&#8221;][vc_column width=&#8221;1\/3&#8243; el_class=&#8221;style-simple&#8221;]<div class=\"sliding_box\"><a href=\"https:\/\/sea-rent-a-boat-vodice.com\/hr\/rent-a-boat-vodice\/atlantic-marine-sun-cruiser-690\/\" ><div class=\"photo_wrapper\"><img class=\"scale-with-grid\" src=\"https:\/\/sea-rent-a-boat-vodice.com\/wp-content\/uploads\/2022\/02\/atlantic-marine-sun-cruiser-690-sea-rent-a-boat-vodice.jpg\" alt=\"atlantic-marine-sun-cruiser-690-sea-rent-a-boat-vodice\" width=\"600\" height=\"360\"\/><\/div><div class=\"desc_wrapper\"><h4>Atlantic Marine Sun Cruiser 690<\/h4><\/div><\/a><\/div>\n[\/vc_column][vc_column width=&#8221;1\/3&#8243; el_class=&#8221;style-simple&#8221;]<div class=\"sliding_box\"><a href=\"https:\/\/sea-rent-a-boat-vodice.com\/hr\/rent-a-boat-vodice\/zodiac-n-zo-680\/\" ><div class=\"photo_wrapper\"><img class=\"scale-with-grid\" src=\"https:\/\/sea-rent-a-boat-vodice.com\/wp-content\/uploads\/2019\/04\/rent-a-boat-vodice-zodiac-680.jpg\" alt=\"rent-a-boat-vodice-zodiac-680\" width=\"600\" height=\"360\"\/><\/div><div class=\"desc_wrapper\"><h4>Zodiac N-ZO 680<\/h4><\/div><\/a><\/div>\n[\/vc_column][vc_column width=&#8221;1\/3&#8243; el_class=&#8221;style-simple&#8221;]<div class=\"sliding_box\"><a href=\"https:\/\/sea-rent-a-boat-vodice.com\/hr\/rent-a-boat-vodice\/bat-indian-680\/\" ><div class=\"photo_wrapper\"><img class=\"scale-with-grid\" src=\"https:\/\/sea-rent-a-boat-vodice.com\/wp-content\/uploads\/2015\/10\/rent-a-boat-vodice-680-bat-indian.jpg\" alt=\"Rent a Boat Vodice BAT Inidan 680\" width=\"600\" height=\"360\"\/><\/div><div class=\"desc_wrapper\"><h4>Bat Indian 680<\/h4><\/div><\/a><\/div>\n[\/vc_column][\/vc_row][vc_row css=&#8221;.vc_custom_1445602210053{margin-bottom: 80px !important;}&#8221;][vc_column width=&#8221;1\/3&#8243; el_class=&#8221;style-simple&#8221;]<div class=\"sliding_box\"><a href=\"https:\/\/sea-rent-a-boat-vodice.com\/hr\/rent-a-boat-vodice\/quick-silver-605-sundesk\/\" ><div class=\"photo_wrapper\"><img class=\"scale-with-grid\" src=\"https:\/\/sea-rent-a-boat-vodice.com\/wp-content\/uploads\/2015\/10\/rent-a-boat-vodice-quicksilver-speedboat.png\" alt=\"rent-a-boat-vodice-quicksilver-speedboat\" width=\"600\" height=\"360\"\/><\/div><div class=\"desc_wrapper\"><h4>Quick Silver 605<\/h4><\/div><\/a><\/div>\n[\/vc_column][vc_column width=&#8221;1\/3&#8243; el_class=&#8221;style-simple&#8221;]<div class=\"sliding_box\"><a href=\"https:\/\/sea-rent-a-boat-vodice.com\/hr\/rent-a-boat-vodice\/bluemax-550-open\/\" ><div class=\"photo_wrapper\"><img class=\"scale-with-grid\" src=\"https:\/\/sea-rent-a-boat-vodice.com\/wp-content\/uploads\/2015\/10\/rent-a-vodice-bluemax-550.jpg\" alt=\"Rent a Boat Vodice BlueMax 550 Open\" width=\"600\" height=\"360\"\/><\/div><div class=\"desc_wrapper\"><h4>BlueMax 550 Open<\/h4><\/div><\/a><\/div>\n[\/vc_column][vc_column width=&#8221;1\/3&#8243; el_class=&#8221;style-simple&#8221;][\/vc_column][\/vc_row][vc_row full_width=&#8221;stretch_row&#8221; css=&#8221;.vc_custom_1450734312141{padding-top: 40px !important;background-color: #f9f9f9 !important;}&#8221;][vc_column width=&#8221;1\/3&#8243;]<div class=\"icon_box icon_position_left has_border\"><a class=\"\" href=\"tel:+385%2099%20677%207184\"  ><div class=\"image_wrapper\"><img class=\"scale-with-grid\" src=\"https:\/\/sea-rent-a-boat-vodice.com\/wp-content\/uploads\/2015\/10\/rent-a-boat-vodice-phone.png\" alt=\"Rent a Boat Vodice\" width=\"72\" height=\"72\"\/><\/div><div class=\"desc_wrapper\"><h4 class=\"title\">Nazovite nas<\/h4><div class=\"desc\">+385 99 677 7184<\/div><\/div><\/a><\/div>\n[\/vc_column][vc_column width=&#8221;1\/3&#8243;]<div class=\"icon_box icon_position_left has_border\"><a class=\"\" href=\"mailto:sea.vodice@gmail.com\"  ><div class=\"image_wrapper\"><img class=\"scale-with-grid\" src=\"https:\/\/sea-rent-a-boat-vodice.com\/wp-content\/uploads\/2015\/10\/rent-a-boat-vodice-mail.png\" alt=\"Rent a Boat Vodice\" width=\"72\" height=\"72\"\/><\/div><div class=\"desc_wrapper\"><h4 class=\"title\">Po\u0161aljite nam email<\/h4><div class=\"desc\">sea.vodice@gmail.com<\/div><\/div><\/a><\/div>\n[\/vc_column][vc_column width=&#8221;1\/3&#8243;]<div class=\"icon_box icon_position_left no_border\"><a class=\"\" href=\"https:\/\/sea-rent-a-boat-vodice.com\/hr\/kontakt\/\"  ><div class=\"image_wrapper\"><img class=\"scale-with-grid\" src=\"https:\/\/sea-rent-a-boat-vodice.com\/wp-content\/uploads\/2015\/10\/rent-a-boat-vodice-location.png\" alt=\"Rent a Boat Vodice\" width=\"72\" height=\"72\"\/><\/div><div class=\"desc_wrapper\"><h4 class=\"title\">Sea info pult<\/h4><div class=\"desc\">Obala V. Nazora, Vodice HR<\/div><\/div><\/a><\/div>\n[\/vc_column][\/vc_row]<\/p>\n","protected":false},"excerpt":{"rendered":"<p>[vc_row css=&#8221;.vc_custom_1445602198018{margin-top: 40px !important;margin-bottom: 40px !important;}&#8221;][vc_column width=&#8221;3\/4&#8243;][vc_column_text][\/vc_column_text][vc_column_text] Nacionalni park Kornati Kornati su netaknuta oaza za one koji \u017eele u\u017eivati u kupanju u kristalno \u010distom moru, netaknutoj<span class=\"excerpt-hellip\"> [\u2026]<\/span><\/p>\n","protected":false},"author":1,"featured_media":1599,"parent":0,"menu_order":0,"comment_status":"closed","ping_status":"closed","template":"","meta":[],"acf":[],"yoast_head":"<!-- This site is optimized with the Yoast SEO plugin v20.3 - https:\/\/yoast.com\/wordpress\/plugins\/seo\/ -->\n<title>Vodice akvatorij | Rent a Boat Vodice<\/title>\n<meta name=\"description\" content=\"Rent a Boat Vodice - Istra\u017eite za\u0161to se ovaj dio jadranske obale smatra jednim od najljep\u0161ih u svijetu. Raspitajte se sada i po\u010deti planiranje odmora.\" \/>\n<meta name=\"robots\" content=\"index, follow, max-snippet:-1, max-image-preview:large, max-video-preview:-1\" \/>\n<link rel=\"canonical\" href=\"https:\/\/sea-rent-a-boat-vodice.com\/hr\/vodice-akvatorij\/\" \/>\n<meta property=\"og:locale\" content=\"hr_HR\" \/>\n<meta property=\"og:type\" content=\"article\" \/>\n<meta property=\"og:title\" content=\"Vodice akvatorij | Rent a Boat Vodice\" \/>\n<meta property=\"og:description\" content=\"Rent a Boat Vodice - Istra\u017eite za\u0161to se ovaj dio jadranske obale smatra jednim od najljep\u0161ih u svijetu. Raspitajte se sada i po\u010deti planiranje odmora.\" \/>\n<meta property=\"og:url\" content=\"https:\/\/sea-rent-a-boat-vodice.com\/hr\/vodice-akvatorij\/\" \/>\n<meta property=\"og:site_name\" content=\"Rent a Boat Vodice\" \/>\n<meta property=\"article:modified_time\" content=\"2022-07-05T18:19:40+00:00\" \/>\n<meta property=\"og:image\" content=\"https:\/\/sea-rent-a-boat-vodice.com\/wp-content\/uploads\/2015\/10\/vodice-aquatorium-photo-gallery.jpg\" \/>\n\t<meta property=\"og:image:width\" content=\"620\" \/>\n\t<meta property=\"og:image:height\" content=\"240\" \/>\n\t<meta property=\"og:image:type\" content=\"image\/jpeg\" \/>\n<meta name=\"twitter:card\" content=\"summary_large_image\" \/>\n<meta name=\"twitter:label1\" content=\"Procijenjeno vrijeme \u010ditanja\" \/>\n\t<meta name=\"twitter:data1\" content=\"3 minute\" \/>\n<script type=\"application\/ld+json\" class=\"yoast-schema-graph\">{\"@context\":\"https:\/\/schema.org\",\"@graph\":[{\"@type\":\"WebPage\",\"@id\":\"https:\/\/sea-rent-a-boat-vodice.com\/hr\/vodice-akvatorij\/\",\"url\":\"https:\/\/sea-rent-a-boat-vodice.com\/hr\/vodice-akvatorij\/\",\"name\":\"Vodice akvatorij | Rent a Boat Vodice\",\"isPartOf\":{\"@id\":\"https:\/\/sea-rent-a-boat-vodice.com\/#website\"},\"datePublished\":\"2015-08-09T20:00:50+00:00\",\"dateModified\":\"2022-07-05T18:19:40+00:00\",\"description\":\"Rent a Boat Vodice - Istra\u017eite za\u0161to se ovaj dio jadranske obale smatra jednim od najljep\u0161ih u svijetu. Raspitajte se sada i po\u010deti planiranje odmora.\",\"breadcrumb\":{\"@id\":\"https:\/\/sea-rent-a-boat-vodice.com\/hr\/vodice-akvatorij\/#breadcrumb\"},\"inLanguage\":\"hr\",\"potentialAction\":[{\"@type\":\"ReadAction\",\"target\":[\"https:\/\/sea-rent-a-boat-vodice.com\/hr\/vodice-akvatorij\/\"]}]},{\"@type\":\"BreadcrumbList\",\"@id\":\"https:\/\/sea-rent-a-boat-vodice.com\/hr\/vodice-akvatorij\/#breadcrumb\",\"itemListElement\":[{\"@type\":\"ListItem\",\"position\":1,\"name\":\"Home\",\"item\":\"https:\/\/sea-rent-a-boat-vodice.com\/hr\/\"},{\"@type\":\"ListItem\",\"position\":2,\"name\":\"Vodice akvatorij\"}]},{\"@type\":\"WebSite\",\"@id\":\"https:\/\/sea-rent-a-boat-vodice.com\/#website\",\"url\":\"https:\/\/sea-rent-a-boat-vodice.com\/\",\"name\":\"Rent a Boat Vodice\",\"description\":\"Najam atraktivnih plovila po povoljnim cijenama Vodice, Hrvatska\",\"potentialAction\":[{\"@type\":\"SearchAction\",\"target\":{\"@type\":\"EntryPoint\",\"urlTemplate\":\"https:\/\/sea-rent-a-boat-vodice.com\/?s={search_term_string}\"},\"query-input\":\"required name=search_term_string\"}],\"inLanguage\":\"hr\"}]}<\/script>\n<!-- \/ Yoast SEO plugin. -->","yoast_head_json":{"title":"Vodice akvatorij | Rent a Boat Vodice","description":"Rent a Boat Vodice - Istra\u017eite za\u0161to se ovaj dio jadranske obale smatra jednim od najljep\u0161ih u svijetu. Raspitajte se sada i po\u010deti planiranje odmora.","robots":{"index":"index","follow":"follow","max-snippet":"max-snippet:-1","max-image-preview":"max-image-preview:large","max-video-preview":"max-video-preview:-1"},"canonical":"https:\/\/sea-rent-a-boat-vodice.com\/hr\/vodice-akvatorij\/","og_locale":"hr_HR","og_type":"article","og_title":"Vodice akvatorij | Rent a Boat Vodice","og_description":"Rent a Boat Vodice - Istra\u017eite za\u0161to se ovaj dio jadranske obale smatra jednim od najljep\u0161ih u svijetu. Raspitajte se sada i po\u010deti planiranje odmora.","og_url":"https:\/\/sea-rent-a-boat-vodice.com\/hr\/vodice-akvatorij\/","og_site_name":"Rent a Boat Vodice","article_modified_time":"2022-07-05T18:19:40+00:00","og_image":[{"width":620,"height":240,"url":"https:\/\/sea-rent-a-boat-vodice.com\/wp-content\/uploads\/2015\/10\/vodice-aquatorium-photo-gallery.jpg","type":"image\/jpeg"}],"twitter_card":"summary_large_image","twitter_misc":{"Procijenjeno vrijeme \u010ditanja":"3 minute"},"schema":{"@context":"https:\/\/schema.org","@graph":[{"@type":"WebPage","@id":"https:\/\/sea-rent-a-boat-vodice.com\/hr\/vodice-akvatorij\/","url":"https:\/\/sea-rent-a-boat-vodice.com\/hr\/vodice-akvatorij\/","name":"Vodice akvatorij | Rent a Boat Vodice","isPartOf":{"@id":"https:\/\/sea-rent-a-boat-vodice.com\/#website"},"datePublished":"2015-08-09T20:00:50+00:00","dateModified":"2022-07-05T18:19:40+00:00","description":"Rent a Boat Vodice - Istra\u017eite za\u0161to se ovaj dio jadranske obale smatra jednim od najljep\u0161ih u svijetu. Raspitajte se sada i po\u010deti planiranje odmora.","breadcrumb":{"@id":"https:\/\/sea-rent-a-boat-vodice.com\/hr\/vodice-akvatorij\/#breadcrumb"},"inLanguage":"hr","potentialAction":[{"@type":"ReadAction","target":["https:\/\/sea-rent-a-boat-vodice.com\/hr\/vodice-akvatorij\/"]}]},{"@type":"BreadcrumbList","@id":"https:\/\/sea-rent-a-boat-vodice.com\/hr\/vodice-akvatorij\/#breadcrumb","itemListElement":[{"@type":"ListItem","position":1,"name":"Home","item":"https:\/\/sea-rent-a-boat-vodice.com\/hr\/"},{"@type":"ListItem","position":2,"name":"Vodice akvatorij"}]},{"@type":"WebSite","@id":"https:\/\/sea-rent-a-boat-vodice.com\/#website","url":"https:\/\/sea-rent-a-boat-vodice.com\/","name":"Rent a Boat Vodice","description":"Najam atraktivnih plovila po povoljnim cijenama Vodice, Hrvatska","potentialAction":[{"@type":"SearchAction","target":{"@type":"EntryPoint","urlTemplate":"https:\/\/sea-rent-a-boat-vodice.com\/?s={search_term_string}"},"query-input":"required name=search_term_string"}],"inLanguage":"hr"}]}},"_links":{"self":[{"href":"https:\/\/sea-rent-a-boat-vodice.com\/hr\/wp-json\/wp\/v2\/pages\/2220"}],"collection":[{"href":"https:\/\/sea-rent-a-boat-vodice.com\/hr\/wp-json\/wp\/v2\/pages"}],"about":[{"href":"https:\/\/sea-rent-a-boat-vodice.com\/hr\/wp-json\/wp\/v2\/types\/page"}],"author":[{"embeddable":true,"href":"https:\/\/sea-rent-a-boat-vodice.com\/hr\/wp-json\/wp\/v2\/users\/1"}],"replies":[{"embeddable":true,"href":"https:\/\/sea-rent-a-boat-vodice.com\/hr\/wp-json\/wp\/v2\/comments?post=2220"}],"version-history":[{"count":0,"href":"https:\/\/sea-rent-a-boat-vodice.com\/hr\/wp-json\/wp\/v2\/pages\/2220\/revisions"}],"wp:featuredmedia":[{"embeddable":true,"href":"https:\/\/sea-rent-a-boat-vodice.com\/hr\/wp-json\/wp\/v2\/media\/1599"}],"wp:attachment":[{"href":"https:\/\/sea-rent-a-boat-vodice.com\/hr\/wp-json\/wp\/v2\/media?parent=2220"}],"curies":[{"name":"wp","href":"https:\/\/api.w.org\/{rel}","templated":true}]}}