{"id":2210,"date":"2015-08-09T21:58:16","date_gmt":"2015-08-09T19:58:16","guid":{"rendered":"https:\/\/sea-rent-a-boat-vodice.com\/hr\/rent-a-boat-vodice\/"},"modified":"2022-07-05T20:04:40","modified_gmt":"2022-07-05T18:04:40","slug":"rent-a-boat-vodice","status":"publish","type":"page","link":"https:\/\/sea-rent-a-boat-vodice.com\/hr\/rent-a-boat-vodice\/","title":{"rendered":"Rent a Boat Vodice"},"content":{"rendered":"<p>[vc_row css=&#8221;.vc_custom_1445515637237{margin-top: 40px !important;margin-bottom: 80px !important;}&#8221;][vc_column width=&#8221;3\/4&#8243; el_class=&#8221;front_page_boats_table&#8221;][vc_column_text]<\/p>\n<h1>Sea Rent a Boat Vodice<\/h1>\n<p>Nudimo nekoliko atraktivnih plovila za najam. Svi brodovi su potpuno opremljeni, a mogu se unajmiti sa ili bez skipera. Brodovi se mogu iznajmiti za jedan dan ili tjedan, po potrebi i za pola dana.<\/p>\n<p>Za rezervacije unaprijed i za du\u017ea razdoblja najma, nudimo <strong>posebne popuste<\/strong>. Raspitajte se sada i po\u010deti planiranje uzbudljiv i nezaboravan odmor u Vodicama, jednoj od najpopularnijih turisti\u010dkih destinacija u Hrvatskoj.[\/vc_column_text][vc_row_inner][vc_column_inner width=&#8221;1\/2&#8243;]<div class=\"sliding_box\"><a href=\"https:\/\/sea-rent-a-boat-vodice.com\/hr\/rent-a-boat-vodice\/atlantic-marine-sun-cruiser-690\/\" ><div class=\"photo_wrapper\"><img class=\"scale-with-grid\" src=\"https:\/\/sea-rent-a-boat-vodice.com\/wp-content\/uploads\/2022\/02\/atlantic-marine-sun-cruiser-690-sea-rent-a-boat-vodice.jpg\" alt=\"atlantic-marine-sun-cruiser-690-sea-rent-a-boat-vodice\" width=\"600\" height=\"360\"\/><\/div><div class=\"desc_wrapper\"><h4>Atlantic Marine Sun Cruiser 690<\/h4><\/div><\/a><\/div>\n[\/vc_column_inner][vc_column_inner el_class=&#8221;front_page_boat_table&#8221; width=&#8221;1\/2&#8243;][vc_column_text]<\/p>\n<h4>Specifikacije broda:<\/h4>\n<table>\n<tbody>\n<tr>\n<td><strong>Tip broda<br \/>\n<\/strong><\/td>\n<td>Gliser \/ Sportski brod<\/td>\n<\/tr>\n<tr>\n<td><strong>Du\u017eina<\/strong><\/td>\n<td>6.90 m (22.6 stopa)<\/td>\n<\/tr>\n<tr>\n<td><strong>Motor<\/strong><\/td>\n<td>Yamaha 225 Ks (168 kW)<\/td>\n<\/tr>\n<tr>\n<td><strong>Max osoba<br \/>\n<\/strong><\/td>\n<td>8<\/td>\n<\/tr>\n<tr>\n<td><strong>Cijena od<br \/>\n<\/strong><\/td>\n<td>280,00\u20ac<\/td>\n<\/tr>\n<\/tbody>\n<\/table>\n<p><a class=\"button  has-icon button_left button_size_2\"  href=\"https:\/\/sea-rent-a-boat-vodice.com\/hr\/rent-a-boat-vodice\/atlantic-marine-sun-cruiser-690\/\" style=\"background-color:#0B95B4!important;color:#ffffff;\"    ><span class=\"button_icon\"><i class=\"icon-right-open\"  style=\"color:#ffffff!important;\" aria-hidden=\"true\"><\/i><\/span><span class=\"button_label\">Brod detaljnije &amp; Rezervacije<\/span><\/a>\n[\/vc_column_text][\/vc_column_inner][\/vc_row_inner][vc_row_inner][vc_column_inner width=&#8221;1\/2&#8243;]<div class=\"sliding_box\"><a href=\"https:\/\/sea-rent-a-boat-vodice.com\/hr\/rent-a-boat-vodice\/bat-indian-680\/\" ><div class=\"photo_wrapper\"><img class=\"scale-with-grid\" src=\"https:\/\/sea-rent-a-boat-vodice.com\/wp-content\/uploads\/2015\/10\/rent-a-boat-vodice-680-bat-indian.jpg\" alt=\"Rent a Boat Vodice BAT Inidan 680\" width=\"600\" height=\"360\"\/><\/div><div class=\"desc_wrapper\"><h4>BAT Indian 680<\/h4><\/div><\/a><\/div>\n[\/vc_column_inner][vc_column_inner el_class=&#8221;front_page_boat_table&#8221; width=&#8221;1\/2&#8243;][vc_column_text]<\/p>\n<h4>Specifikacije broda:<\/h4>\n<table>\n<tbody>\n<tr>\n<td><strong>Tip broda<br \/>\n<\/strong><\/td>\n<td>RIB \/ Gumenjak<\/td>\n<\/tr>\n<tr>\n<td><strong>Du\u017eina<\/strong><\/td>\n<td>6.80 m (22.3 stopa)<\/td>\n<\/tr>\n<tr>\n<td><strong>Motor<\/strong><\/td>\n<td>Yamaha 200 Ks (147 kW)<\/td>\n<\/tr>\n<tr>\n<td><strong>Max osoba<\/strong><\/td>\n<td>9<\/td>\n<\/tr>\n<tr>\n<td><strong>Cijena od<br \/>\n<\/strong><\/td>\n<td>250,00\u20ac<\/td>\n<\/tr>\n<\/tbody>\n<\/table>\n<p><a class=\"button  has-icon button_left button_size_2\"  href=\"https:\/\/sea-rent-a-boat-vodice.com\/hr\/rent-a-boat-vodice\/bat-indian-680\/\" style=\"background-color:#0B95B4!important;color:#ffffff;\"    ><span class=\"button_icon\"><i class=\"icon-right-open\"  style=\"color:#ffffff!important;\" aria-hidden=\"true\"><\/i><\/span><span class=\"button_label\">Brod detaljnije &amp; Rezervacije<\/span><\/a>\n[\/vc_column_text][\/vc_column_inner][\/vc_row_inner][vc_row_inner][vc_column_inner width=&#8221;1\/2&#8243;]<div class=\"sliding_box\"><a href=\"https:\/\/sea-rent-a-boat-vodice.com\/hr\/rent-a-boat-vodice\/zodiac-n-zo-680\/\" ><div class=\"photo_wrapper\"><img class=\"scale-with-grid\" src=\"https:\/\/sea-rent-a-boat-vodice.com\/wp-content\/uploads\/2019\/04\/rent-a-boat-vodice-zodiac-680.jpg\" alt=\"rent-a-boat-vodice-zodiac-680\" width=\"600\" height=\"360\"\/><\/div><div class=\"desc_wrapper\"><h4>Zodiac N-ZO 680<\/h4><\/div><\/a><\/div>\n[\/vc_column_inner][vc_column_inner el_class=&#8221;front_page_boat_table&#8221; width=&#8221;1\/2&#8243;][vc_column_text]<\/p>\n<h4>Specifikacije broda:<\/h4>\n<table>\n<tbody>\n<tr>\n<td><strong>Tip broda<br \/>\n<\/strong><\/td>\n<td>RIB \/ Gumenjak<\/td>\n<\/tr>\n<tr>\n<td><strong>Du\u017eina<\/strong><\/td>\n<td>6.80 m (22.3 stopa)<\/td>\n<\/tr>\n<tr>\n<td><strong>Motor<\/strong><\/td>\n<td>Yamaha 225 Ks (168 kW)<\/td>\n<\/tr>\n<tr>\n<td><strong>Max osoba<\/strong><\/td>\n<td>10<\/td>\n<\/tr>\n<tr>\n<td><strong>Cijena od<br \/>\n<\/strong><\/td>\n<td>270,00\u20ac<\/td>\n<\/tr>\n<\/tbody>\n<\/table>\n<p><a class=\"button  has-icon button_left button_size_2\"  href=\"https:\/\/sea-rent-a-boat-vodice.com\/hr\/rent-a-boat-vodice\/zodiac-n-zo-680\/\" style=\"background-color:#0B95B4!important;color:#ffffff;\"    ><span class=\"button_icon\"><i class=\"icon-right-open\"  style=\"color:#ffffff!important;\" aria-hidden=\"true\"><\/i><\/span><span class=\"button_label\">Brod detaljnije &amp; Rezervacije<\/span><\/a>\n[\/vc_column_text][\/vc_column_inner][\/vc_row_inner][vc_row_inner][vc_column_inner width=&#8221;1\/2&#8243;]<div class=\"sliding_box\"><a href=\"https:\/\/sea-rent-a-boat-vodice.com\/hr\/rent-a-boat-vodice\/quick-silver-605-sundesk\/\" ><div class=\"photo_wrapper\"><img class=\"scale-with-grid\" src=\"https:\/\/sea-rent-a-boat-vodice.com\/wp-content\/uploads\/2015\/10\/rent-a-boat-vodice-quicksilver-speedboat.png\" alt=\"rent-a-boat-vodice-quicksilver-speedboat\" width=\"600\" height=\"360\"\/><\/div><div class=\"desc_wrapper\"><h4>Quick Silver 605 SunDesk<\/h4><\/div><\/a><\/div>\n[\/vc_column_inner][vc_column_inner el_class=&#8221;front_page_boat_table&#8221; width=&#8221;1\/2&#8243;][vc_column_text]<\/p>\n<h4>Specifikacije broda:<\/h4>\n<table>\n<tbody>\n<tr>\n<td><b>Tip broda<\/b><\/td>\n<td>Gliser \/ Sportski brod<\/td>\n<\/tr>\n<tr>\n<td><b>Du\u017eina<\/b><\/td>\n<td>6.12\u00a0m (20.7 stopa)<\/td>\n<\/tr>\n<tr>\n<td><b>Motor<\/b><\/td>\n<td>Yamaha 150 Ks (112 kW)<\/td>\n<\/tr>\n<tr>\n<td><strong>Max osoba<\/strong><\/td>\n<td>7<\/td>\n<\/tr>\n<tr>\n<td><b>Cijena od<\/b><\/td>\n<td>190,00\u20ac<\/td>\n<\/tr>\n<\/tbody>\n<\/table>\n<p><a class=\"button  has-icon button_left button_size_2\"  href=\"https:\/\/sea-rent-a-boat-vodice.com\/hr\/rent-a-boat-vodice\/quick-silver-605-sundesk\/\" style=\"background-color:#0B95B4!important;color:#ffffff;\"    ><span class=\"button_icon\"><i class=\"icon-right-open\"  style=\"color:#ffffff!important;\" aria-hidden=\"true\"><\/i><\/span><span class=\"button_label\">Brod detaljnije &amp; Rezervacije<\/span><\/a>\n[\/vc_column_text][\/vc_column_inner][\/vc_row_inner][vc_row_inner][vc_column_inner width=&#8221;1\/2&#8243;]<div class=\"sliding_box\"><a href=\"https:\/\/sea-rent-a-boat-vodice.com\/hr\/rent-a-boat-vodice\/bluemax-550-open\/\" ><div class=\"photo_wrapper\"><img class=\"scale-with-grid\" src=\"https:\/\/sea-rent-a-boat-vodice.com\/wp-content\/uploads\/2015\/10\/rent-a-vodice-bluemax-550.jpg\" alt=\"Rent a Boat Vodice BlueMax 550 Open\" width=\"600\" height=\"360\"\/><\/div><div class=\"desc_wrapper\"><h4>BlueMax 550 Open<\/h4><\/div><\/a><\/div>\n[\/vc_column_inner][vc_column_inner el_class=&#8221;front_page_boat_table&#8221; width=&#8221;1\/2&#8243;][vc_column_text]<\/p>\n<h4>Specifikacije broda:<\/h4>\n<table>\n<tbody>\n<tr>\n<td><strong>Tip broda<br \/>\n<\/strong><\/td>\n<td>Gliser \/ Sportski brod<\/td>\n<\/tr>\n<tr>\n<td><strong>Du\u017eina<\/strong><\/td>\n<td>5.50 m (18 stopa)<\/td>\n<\/tr>\n<tr>\n<td><strong>Motor<\/strong><\/td>\n<td>Yamaha 100 Ks (74 kW)<\/td>\n<\/tr>\n<tr>\n<td><strong>Max osoba<br \/>\n<\/strong><\/td>\n<td>6<\/td>\n<\/tr>\n<tr>\n<td><strong>Cijena od<br \/>\n<\/strong><\/td>\n<td>140,00\u20ac<\/td>\n<\/tr>\n<\/tbody>\n<\/table>\n<p><a class=\"button  has-icon button_left button_size_2\"  href=\"https:\/\/sea-rent-a-boat-vodice.com\/hr\/rent-a-boat-vodice\/bluemax-550-open\/\" style=\"background-color:#0B95B4!important;color:#ffffff;\"    ><span class=\"button_icon\"><i class=\"icon-right-open\"  style=\"color:#ffffff!important;\" aria-hidden=\"true\"><\/i><\/span><span class=\"button_label\">Brod detaljnije &amp; Rezervacije<\/span><\/a>\n[\/vc_column_text][\/vc_column_inner][\/vc_row_inner][vc_row_inner disable_element=&#8221;yes&#8221;][vc_column_inner width=&#8221;1\/2&#8243;]<div class=\"sliding_box\"><a href=\"https:\/\/sea-rent-a-boat-vodice.com\/hr\/rent-a-boat-vodice\/maestral-570\/\" ><div class=\"photo_wrapper\"><img class=\"scale-with-grid\" src=\"https:\/\/sea-rent-a-boat-vodice.com\/wp-content\/uploads\/2015\/10\/rent-a-vodice-maestral-570.jpg\" alt=\"Rent a Boat Vodice Maestral 570\" width=\"600\" height=\"360\"\/><\/div><div class=\"desc_wrapper\"><h4>Maestral 570<\/h4><\/div><\/a><\/div>\n[\/vc_column_inner][vc_column_inner el_class=&#8221;front_page_boat_table&#8221; width=&#8221;1\/2&#8243;][vc_column_text]<\/p>\n<h4>Specifikacije broda:<\/h4>\n<table>\n<tbody>\n<tr>\n<td><strong>Tip broda<br \/>\n<\/strong><\/td>\n<td>RIB \/ Gumenjak<\/td>\n<\/tr>\n<tr>\n<td><strong>Du\u017eina<\/strong><\/td>\n<td>6,20 m (20.4 stopa)<\/td>\n<\/tr>\n<tr>\n<td><strong>Motor<\/strong><\/td>\n<td>Honda 100 Ks (74 kW)<\/td>\n<\/tr>\n<tr>\n<td><strong>Max osoba<br \/>\n<\/strong><\/td>\n<td>6<\/td>\n<\/tr>\n<tr>\n<td><strong>Cijena od<br \/>\n<\/strong><\/td>\n<td>140,00\u20ac<\/td>\n<\/tr>\n<\/tbody>\n<\/table>\n<p><a class=\"button  has-icon button_left button_size_2\"  href=\"https:\/\/sea-rent-a-boat-vodice.com\/hr\/rent-a-boat-vodice\/maestral-570\/\" style=\"background-color:#0B95B4!important;color:#ffffff;\"    ><span class=\"button_icon\"><i class=\"icon-right-open\"  style=\"color:#ffffff!important;\" aria-hidden=\"true\"><\/i><\/span><span class=\"button_label\">Brod detaljnije &amp; Rezervacije<\/span><\/a>\n[\/vc_column_text][\/vc_column_inner][\/vc_row_inner][\/vc_column][vc_column width=&#8221;1\/4&#8243;]<div class=\"infobox\" style=\"background-image:url(https:\/\/sea-rent-a-boat-vodice.com\/wp-content\/uploads\/2015\/10\/rent-a-boat-vodice-equipmnet.png);\"><h3>Brodovi oprema<\/h3><div class=\"infobox_wrapper\"><span class=\"ib-desc\"><\/p>\n<ul>\n<li>Bimini tenda<\/li>\n<li>GPS sistem<\/li>\n<li>Kompas<\/li>\n<li>Radio \/ MP3 player<\/li>\n<li>Sigurnosni pojasevi<\/li>\n<li>Inox stepenice<\/li>\n<\/ul>\n<p><\/span><\/div><\/div>\n[vc_column_text]<div class=\"content_video iframe auto-wh\"><iframe style=\"\" class=\"scale-with-grid\" width=\"\" height=\"\" src=\"https:\/\/www.youtube.com\/embed\/9XrddxVDeTc?wmode=opaque\" allowfullscreen><\/iframe>\n<\/div>\n[\/vc_column_text]<div class=\"opening_hours\" style=\"background-image:url(https:\/\/sea-rent-a-boat-vodice.com\/wp-content\/uploads\/2015\/10\/rent-a-boat-vodice-opening-hours.png);\"><h3>Radno vrijeme<\/h3><div class=\"opening_hours_wrapper\"><span class=\"ohw-desc\">Sea info pult radno vrijeme:<\/p>\n<ul>\n<li><label>Ponedjeljak &#8211; Nedjelja<\/label><br \/>\n08<sup>00<\/sup> &#8211; 14<sup>00<\/sup><br \/>\n17<sup>00<\/sup> &#8211; 22<sup>00<\/sup><\/li>\n<\/ul>\n<p>Ako nas niste prona\u0161li na info pultu nazovite nas ili nam po\u0161aljite email. Rado \u0107emo se \u010duti sa Vama.<br \/>\n<\/span><\/div><\/div>\n<div class=\"get_in_touch\" style=\"background-image:url(https:\/\/sea-rent-a-boat-vodice.com\/wp-content\/uploads\/2015\/10\/rent-a-boat-vodice-contacts.png);\"><h3>Kontakti<\/h3><div class=\"get_in_touch_wrapper\"><ul><li class=\"address\"><span class=\"icon\"><i class=\"icon-location\" aria-label=\"address\"><\/i><\/span><span class=\"address_wrapper\"><b>SEA Boats Vodice<\/b><br \/>\nObala V. Nazora BB<br \/>\n22211 Vodice, Hrvatska<\/span><\/li><li class=\"phone phone-1\"><span class=\"icon\"><i class=\"icon-phone\" aria-label=\"phone\"><\/i><\/span><p><a href=\"tel:+385996777184\">+385 99 677 7184<\/a><\/p><\/li><li class=\"mail\"><span class=\"icon\"><i class=\"icon-mail\" aria-label=\"mail\"><\/i><\/span><p><a href=\"mailto:sea.vodice@gmail.com\">sea.vodice@gmail.com<\/a><\/p><\/li><\/ul><\/div><\/div>\n<div class=\"trailer_box \"><a href=\"https:\/\/sea-rent-a-boat-vodice.com\/hr\/skije-za-vodu-tube\/\" ><img class=\"scale-with-grid\" src=\"https:\/\/sea-rent-a-boat-vodice.com\/wp-content\/uploads\/2015\/10\/Water-Ski-soprt.jpg\" alt=\"Water-Ski-soprt\" width=\"600\" height=\"600\"\/><div class=\"desc\"><div class=\"subtitle\">Dodaci<\/div><h2>Skije za vodu &amp; Tube<\/h2><div class=\"line\"><\/div><\/div><\/a><\/div>\n[\/vc_column][\/vc_row][vc_row full_width=&#8221;stretch_row&#8221; parallax=&#8221;content-moving&#8221; parallax_image=&#8221;1198&#8243; css=&#8221;.vc_custom_1445510516883{padding-top: 80px !important;padding-bottom: 40px !important;}&#8221;][vc_column el_class=&#8221;front_page_top&#8221;][vc_column_text]<\/p>\n<h2>Zapo\u010dnite s planiranjem svog odmora<\/h2>\n<p>Imamo sve \u0161to \u0107e Vam biti potrebno za to. Unajmite na\u0161e udobne apartmane za ugodan boravak. Povedite svoju obitelj i prijatelje na uzbudljiv izlet brodom iznajmljivanjem na\u0161ih atraktivnih brodova. U\u010dinite svoj odmor nezaboravnim do\u017eivljajem.<\/p>\n<p style=\"text-align: center;\"><a class=\"button  has-icon button_right button_size_2\"  href=\"https:\/\/sea-rent-a-boat-vodice.com\/hr\/kontakt\/\" style=\"background-color:#e9362a!important;color:#ffffff;\"    ><span class=\"button_icon\"><i class=\"icon-right-open\"  style=\"color:#ffffff!important;\" aria-hidden=\"true\"><\/i><\/span><span class=\"button_label\">Kontaktirajte nas<\/span><\/a>\n<\/p>\n<p>[\/vc_column_text][\/vc_column][\/vc_row][vc_row full_width=&#8221;stretch_row&#8221; css=&#8221;.vc_custom_1450734312141{padding-top: 40px !important;background-color: #f9f9f9 !important;}&#8221;][vc_column width=&#8221;1\/3&#8243;]<div class=\"icon_box icon_position_left has_border\"><a class=\"\" href=\"tel:+385%2099%20677%207184\"  ><div class=\"image_wrapper\"><img class=\"scale-with-grid\" src=\"https:\/\/sea-rent-a-boat-vodice.com\/wp-content\/uploads\/2015\/10\/rent-a-boat-vodice-phone.png\" alt=\"Rent a Boat Vodice\" width=\"72\" height=\"72\"\/><\/div><div class=\"desc_wrapper\"><h4 class=\"title\">Nazovite nas<\/h4><div class=\"desc\">+385 99 677 7184<\/div><\/div><\/a><\/div>\n[\/vc_column][vc_column width=&#8221;1\/3&#8243;]<div class=\"icon_box icon_position_left has_border\"><a class=\"\" href=\"mailto:sea.vodice@gmail.com\"  ><div class=\"image_wrapper\"><img class=\"scale-with-grid\" src=\"https:\/\/sea-rent-a-boat-vodice.com\/wp-content\/uploads\/2015\/10\/rent-a-boat-vodice-mail.png\" alt=\"Rent a Boat Vodice\" width=\"72\" height=\"72\"\/><\/div><div class=\"desc_wrapper\"><h4 class=\"title\">Po\u0161aljite nam email<\/h4><div class=\"desc\">sea.vodice@gmail.com<\/div><\/div><\/a><\/div>\n[\/vc_column][vc_column width=&#8221;1\/3&#8243;]<div class=\"icon_box icon_position_left no_border\"><a class=\"\" href=\"https:\/\/sea-rent-a-boat-vodice.com\/hr\/kontakt\/\"  ><div class=\"image_wrapper\"><img class=\"scale-with-grid\" src=\"https:\/\/sea-rent-a-boat-vodice.com\/wp-content\/uploads\/2015\/10\/rent-a-boat-vodice-location.png\" alt=\"Rent a Boat Vodice\" width=\"72\" height=\"72\"\/><\/div><div class=\"desc_wrapper\"><h4 class=\"title\">Sea info pult<\/h4><div class=\"desc\">Obala V. Nazora, Vodice HR<\/div><\/div><\/a><\/div>\n[\/vc_column][\/vc_row]<\/p>\n","protected":false},"excerpt":{"rendered":"<p>[vc_row css=&#8221;.vc_custom_1445515637237{margin-top: 40px !important;margin-bottom: 80px !important;}&#8221;][vc_column width=&#8221;3\/4&#8243; el_class=&#8221;front_page_boats_table&#8221;][vc_column_text] Sea Rent a Boat Vodice Nudimo nekoliko atraktivnih plovila za najam. Svi brodovi su potpuno opremljeni, a mogu<span class=\"excerpt-hellip\"> [\u2026]<\/span><\/p>\n","protected":false},"author":1,"featured_media":1949,"parent":0,"menu_order":0,"comment_status":"closed","ping_status":"closed","template":"","meta":[],"acf":[],"yoast_head":"<!-- This site is optimized with the Yoast SEO plugin v20.3 - https:\/\/yoast.com\/wordpress\/plugins\/seo\/ -->\n<title>Atraktivni sportski brodovi | Vodice Rent a Boat<\/title>\n<meta name=\"description\" content=\"Vodice Rent a Boat - U ponudi imamo nekoliko atraktivnih sportskih brodova\u00a0za najam. Kvaliteta usluge je zajam\u010dena. Poseban popust za online rezervacije.\" \/>\n<meta name=\"robots\" content=\"index, follow, max-snippet:-1, max-image-preview:large, max-video-preview:-1\" \/>\n<link rel=\"canonical\" href=\"https:\/\/sea-rent-a-boat-vodice.com\/hr\/rent-a-boat-vodice\/\" \/>\n<meta property=\"og:locale\" content=\"hr_HR\" \/>\n<meta property=\"og:type\" content=\"article\" \/>\n<meta property=\"og:title\" content=\"Atraktivni sportski brodovi | Vodice Rent a Boat\" \/>\n<meta property=\"og:description\" content=\"Vodice Rent a Boat - U ponudi imamo nekoliko atraktivnih sportskih brodova\u00a0za najam. Kvaliteta usluge je zajam\u010dena. Poseban popust za online rezervacije.\" \/>\n<meta property=\"og:url\" content=\"https:\/\/sea-rent-a-boat-vodice.com\/hr\/rent-a-boat-vodice\/\" \/>\n<meta property=\"og:site_name\" content=\"Rent a Boat Vodice\" \/>\n<meta property=\"article:modified_time\" content=\"2022-07-05T18:04:40+00:00\" \/>\n<meta property=\"og:image\" content=\"https:\/\/sea-rent-a-boat-vodice.com\/wp-content\/uploads\/2015\/09\/rent-a-boat-vodice-maestral-570-06.jpg\" \/>\n\t<meta property=\"og:image:width\" content=\"1199\" \/>\n\t<meta property=\"og:image:height\" content=\"675\" \/>\n\t<meta property=\"og:image:type\" content=\"image\/jpeg\" \/>\n<meta name=\"twitter:card\" content=\"summary_large_image\" \/>\n<meta name=\"twitter:label1\" content=\"Procijenjeno vrijeme \u010ditanja\" \/>\n\t<meta name=\"twitter:data1\" content=\"3 minute\" \/>\n<script type=\"application\/ld+json\" class=\"yoast-schema-graph\">{\"@context\":\"https:\/\/schema.org\",\"@graph\":[{\"@type\":\"WebPage\",\"@id\":\"https:\/\/sea-rent-a-boat-vodice.com\/hr\/rent-a-boat-vodice\/\",\"url\":\"https:\/\/sea-rent-a-boat-vodice.com\/hr\/rent-a-boat-vodice\/\",\"name\":\"Atraktivni sportski brodovi | Vodice Rent a Boat\",\"isPartOf\":{\"@id\":\"https:\/\/sea-rent-a-boat-vodice.com\/#website\"},\"datePublished\":\"2015-08-09T19:58:16+00:00\",\"dateModified\":\"2022-07-05T18:04:40+00:00\",\"description\":\"Vodice Rent a Boat - U ponudi imamo nekoliko atraktivnih sportskih brodova\u00a0za najam. Kvaliteta usluge je zajam\u010dena. Poseban popust za online rezervacije.\",\"breadcrumb\":{\"@id\":\"https:\/\/sea-rent-a-boat-vodice.com\/hr\/rent-a-boat-vodice\/#breadcrumb\"},\"inLanguage\":\"hr\",\"potentialAction\":[{\"@type\":\"ReadAction\",\"target\":[\"https:\/\/sea-rent-a-boat-vodice.com\/hr\/rent-a-boat-vodice\/\"]}]},{\"@type\":\"BreadcrumbList\",\"@id\":\"https:\/\/sea-rent-a-boat-vodice.com\/hr\/rent-a-boat-vodice\/#breadcrumb\",\"itemListElement\":[{\"@type\":\"ListItem\",\"position\":1,\"name\":\"Home\",\"item\":\"https:\/\/sea-rent-a-boat-vodice.com\/hr\/\"},{\"@type\":\"ListItem\",\"position\":2,\"name\":\"Rent a Boat Vodice\"}]},{\"@type\":\"WebSite\",\"@id\":\"https:\/\/sea-rent-a-boat-vodice.com\/#website\",\"url\":\"https:\/\/sea-rent-a-boat-vodice.com\/\",\"name\":\"Rent a Boat Vodice\",\"description\":\"Najam atraktivnih plovila po povoljnim cijenama Vodice, Hrvatska\",\"potentialAction\":[{\"@type\":\"SearchAction\",\"target\":{\"@type\":\"EntryPoint\",\"urlTemplate\":\"https:\/\/sea-rent-a-boat-vodice.com\/?s={search_term_string}\"},\"query-input\":\"required name=search_term_string\"}],\"inLanguage\":\"hr\"}]}<\/script>\n<!-- \/ Yoast SEO plugin. -->","yoast_head_json":{"title":"Atraktivni sportski brodovi | Vodice Rent a Boat","description":"Vodice Rent a Boat - U ponudi imamo nekoliko atraktivnih sportskih brodova\u00a0za najam. Kvaliteta usluge je zajam\u010dena. Poseban popust za online rezervacije.","robots":{"index":"index","follow":"follow","max-snippet":"max-snippet:-1","max-image-preview":"max-image-preview:large","max-video-preview":"max-video-preview:-1"},"canonical":"https:\/\/sea-rent-a-boat-vodice.com\/hr\/rent-a-boat-vodice\/","og_locale":"hr_HR","og_type":"article","og_title":"Atraktivni sportski brodovi | Vodice Rent a Boat","og_description":"Vodice Rent a Boat - U ponudi imamo nekoliko atraktivnih sportskih brodova\u00a0za najam. Kvaliteta usluge je zajam\u010dena. Poseban popust za online rezervacije.","og_url":"https:\/\/sea-rent-a-boat-vodice.com\/hr\/rent-a-boat-vodice\/","og_site_name":"Rent a Boat Vodice","article_modified_time":"2022-07-05T18:04:40+00:00","og_image":[{"width":1199,"height":675,"url":"https:\/\/sea-rent-a-boat-vodice.com\/wp-content\/uploads\/2015\/09\/rent-a-boat-vodice-maestral-570-06.jpg","type":"image\/jpeg"}],"twitter_card":"summary_large_image","twitter_misc":{"Procijenjeno vrijeme \u010ditanja":"3 minute"},"schema":{"@context":"https:\/\/schema.org","@graph":[{"@type":"WebPage","@id":"https:\/\/sea-rent-a-boat-vodice.com\/hr\/rent-a-boat-vodice\/","url":"https:\/\/sea-rent-a-boat-vodice.com\/hr\/rent-a-boat-vodice\/","name":"Atraktivni sportski brodovi | Vodice Rent a Boat","isPartOf":{"@id":"https:\/\/sea-rent-a-boat-vodice.com\/#website"},"datePublished":"2015-08-09T19:58:16+00:00","dateModified":"2022-07-05T18:04:40+00:00","description":"Vodice Rent a Boat - U ponudi imamo nekoliko atraktivnih sportskih brodova\u00a0za najam. Kvaliteta usluge je zajam\u010dena. Poseban popust za online rezervacije.","breadcrumb":{"@id":"https:\/\/sea-rent-a-boat-vodice.com\/hr\/rent-a-boat-vodice\/#breadcrumb"},"inLanguage":"hr","potentialAction":[{"@type":"ReadAction","target":["https:\/\/sea-rent-a-boat-vodice.com\/hr\/rent-a-boat-vodice\/"]}]},{"@type":"BreadcrumbList","@id":"https:\/\/sea-rent-a-boat-vodice.com\/hr\/rent-a-boat-vodice\/#breadcrumb","itemListElement":[{"@type":"ListItem","position":1,"name":"Home","item":"https:\/\/sea-rent-a-boat-vodice.com\/hr\/"},{"@type":"ListItem","position":2,"name":"Rent a Boat Vodice"}]},{"@type":"WebSite","@id":"https:\/\/sea-rent-a-boat-vodice.com\/#website","url":"https:\/\/sea-rent-a-boat-vodice.com\/","name":"Rent a Boat Vodice","description":"Najam atraktivnih plovila po povoljnim cijenama Vodice, Hrvatska","potentialAction":[{"@type":"SearchAction","target":{"@type":"EntryPoint","urlTemplate":"https:\/\/sea-rent-a-boat-vodice.com\/?s={search_term_string}"},"query-input":"required name=search_term_string"}],"inLanguage":"hr"}]}},"_links":{"self":[{"href":"https:\/\/sea-rent-a-boat-vodice.com\/hr\/wp-json\/wp\/v2\/pages\/2210"}],"collection":[{"href":"https:\/\/sea-rent-a-boat-vodice.com\/hr\/wp-json\/wp\/v2\/pages"}],"about":[{"href":"https:\/\/sea-rent-a-boat-vodice.com\/hr\/wp-json\/wp\/v2\/types\/page"}],"author":[{"embeddable":true,"href":"https:\/\/sea-rent-a-boat-vodice.com\/hr\/wp-json\/wp\/v2\/users\/1"}],"replies":[{"embeddable":true,"href":"https:\/\/sea-rent-a-boat-vodice.com\/hr\/wp-json\/wp\/v2\/comments?post=2210"}],"version-history":[{"count":0,"href":"https:\/\/sea-rent-a-boat-vodice.com\/hr\/wp-json\/wp\/v2\/pages\/2210\/revisions"}],"wp:featuredmedia":[{"embeddable":true,"href":"https:\/\/sea-rent-a-boat-vodice.com\/hr\/wp-json\/wp\/v2\/media\/1949"}],"wp:attachment":[{"href":"https:\/\/sea-rent-a-boat-vodice.com\/hr\/wp-json\/wp\/v2\/media?parent=2210"}],"curies":[{"name":"wp","href":"https:\/\/api.w.org\/{rel}","templated":true}]}}