{"id":2219,"date":"2015-08-09T22:00:50","date_gmt":"2015-08-09T20:00:50","guid":{"rendered":"https:\/\/sea-rent-a-boat-vodice.com\/de\/vodice-aquatorium\/"},"modified":"2022-07-05T20:19:30","modified_gmt":"2022-07-05T18:19:30","slug":"vodice-aquatorium","status":"publish","type":"page","link":"https:\/\/sea-rent-a-boat-vodice.com\/de\/vodice-aquatorium\/","title":{"rendered":"Vodice aquatorium"},"content":{"rendered":"<p>[vc_row css=&#8220;.vc_custom_1445602198018{margin-top: 40px !important;margin-bottom: 40px !important;}&#8220;][vc_column width=&#8220;3\/4&#8243;][vc_column_text]<div class=\"content_video iframe has-wh\"><iframe style=\"\" class=\"scale-with-grid\" width=\"1176\" height=\"500\" src=\"https:\/\/www.youtube.com\/embed\/jOk9BCzMskg?wmode=opaque\" allowfullscreen><\/iframe>\n<\/div>\n[\/vc_column_text][vc_column_text]<\/p>\n<h1>Nationalpark Kornati<\/h1>\n<p>Kornati sind eine unber\u00fchrte Oase f\u00fcr solche die es genie\u00dfen wollen im kristallklarem Meer zu baden, in unber\u00fchrte Natur zu sein, in der unsch\u00e4tzbaren Einsamkeit entspannen k\u00f6nnen und die Seele baumeln lassen bevor man wieder in \u00e4u\u00dferlichen Welt wieder zur\u00fcckkehrt.<\/p>\n<p>Kornati bestehen aus 147 Inseln, kleinere Inseln und Kliffe gesamte Fl\u00e4che von 69m\u00b2, Verbreitet sind sie von Dogi Otok bis Zirje auf einer gesamten Fl\u00e4che von von 320m\u00b2.Von dort umfasst der Nationalpark 89 Inselnd und einer Gesamtfl\u00e4che von 220m\u00b2. Kornatische Inseln haben den Namen von der Gr\u00f6\u00dften Insel Kornati bekommen.<\/p>\n<p>Die N\u00f6rdlichen Inseln sind erhabener als die s\u00fcdlichen Inseln welche vertikal in das Meer einsenken. Auf den Inseln gibt es kein flie\u00dfendes Wasser und verdeckt sind sie mit wenig Str\u00e4uchern,B\u00fcschen und Rasen. Menge an archeologischen Entdeckungen weisen an bewohnten Gebieten auf den Kornaten schon in der Vorgeschichte.[\/vc_column_text][vc_media_grid style=&#8220;load-more&#8220; items_per_page=&#8220;4&#8243; element_width=&#8220;3&#8243; gap=&#8220;20&#8243; btn_title=&#8220;Mehr Fotos&#8220; btn_style=&#8220;modern&#8220; btn_shape=&#8220;square&#8220; btn_color=&#8220;default&#8220; btn_size=&#8220;xs&#8220; btn_i_icon_fontawesome=&#8220;fas fa-camera&#8220; btn_add_icon=&#8220;true&#8220; grid_id=&#8220;vc_gid:1657045088415-9a156a3d-0921-0&#8243; include=&#8220;1654,1763,1648,1643,1642,1641,1640,1639,1638,1636,1635,1634,1633,1632,1631,1624,1625,1626,1627,1628,1629,1630,1623,1622,1621,1620,1672,1619,1617,1616,1615,1614,1612,1610,1599,1644&#8243;][vc_column_text]<\/p>\n<h2><span id=\"result_box\" class=\"short_text\" lang=\"de\"><span class=\"hps alt-edited\">Adriatischen K\u00fcste<\/span><\/span><\/h2>\n<p>Das Adriatische Meer erstreckt sich vom Nordwesten nach S\u00fcdosten und umfasst das Gebiet zwischen der Balkan- und Apenninen Halbinseln in der L\u00e4nge von 783 km. Die durchschnittliche Breite der Adria betr\u00e4gt 170 km, und die durchschnittliche Tiefe betr\u00e4gt 252 m. Es ist flach im Nordwesten und im S\u00fcden viel tiefer. Der \u00f6stliche Teil der Adria geh\u00f6rt zu Kroatien. Es erstreckt sich von Prevlaka im S\u00fcden und Kap Savudrija im Westen einschlie\u00dflich aller Inseln, Inselchen und Riffe entlang der K\u00fcste, und der Palagruza Archipels.<\/p>\n<p>Kroatischen K\u00fcste ist eine der am meisten gegliederten K\u00fcsten der Welt. Es umfasst 1.185 Inseln, Inselchen und Riffen. Die gr\u00f6\u00dfte Insel ist die Insel Krk. Weitere gro\u00dfe Inseln sind Cres, Brac, Hvar, Korcula und Pag. Die gr\u00f6\u00dften Halbinseln sind Istrien und Peljesac, und die gr\u00f6\u00dfte Bucht ist die Kvarner Bucht. Die L\u00e4nge der K\u00fcste einschlie\u00dflich der Inseln, Inselchen und Riffen ist 5,835 km.[\/vc_column_text][vc_column_text]Das gesamte n\u00f6rdliche K\u00fcstengebiet der Adria ist durch das milde Mittelmeerklima mit trockenen und warmen Sommern sowie feuchten und milden Wintern gekennzeichnet. Die Wintertemperaturen bewegen sich zwischen -1\u00b0 und 10\u00b0 C in der kontinentalen Zone und zwischen 5\u00b0 und 15\u00b0 C an der K\u00fcste. Die Sommertemperaturen liegen zwischen 22\u00b0 und 26\u00b0 C im kontinentalen Gebiet und zwischen 26\u00b0 und 30\u00b0 C\u00a0 in der K\u00fcstenregion. Mit durchschnittlich 2.600 Sonnenstunden im Jahr ist die Adriak\u00fcste eine der sonnigsten K\u00fcsten im Mittelmeerraum, bei einer Meerestemperatur zwischen 25\u00b0 und 27\u00b0 C im Sommer.<\/p>\n<h1><\/h1>\n<p>[\/vc_column_text][vc_column_text]\r\n\t\t\t\t<style type=\"text\/css\">\r\n\t\t\t\t\t.simple-social-share ul {\r\n\t\t\t\t\t\tpadding: 0px;\r\n\t\t\t\t\t\tmargin: 0px;\r\n\t\t\t\t\t}\r\n\t\t\t\t\t.simple-social-share ul li {\r\n\t\t\t\t\t\tpadding: 0px;\r\n\t\t\t\t\t\tmargin: 0px;\r\n\t\t\t\t\t\tlist-style: none;\r\n\t\t\t\t\t\tdisplay: inline-block;\r\n\t\t\t\t\t\tborder: none;\r\n\t\t\t\t\t\twidth: auto;\r\n\t\t\t\t\t} \r\n\t\t\t\t\t.simple-social-share ul li a {\r\n\t\t\t\t\t\tmargin: 2px 5px 5px 0px;\r\n\t\t\t\t\t\tcolor: #fff;\r\n\t\t\t\t\t\ttext-decoration: none;\r\n\t\t\t\t\t\tdisplay: inline-block;\r\n\t\t\t\t\t\tline-height: 34px;\r\n\t\t\t\t\t\theight: 32px;\r\n\t\t\t\t\t\twidth: auto;\r\n\t\t\t\t\t\ttext-align: center;\r\n\t\t\t\t\t\tpadding: 0px 15px;\r\n\t\t\t\t\t\tfont-size: 16px;\r\n\t\t\t\t\t}\r\n\t\t\t\t\t.simple-social-share ul li a i {\r\n\t\t\t\t\t\tcolor: #fff;\r\n\t\t\t\t\t\tfont-size: 19px;\r\n\t\t\t\t\t    margin-left: 11px;\r\n\t\t\t\t\t}\r\n\t\t\t\t\t.simple-social-share ul li.facebook-share a {\r\n\t\t\t\t\t\tbackground: #3B5999;\r\n\t\t\t\t\t}\r\n\t\t\t\t\t\r\n\t\t\t\t\t.simple-social-share ul li.twitter-share a {\r\n\t\t\t\t\t\tbackground: #59D1DF;\r\n\t\t\t\t\t}\r\n\t\t\t\t\t.simple-social-share ul li.linkedin-share a {\r\n\t\t\t\t\t\tbackground: #0077b5;\r\n\t\t\t\t\t}\r\n\t\t\t\t\t.simple-social-share ul li.pinterest-share a {\r\n\t\t\t\t\t\tbackground: #CD252B;\r\n\t\t\t\t\t}\r\n\t\t\t\t\t.simple-social-share ul li.mail-share a {\r\n\t\t\t\t\t\tbackground: #27062D;\r\n\t\t\t\t\t}\r\n\t\t\t\t<\/style><div class=\"simple-social-share\"><ul><li class=\"facebook-share\"><a href=\"javascript:void(0);\" onclick=\"window.open('http:\/\/www.facebook.com\/sharer\/sharer.php?u=https%3A%2F%2Fsea-rent-a-boat-vodice.com%2Fde%2Fvodice-aquatorium%2F&t=Vodice+aquatorium+%7C+Rent+a+Boat+Vodice','popup','width=800,height=600'); return false;\" alt=\"Facebook\" target=\"_blank\">Facebook<i class=\"fa fa-facebook\"><\/i><\/a><\/li><li class=\"twitter-share\"><a href=\"javascript:void(0);\" onclick=\"window.open('https:\/\/twitter.com\/intent\/tweet?text=Vodice+aquatorium+%7C+Rent+a+Boat+Vodice: https%3A%2F%2Fsea-rent-a-boat-vodice.com%2Fde%2Fvodice-aquatorium%2F','popup','width=800,height=600'); return false;\" alt=\"Twitter\" target=\"_blank\">Twitter<i class=\"fa fa-twitter\"><\/i><\/a><\/li><li class=\"linkedin-share\"><a href=\"javascript:void(0);\" onclick=\"window.open('https:\/\/www.linkedin.com\/shareArticle?title=Vodice+aquatorium+%7C+Rent+a+Boat+Vodice&mini=true&url=https%3A%2F%2Fsea-rent-a-boat-vodice.com%2Fde%2Fvodice-aquatorium%2F','popup','width=800,height=600'); return false;\" alt=\"LinkedIn\" target=\"_blank\">LinkedIn<i class=\"fa fa-linkedin\"><\/i><\/a><\/li><\/ul><\/div>[\/vc_column_text][\/vc_column][vc_column width=&#8220;1\/4&#8243;]<div class=\"get_in_touch\" style=\"background-image:url(https:\/\/sea-rent-a-boat-vodice.com\/wp-content\/uploads\/2015\/10\/rent-a-boat-vodice-contacts.png);\"><h3>Unsere Kontakte<\/h3><div class=\"get_in_touch_wrapper\"><ul><li class=\"address\"><span class=\"icon\"><i class=\"icon-location\" aria-label=\"address\"><\/i><\/span><span class=\"address_wrapper\"><b>SEA Boats Vodice<\/b><br \/>\nObala V. Nazora BB<br \/>\n22211 Vodice, Hrvatska<\/span><\/li><li class=\"phone phone-1\"><span class=\"icon\"><i class=\"icon-phone\" aria-label=\"phone\"><\/i><\/span><p><a href=\"tel:+385996777184\">+385 99 677 7184<\/a><\/p><\/li><li class=\"mail\"><span class=\"icon\"><i class=\"icon-mail\" aria-label=\"mail\"><\/i><\/span><p><a href=\"mailto:sea.vodice@gmail.com\">sea.vodice@gmail.com<\/a><\/p><\/li><\/ul><\/div><\/div>\n<div class=\"opening_hours\" style=\"background-image:url(https:\/\/sea-rent-a-boat-vodice.com\/wp-content\/uploads\/2015\/10\/rent-a-boat-vodice-opening-hours.png);\"><h3>Betriebsstunden<\/h3><div class=\"opening_hours_wrapper\"><span class=\"ohw-desc\">Sea Infodesk \u00d6ffnungszeit:<\/p>\n<ul>\n<li><label> Montag &#8211; Sonntag<\/label><br \/>\n08 <sup> 00<\/sup> &#8211; 14 <sup> 00<\/sup><br \/>\n17 <sup> 00<\/sup> &#8211; 22 <sup> 00<\/sup><\/li>\n<\/ul>\n<p>Au\u00dferhalb der, dass Sie uns an oder senden Sie uns eine E-Mail. Wir freuen uns, von Ihnen zu h\u00f6ren.<br \/>\n<\/span><\/div><\/div>\n<div class=\"trailer_box \"><a href=\"https:\/\/sea-rent-a-boat-vodice.com\/de\/vodice-apartments\/\" ><img class=\"scale-with-grid\" src=\"https:\/\/sea-rent-a-boat-vodice.com\/wp-content\/uploads\/2015\/08\/boatapartment-one-price-discount.jpg\" alt=\"boat+apartment-one-price-discount\" width=\"960\" height=\"960\"\/><div class=\"desc\"><div class=\"subtitle\">Apartment + Boot<\/div><h2>Ein Preis mit Rabatt<\/h2><div class=\"line\"><\/div><\/div><\/a><\/div>\n[\/vc_column][\/vc_row][vc_row full_width=&#8220;stretch_row&#8220; css=&#8220;.vc_custom_1490739813564{margin-top: 50px !important;}&#8220;][vc_column el_class=&#8220;heading-centerd special-heading&#8220;]<div class=\"fancy_heading fancy_heading_line\"><div class=\"fh-top\"><span class=\"slogan\">Service-Qualit\u00e4t und professionelle Personal<\/span><\/div><h1 class=\"title\">Sea Rent a Boat Vodice<\/h1><div class=\"inside\">Wir offerieren attraktive Boote zu mieten. Alle Boote sind komplett ausgestattet und kann mit oder ohne Skipper gemietet werden.<br \/>\nBoote k\u00f6nnen f\u00fcr einen Tag oder eine Woche wahlweise auch f\u00fcr einen halben Tag gemietet werden.<\/div><\/div>\n[\/vc_column][\/vc_row][vc_row css=&#8220;.vc_custom_1445602210053{margin-bottom: 80px !important;}&#8220;][vc_column width=&#8220;1\/3&#8243; el_class=&#8220;style-simple&#8220;]<div class=\"sliding_box\"><a href=\"https:\/\/sea-rent-a-boat-vodice.com\/de\/rent-a-boat-vodice\/atlantic-marine-sun-cruiser-690\/\" ><div class=\"photo_wrapper\"><img class=\"scale-with-grid\" src=\"https:\/\/sea-rent-a-boat-vodice.com\/wp-content\/uploads\/2022\/02\/atlantic-marine-sun-cruiser-690-sea-rent-a-boat-vodice.jpg\" alt=\"atlantic-marine-sun-cruiser-690-sea-rent-a-boat-vodice\" width=\"600\" height=\"360\"\/><\/div><div class=\"desc_wrapper\"><h4>Atlantic Marine Sun Cruiser 690<\/h4><\/div><\/a><\/div>\n[\/vc_column][vc_column width=&#8220;1\/3&#8243; el_class=&#8220;style-simple&#8220;]<div class=\"sliding_box\"><a href=\"https:\/\/sea-rent-a-boat-vodice.com\/de\/rent-a-boat-vodice\/zodiac-n-zo-680\/\" ><div class=\"photo_wrapper\"><img class=\"scale-with-grid\" src=\"https:\/\/sea-rent-a-boat-vodice.com\/wp-content\/uploads\/2019\/04\/rent-a-boat-vodice-zodiac-680.jpg\" alt=\"rent-a-boat-vodice-zodiac-680\" width=\"600\" height=\"360\"\/><\/div><div class=\"desc_wrapper\"><h4>Zodiac N-ZO 680<\/h4><\/div><\/a><\/div>\n[\/vc_column][vc_column width=&#8220;1\/3&#8243; el_class=&#8220;style-simple&#8220;]<div class=\"sliding_box\"><a href=\"https:\/\/sea-rent-a-boat-vodice.com\/de\/rent-a-boat-vodice\/bat-indian-680\/\" ><div class=\"photo_wrapper\"><img class=\"scale-with-grid\" src=\"https:\/\/sea-rent-a-boat-vodice.com\/wp-content\/uploads\/2015\/10\/rent-a-boat-vodice-680-bat-indian.jpg\" alt=\"Rent a Boat Vodice BAT Inidan 680\" width=\"600\" height=\"360\"\/><\/div><div class=\"desc_wrapper\"><h4>Bat Indian 680<\/h4><\/div><\/a><\/div>\n[\/vc_column][\/vc_row][vc_row css=&#8220;.vc_custom_1445602210053{margin-bottom: 80px !important;}&#8220;][vc_column width=&#8220;1\/3&#8243; el_class=&#8220;style-simple&#8220;]<div class=\"sliding_box\"><a href=\"https:\/\/sea-rent-a-boat-vodice.com\/de\/rent-a-boat-vodice\/quick-silver-605-sundesk\/\" ><div class=\"photo_wrapper\"><img class=\"scale-with-grid\" src=\"https:\/\/sea-rent-a-boat-vodice.com\/wp-content\/uploads\/2015\/10\/rent-a-boat-vodice-quicksilver-speedboat.png\" alt=\"rent-a-boat-vodice-quicksilver-speedboat\" width=\"600\" height=\"360\"\/><\/div><div class=\"desc_wrapper\"><h4>Quick Silver 605<\/h4><\/div><\/a><\/div>\n[\/vc_column][vc_column width=&#8220;1\/3&#8243; el_class=&#8220;style-simple&#8220;]<div class=\"sliding_box\"><a href=\"https:\/\/sea-rent-a-boat-vodice.com\/de\/rent-a-boat-vodice\/bluemax-550-open\/\" ><div class=\"photo_wrapper\"><img class=\"scale-with-grid\" src=\"https:\/\/sea-rent-a-boat-vodice.com\/wp-content\/uploads\/2015\/10\/rent-a-vodice-bluemax-550.jpg\" alt=\"Rent a Boat Vodice BlueMax 550 Open\" width=\"600\" height=\"360\"\/><\/div><div class=\"desc_wrapper\"><h4>BlueMax 550 Open<\/h4><\/div><\/a><\/div>\n[\/vc_column][vc_column width=&#8220;1\/3&#8243; el_class=&#8220;style-simple&#8220;][\/vc_column][\/vc_row][vc_row full_width=&#8220;stretch_row&#8220; css=&#8220;.vc_custom_1450730897431{padding-top: 40px !important;background-color: #f9f9f9 !important;}&#8220;][vc_column width=&#8220;1\/3&#8243;]<div class=\"icon_box icon_position_left has_border\"><a class=\"\" href=\"tel:+385%2099%20677%207184\"  ><div class=\"image_wrapper\"><img class=\"scale-with-grid\" src=\"https:\/\/sea-rent-a-boat-vodice.com\/wp-content\/uploads\/2015\/10\/rent-a-boat-vodice-phone.png\" alt=\"Rent a Boat Vodice\" width=\"72\" height=\"72\"\/><\/div><div class=\"desc_wrapper\"><h4 class=\"title\">Rufen sie uns an<\/h4><div class=\"desc\">+385 99 677 7184<\/div><\/div><\/a><\/div>\n[\/vc_column][vc_column width=&#8220;1\/3&#8243;]<div class=\"icon_box icon_position_left has_border\"><a class=\"\" href=\"mailto:sea.vodice@gmail.com\"  ><div class=\"image_wrapper\"><img class=\"scale-with-grid\" src=\"https:\/\/sea-rent-a-boat-vodice.com\/wp-content\/uploads\/2015\/10\/rent-a-boat-vodice-mail.png\" alt=\"Rent a Boat Vodice\" width=\"72\" height=\"72\"\/><\/div><div class=\"desc_wrapper\"><h4 class=\"title\">Eine E-Mail senden<\/h4><div class=\"desc\">sea.vodice@gmail.com<\/div><\/div><\/a><\/div>\n[\/vc_column][vc_column width=&#8220;1\/3&#8243;]<div class=\"icon_box icon_position_left no_border\"><a class=\"\" href=\"https:\/\/sea-rent-a-boat-vodice.com\/de\/kontakt\/\"  ><div class=\"image_wrapper\"><img class=\"scale-with-grid\" src=\"https:\/\/sea-rent-a-boat-vodice.com\/wp-content\/uploads\/2015\/10\/rent-a-boat-vodice-location.png\" alt=\"Rent a Boat Vodice\" width=\"72\" height=\"72\"\/><\/div><div class=\"desc_wrapper\"><h4 class=\"title\">Sea Info-Desk<\/h4><div class=\"desc\">Obala V. Nazora, Vodice HR<\/div><\/div><\/a><\/div>\n[\/vc_column][\/vc_row]<\/p>\n","protected":false},"excerpt":{"rendered":"<p>[vc_row css=&#8220;.vc_custom_1445602198018{margin-top: 40px !important;margin-bottom: 40px !important;}&#8220;][vc_column width=&#8220;3\/4&#8243;][vc_column_text][\/vc_column_text][vc_column_text] Nationalpark Kornati Kornati sind eine unber\u00fchrte Oase f\u00fcr solche die es genie\u00dfen wollen im kristallklarem Meer zu baden, in<span class=\"excerpt-hellip\"> [\u2026]<\/span><\/p>\n","protected":false},"author":1,"featured_media":1599,"parent":0,"menu_order":0,"comment_status":"closed","ping_status":"closed","template":"","meta":[],"acf":[],"yoast_head":"<!-- This site is optimized with the Yoast SEO plugin v20.3 - https:\/\/yoast.com\/wordpress\/plugins\/seo\/ -->\n<title>Vodice aquatorium | Rent a Boat Vodice<\/title>\n<meta name=\"description\" content=\"Rent a Boat Vodice - Adriak\u00fcste gilt als einer der sch\u00f6nsten in der Welt betrachtet. Informieren Sie sich jetzt und starten Sie Ihre Reiseplanung.\" \/>\n<meta name=\"robots\" content=\"index, follow, max-snippet:-1, max-image-preview:large, max-video-preview:-1\" \/>\n<link rel=\"canonical\" href=\"https:\/\/sea-rent-a-boat-vodice.com\/de\/vodice-aquatorium\/\" \/>\n<meta property=\"og:locale\" content=\"de_DE\" \/>\n<meta property=\"og:type\" content=\"article\" \/>\n<meta property=\"og:title\" content=\"Vodice aquatorium | Rent a Boat Vodice\" \/>\n<meta property=\"og:description\" content=\"Rent a Boat Vodice - Adriak\u00fcste gilt als einer der sch\u00f6nsten in der Welt betrachtet. Informieren Sie sich jetzt und starten Sie Ihre Reiseplanung.\" \/>\n<meta property=\"og:url\" content=\"https:\/\/sea-rent-a-boat-vodice.com\/de\/vodice-aquatorium\/\" \/>\n<meta property=\"og:site_name\" content=\"Rent a Boat Vodice\" \/>\n<meta property=\"article:modified_time\" content=\"2022-07-05T18:19:30+00:00\" \/>\n<meta property=\"og:image\" content=\"https:\/\/sea-rent-a-boat-vodice.com\/wp-content\/uploads\/2015\/10\/vodice-aquatorium-photo-gallery.jpg\" \/>\n\t<meta property=\"og:image:width\" content=\"620\" \/>\n\t<meta property=\"og:image:height\" content=\"240\" \/>\n\t<meta property=\"og:image:type\" content=\"image\/jpeg\" \/>\n<meta name=\"twitter:card\" content=\"summary_large_image\" \/>\n<meta name=\"twitter:label1\" content=\"Gesch\u00e4tzte Lesezeit\" \/>\n\t<meta name=\"twitter:data1\" content=\"3\u00a0Minuten\" \/>\n<script type=\"application\/ld+json\" class=\"yoast-schema-graph\">{\"@context\":\"https:\/\/schema.org\",\"@graph\":[{\"@type\":\"WebPage\",\"@id\":\"https:\/\/sea-rent-a-boat-vodice.com\/de\/vodice-aquatorium\/\",\"url\":\"https:\/\/sea-rent-a-boat-vodice.com\/de\/vodice-aquatorium\/\",\"name\":\"Vodice aquatorium | Rent a Boat Vodice\",\"isPartOf\":{\"@id\":\"https:\/\/sea-rent-a-boat-vodice.com\/#website\"},\"datePublished\":\"2015-08-09T20:00:50+00:00\",\"dateModified\":\"2022-07-05T18:19:30+00:00\",\"description\":\"Rent a Boat Vodice - Adriak\u00fcste gilt als einer der sch\u00f6nsten in der Welt betrachtet. Informieren Sie sich jetzt und starten Sie Ihre Reiseplanung.\",\"breadcrumb\":{\"@id\":\"https:\/\/sea-rent-a-boat-vodice.com\/de\/vodice-aquatorium\/#breadcrumb\"},\"inLanguage\":\"de\",\"potentialAction\":[{\"@type\":\"ReadAction\",\"target\":[\"https:\/\/sea-rent-a-boat-vodice.com\/de\/vodice-aquatorium\/\"]}]},{\"@type\":\"BreadcrumbList\",\"@id\":\"https:\/\/sea-rent-a-boat-vodice.com\/de\/vodice-aquatorium\/#breadcrumb\",\"itemListElement\":[{\"@type\":\"ListItem\",\"position\":1,\"name\":\"Home\",\"item\":\"https:\/\/sea-rent-a-boat-vodice.com\/de\/\"},{\"@type\":\"ListItem\",\"position\":2,\"name\":\"Vodice aquatorium\"}]},{\"@type\":\"WebSite\",\"@id\":\"https:\/\/sea-rent-a-boat-vodice.com\/#website\",\"url\":\"https:\/\/sea-rent-a-boat-vodice.com\/\",\"name\":\"Rent a Boat Vodice\",\"description\":\"Vermietung attraktive und erschwingliche Boote in Vodice, Kroatien\",\"potentialAction\":[{\"@type\":\"SearchAction\",\"target\":{\"@type\":\"EntryPoint\",\"urlTemplate\":\"https:\/\/sea-rent-a-boat-vodice.com\/?s={search_term_string}\"},\"query-input\":\"required name=search_term_string\"}],\"inLanguage\":\"de\"}]}<\/script>\n<!-- \/ Yoast SEO plugin. -->","yoast_head_json":{"title":"Vodice aquatorium | Rent a Boat Vodice","description":"Rent a Boat Vodice - Adriak\u00fcste gilt als einer der sch\u00f6nsten in der Welt betrachtet. Informieren Sie sich jetzt und starten Sie Ihre Reiseplanung.","robots":{"index":"index","follow":"follow","max-snippet":"max-snippet:-1","max-image-preview":"max-image-preview:large","max-video-preview":"max-video-preview:-1"},"canonical":"https:\/\/sea-rent-a-boat-vodice.com\/de\/vodice-aquatorium\/","og_locale":"de_DE","og_type":"article","og_title":"Vodice aquatorium | Rent a Boat Vodice","og_description":"Rent a Boat Vodice - Adriak\u00fcste gilt als einer der sch\u00f6nsten in der Welt betrachtet. Informieren Sie sich jetzt und starten Sie Ihre Reiseplanung.","og_url":"https:\/\/sea-rent-a-boat-vodice.com\/de\/vodice-aquatorium\/","og_site_name":"Rent a Boat Vodice","article_modified_time":"2022-07-05T18:19:30+00:00","og_image":[{"width":620,"height":240,"url":"https:\/\/sea-rent-a-boat-vodice.com\/wp-content\/uploads\/2015\/10\/vodice-aquatorium-photo-gallery.jpg","type":"image\/jpeg"}],"twitter_card":"summary_large_image","twitter_misc":{"Gesch\u00e4tzte Lesezeit":"3\u00a0Minuten"},"schema":{"@context":"https:\/\/schema.org","@graph":[{"@type":"WebPage","@id":"https:\/\/sea-rent-a-boat-vodice.com\/de\/vodice-aquatorium\/","url":"https:\/\/sea-rent-a-boat-vodice.com\/de\/vodice-aquatorium\/","name":"Vodice aquatorium | Rent a Boat Vodice","isPartOf":{"@id":"https:\/\/sea-rent-a-boat-vodice.com\/#website"},"datePublished":"2015-08-09T20:00:50+00:00","dateModified":"2022-07-05T18:19:30+00:00","description":"Rent a Boat Vodice - Adriak\u00fcste gilt als einer der sch\u00f6nsten in der Welt betrachtet. Informieren Sie sich jetzt und starten Sie Ihre Reiseplanung.","breadcrumb":{"@id":"https:\/\/sea-rent-a-boat-vodice.com\/de\/vodice-aquatorium\/#breadcrumb"},"inLanguage":"de","potentialAction":[{"@type":"ReadAction","target":["https:\/\/sea-rent-a-boat-vodice.com\/de\/vodice-aquatorium\/"]}]},{"@type":"BreadcrumbList","@id":"https:\/\/sea-rent-a-boat-vodice.com\/de\/vodice-aquatorium\/#breadcrumb","itemListElement":[{"@type":"ListItem","position":1,"name":"Home","item":"https:\/\/sea-rent-a-boat-vodice.com\/de\/"},{"@type":"ListItem","position":2,"name":"Vodice aquatorium"}]},{"@type":"WebSite","@id":"https:\/\/sea-rent-a-boat-vodice.com\/#website","url":"https:\/\/sea-rent-a-boat-vodice.com\/","name":"Rent a Boat Vodice","description":"Vermietung attraktive und erschwingliche Boote in Vodice, Kroatien","potentialAction":[{"@type":"SearchAction","target":{"@type":"EntryPoint","urlTemplate":"https:\/\/sea-rent-a-boat-vodice.com\/?s={search_term_string}"},"query-input":"required name=search_term_string"}],"inLanguage":"de"}]}},"_links":{"self":[{"href":"https:\/\/sea-rent-a-boat-vodice.com\/de\/wp-json\/wp\/v2\/pages\/2219"}],"collection":[{"href":"https:\/\/sea-rent-a-boat-vodice.com\/de\/wp-json\/wp\/v2\/pages"}],"about":[{"href":"https:\/\/sea-rent-a-boat-vodice.com\/de\/wp-json\/wp\/v2\/types\/page"}],"author":[{"embeddable":true,"href":"https:\/\/sea-rent-a-boat-vodice.com\/de\/wp-json\/wp\/v2\/users\/1"}],"replies":[{"embeddable":true,"href":"https:\/\/sea-rent-a-boat-vodice.com\/de\/wp-json\/wp\/v2\/comments?post=2219"}],"version-history":[{"count":0,"href":"https:\/\/sea-rent-a-boat-vodice.com\/de\/wp-json\/wp\/v2\/pages\/2219\/revisions"}],"wp:featuredmedia":[{"embeddable":true,"href":"https:\/\/sea-rent-a-boat-vodice.com\/de\/wp-json\/wp\/v2\/media\/1599"}],"wp:attachment":[{"href":"https:\/\/sea-rent-a-boat-vodice.com\/de\/wp-json\/wp\/v2\/media?parent=2219"}],"curies":[{"name":"wp","href":"https:\/\/api.w.org\/{rel}","templated":true}]}}