{"id":2209,"date":"2015-08-09T21:58:16","date_gmt":"2015-08-09T19:58:16","guid":{"rendered":"https:\/\/sea-rent-a-boat-vodice.com\/de\/rent-a-boat-vodice\/"},"modified":"2022-07-05T20:04:21","modified_gmt":"2022-07-05T18:04:21","slug":"rent-a-boat-vodice","status":"publish","type":"page","link":"https:\/\/sea-rent-a-boat-vodice.com\/de\/rent-a-boat-vodice\/","title":{"rendered":"Rent a Boat Vodice"},"content":{"rendered":"<p>[vc_row css=&#8220;.vc_custom_1445515637237{margin-top: 40px !important;margin-bottom: 80px !important;}&#8220;][vc_column width=&#8220;3\/4&#8243; el_class=&#8220;front_page_boats_table&#8220;][vc_column_text]<\/p>\n<h1>Sea Rent a Boat Vodice<\/h1>\n<p>Wir offerieren attraktive Boote zu mieten. Alle Boote sind komplett ausgestattet und kann mit oder ohne Skipper gemietet werden. Boote k\u00f6nnen f\u00fcr einen Tag oder eine Woche wahlweise auch f\u00fcr einen halben Tag gemietet werden.<\/p>\n<p>Neuerscheinung Reservierungen und l\u00e4ngere Mietdauer bieten wir <strong>spezielle Rabatte<\/strong>. Informieren Sie sich jetzt und planen Sie einen spannenden und unvergesslichen Urlaub in Vodice, einer der beliebtesten touristischen Destinationen in Kroatien.[\/vc_column_text][vc_row_inner][vc_column_inner width=&#8220;1\/2&#8243;]<div class=\"sliding_box\"><a href=\"https:\/\/sea-rent-a-boat-vodice.com\/de\/rent-a-boat-vodice\/atlantic-marine-sun-cruiser-690\/\" ><div class=\"photo_wrapper\"><img class=\"scale-with-grid\" src=\"https:\/\/sea-rent-a-boat-vodice.com\/wp-content\/uploads\/2022\/02\/atlantic-marine-sun-cruiser-690-sea-rent-a-boat-vodice.jpg\" alt=\"atlantic-marine-sun-cruiser-690-sea-rent-a-boat-vodice\" width=\"600\" height=\"360\"\/><\/div><div class=\"desc_wrapper\"><h4>Atlantic Marine Sun Cruiser 690<\/h4><\/div><\/a><\/div>\n[\/vc_column_inner][vc_column_inner el_class=&#8220;front_page_boat_table&#8220; width=&#8220;1\/2&#8243;][vc_column_text]<\/p>\n<h4>Boot Spezifikationen:<\/h4>\n<table>\n<tbody>\n<tr>\n<td><strong><span id=\"result_box\" class=\"short_text\" lang=\"de\"><span class=\"hps\">Bootstyp<\/span><\/span><\/strong><\/td>\n<td>Rennboot \/ Sportboot<\/td>\n<\/tr>\n<tr>\n<td><strong><span id=\"result_box\" class=\"short_text\" lang=\"de\"><span class=\"hps\">L\u00e4nge<\/span><\/span><\/strong><\/td>\n<td>6.90 m (22.6 Fu\u00df)<\/td>\n<\/tr>\n<tr>\n<td><strong><span id=\"result_box\" class=\"short_text\" lang=\"de\"><span class=\"hps\">Motor<\/span><\/span><\/strong><\/td>\n<td>Yamaha 225 PS (168 kW)<\/td>\n<\/tr>\n<tr>\n<td><strong>Max <span id=\"result_box\" class=\"short_text\" lang=\"de\"><span class=\"hps\">Personen<\/span><\/span><br \/>\n<\/strong><\/td>\n<td>8<\/td>\n<\/tr>\n<tr>\n<td><strong><span id=\"result_box\" class=\"short_text\" lang=\"de\"><span class=\"hps\">Preis von<\/span><\/span><\/strong><\/td>\n<td>280,00\u20ac<\/td>\n<\/tr>\n<\/tbody>\n<\/table>\n<p><a class=\"button  has-icon button_left button_size_2\"  href=\"https:\/\/sea-rent-a-boat-vodice.com\/de\/rent-a-boat-vodice\/atlantic-marine-sun-cruiser-690\/\" style=\"background-color:#0B95B4!important;color:#ffffff;\"    ><span class=\"button_icon\"><i class=\"icon-right-open\"  style=\"color:#ffffff!important;\" aria-hidden=\"true\"><\/i><\/span><span class=\"button_label\">Bootsdaten &amp; Reservierungen<\/span><\/a>\n[\/vc_column_text][\/vc_column_inner][\/vc_row_inner][vc_row_inner][vc_column_inner width=&#8220;1\/2&#8243;]<div class=\"sliding_box\"><a href=\"https:\/\/sea-rent-a-boat-vodice.com\/de\/rent-a-boat-vodice\/bat-indian-680\/\" ><div class=\"photo_wrapper\"><img class=\"scale-with-grid\" src=\"https:\/\/sea-rent-a-boat-vodice.com\/wp-content\/uploads\/2015\/10\/rent-a-boat-vodice-680-bat-indian.jpg\" alt=\"Rent a Boat Vodice BAT Inidan 680\" width=\"600\" height=\"360\"\/><\/div><div class=\"desc_wrapper\"><h4>BAT Indian 680<\/h4><\/div><\/a><\/div>\n[\/vc_column_inner][vc_column_inner el_class=&#8220;front_page_boat_table&#8220; width=&#8220;1\/2&#8243;][vc_column_text]<\/p>\n<h4>Boot Spezifikationen:<\/h4>\n<table>\n<tbody>\n<tr>\n<td><strong><span id=\"result_box\" class=\"short_text\" lang=\"de\"><span class=\"hps\">Bootstyp<\/span><\/span><\/strong><\/td>\n<td>RIB \/ Schlauchboot<\/td>\n<\/tr>\n<tr>\n<td><strong><span id=\"result_box\" class=\"short_text\" lang=\"de\"><span class=\"hps\">L\u00e4nge<\/span><\/span><\/strong><\/td>\n<td>6.80 m (22.3 Fu\u00df)<\/td>\n<\/tr>\n<tr>\n<td><strong><span id=\"result_box\" class=\"short_text\" lang=\"de\"><span class=\"hps\">Motor<\/span><\/span><\/strong><\/td>\n<td>Yamaha 200 PS (147 kW)<\/td>\n<\/tr>\n<tr>\n<td><strong>Max <span id=\"result_box\" class=\"short_text\" lang=\"de\"><span class=\"hps\">Personen<\/span><\/span><br \/>\n<\/strong><\/td>\n<td>9<\/td>\n<\/tr>\n<tr>\n<td><strong><span id=\"result_box\" class=\"short_text\" lang=\"de\"><span class=\"hps\">Preis von<\/span><\/span><\/strong><\/td>\n<td>250,00\u20ac<\/td>\n<\/tr>\n<\/tbody>\n<\/table>\n<p><a class=\"button  has-icon button_left button_size_2\"  href=\"https:\/\/sea-rent-a-boat-vodice.com\/de\/rent-a-boat-vodice\/bat-indian-680\/\" style=\"background-color:#0B95B4!important;color:#ffffff;\"    ><span class=\"button_icon\"><i class=\"icon-right-open\"  style=\"color:#ffffff!important;\" aria-hidden=\"true\"><\/i><\/span><span class=\"button_label\">Bootsdaten &amp; Reservierungen<\/span><\/a>\n[\/vc_column_text][\/vc_column_inner][\/vc_row_inner][vc_row_inner][vc_column_inner width=&#8220;1\/2&#8243;]<div class=\"sliding_box\"><a href=\"https:\/\/sea-rent-a-boat-vodice.com\/de\/rent-a-boat-vodice\/zodiac-n-zo-680\/\" ><div class=\"photo_wrapper\"><img class=\"scale-with-grid\" src=\"https:\/\/sea-rent-a-boat-vodice.com\/wp-content\/uploads\/2019\/04\/rent-a-boat-vodice-zodiac-680.jpg\" alt=\"rent-a-boat-vodice-zodiac-680\" width=\"600\" height=\"360\"\/><\/div><div class=\"desc_wrapper\"><h4>Zodiac N-ZO 680<\/h4><\/div><\/a><\/div>\n[\/vc_column_inner][vc_column_inner el_class=&#8220;front_page_boat_table&#8220; width=&#8220;1\/2&#8243;][vc_column_text]<\/p>\n<h4>Boot Spezifikationen:<\/h4>\n<table>\n<tbody>\n<tr>\n<td><strong><span id=\"result_box\" class=\"short_text\" lang=\"de\"><span class=\"hps\">Bootstyp<\/span><\/span><\/strong><\/td>\n<td>RIB \/ Schlauchboot<\/td>\n<\/tr>\n<tr>\n<td><strong><span id=\"result_box\" class=\"short_text\" lang=\"de\"><span class=\"hps\">L\u00e4nge<\/span><\/span><\/strong><\/td>\n<td>6.80 m (22.3 Fu\u00df)<\/td>\n<\/tr>\n<tr>\n<td><strong><span id=\"result_box\" class=\"short_text\" lang=\"de\"><span class=\"hps\">Motor<\/span><\/span><\/strong><\/td>\n<td>Yamaha 225 PS (168 kW)<\/td>\n<\/tr>\n<tr>\n<td><strong>Max <span id=\"result_box\" class=\"short_text\" lang=\"de\"><span class=\"hps\">Personen<\/span><\/span><br \/>\n<\/strong><\/td>\n<td>10<\/td>\n<\/tr>\n<tr>\n<td><strong><span id=\"result_box\" class=\"short_text\" lang=\"de\"><span class=\"hps\">Preis von<\/span><\/span><\/strong><\/td>\n<td>270,00\u20ac<\/td>\n<\/tr>\n<\/tbody>\n<\/table>\n<p><a class=\"button  has-icon button_left button_size_2\"  href=\"https:\/\/sea-rent-a-boat-vodice.com\/de\/rent-a-boat-vodice\/zodiac-n-zo-680\/\" style=\"background-color:#0B95B4!important;color:#ffffff;\"    ><span class=\"button_icon\"><i class=\"icon-right-open\"  style=\"color:#ffffff!important;\" aria-hidden=\"true\"><\/i><\/span><span class=\"button_label\">Bootsdaten &amp; Reservierungen<\/span><\/a>\n[\/vc_column_text][\/vc_column_inner][\/vc_row_inner][vc_row_inner][vc_column_inner width=&#8220;1\/2&#8243;]<div class=\"sliding_box\"><a href=\"https:\/\/sea-rent-a-boat-vodice.com\/de\/rent-a-boat-vodice\/quick-silver-605-sundesk\/\" ><div class=\"photo_wrapper\"><img class=\"scale-with-grid\" src=\"https:\/\/sea-rent-a-boat-vodice.com\/wp-content\/uploads\/2015\/10\/rent-a-boat-vodice-quicksilver-speedboat.png\" alt=\"rent-a-boat-vodice-quicksilver-speedboat\" width=\"600\" height=\"360\"\/><\/div><div class=\"desc_wrapper\"><h4>Quick Silver 605 SunDesk<\/h4><\/div><\/a><\/div>\n[\/vc_column_inner][vc_column_inner el_class=&#8220;front_page_boat_table&#8220; width=&#8220;1\/2&#8243;][vc_column_text]<\/p>\n<h4>Boot Spezifikationen:<\/h4>\n<table>\n<tbody>\n<tr>\n<td><strong><span id=\"result_box\" class=\"short_text\" lang=\"de\"><span class=\"hps\">Bootstyp<\/span><\/span><\/strong><\/td>\n<td>Rennboot \/ Sportboot<\/td>\n<\/tr>\n<tr>\n<td><strong><span id=\"result_box\" class=\"short_text\" lang=\"de\"><span class=\"hps\">L\u00e4nge<\/span><\/span><\/strong><\/td>\n<td>6.12\u00a0m (20.7 Fu\u00df)<\/td>\n<\/tr>\n<tr>\n<td><b>Motor<\/b><\/td>\n<td>Yamaha 150 PS\u00a0(112 kW)<\/td>\n<\/tr>\n<tr>\n<td><strong>Max Personen<\/strong><\/td>\n<td>7<\/td>\n<\/tr>\n<tr>\n<td><strong>Preis von<\/strong><\/td>\n<td>190,00\u20ac<\/td>\n<\/tr>\n<\/tbody>\n<\/table>\n<p><a class=\"button  has-icon button_left button_size_2\"  href=\"https:\/\/sea-rent-a-boat-vodice.com\/de\/rent-a-boat-vodice\/quick-silver-605-sundesk\/\" style=\"background-color:#0B95B4!important;color:#ffffff;\"    ><span class=\"button_icon\"><i class=\"icon-right-open\"  style=\"color:#ffffff!important;\" aria-hidden=\"true\"><\/i><\/span><span class=\"button_label\">Boat details &amp; Reservations<\/span><\/a>\n[\/vc_column_text][\/vc_column_inner][\/vc_row_inner][vc_row_inner][vc_column_inner width=&#8220;1\/2&#8243;]<div class=\"sliding_box\"><a href=\"https:\/\/sea-rent-a-boat-vodice.com\/de\/rent-a-boat-vodice\/bluemax-550-open\/\" ><div class=\"photo_wrapper\"><img class=\"scale-with-grid\" src=\"https:\/\/sea-rent-a-boat-vodice.com\/wp-content\/uploads\/2015\/10\/rent-a-vodice-bluemax-550.jpg\" alt=\"Rent a Boat Vodice BlueMax 550 Open\" width=\"600\" height=\"360\"\/><\/div><div class=\"desc_wrapper\"><h4>BlueMax 550 Open<\/h4><\/div><\/a><\/div>\n[\/vc_column_inner][vc_column_inner el_class=&#8220;front_page_boat_table&#8220; width=&#8220;1\/2&#8243;][vc_column_text]<\/p>\n<h4>Boot Spezifikationen:<\/h4>\n<table>\n<tbody>\n<tr>\n<td><strong><span id=\"result_box\" class=\"short_text\" lang=\"de\"><span class=\"hps\">Bootstyp<\/span><\/span><\/strong><\/td>\n<td>Rennboot \/ Motorboot<\/td>\n<\/tr>\n<tr>\n<td><strong><span id=\"result_box\" class=\"short_text\" lang=\"de\"><span class=\"hps\">L\u00e4nge<\/span><\/span><\/strong><\/td>\n<td>5.50 m (18 Fu\u00df)<\/td>\n<\/tr>\n<tr>\n<td><strong><span id=\"result_box\" class=\"short_text\" lang=\"de\"><span class=\"hps\">Motor<\/span><\/span><\/strong><\/td>\n<td>Yamaha 100 PS (74 kW)<\/td>\n<\/tr>\n<tr>\n<td><strong>Max <span id=\"result_box\" class=\"short_text\" lang=\"de\"><span class=\"hps\">Personen<\/span><\/span><\/strong><\/td>\n<td>6<\/td>\n<\/tr>\n<tr>\n<td><strong><span id=\"result_box\" class=\"short_text\" lang=\"de\"><span class=\"hps\">Preis von<\/span><\/span><\/strong><\/td>\n<td>140,00\u20ac<\/td>\n<\/tr>\n<\/tbody>\n<\/table>\n<p><a class=\"button  has-icon button_left button_size_2\"  href=\"https:\/\/sea-rent-a-boat-vodice.com\/de\/rent-a-boat-vodice\/bluemax-550-open\/\" style=\"background-color:#0B95B4!important;color:#ffffff;\"    ><span class=\"button_icon\"><i class=\"icon-right-open\"  style=\"color:#ffffff!important;\" aria-hidden=\"true\"><\/i><\/span><span class=\"button_label\">Bootsdaten &amp; Reservierungen<\/span><\/a>\n[\/vc_column_text][\/vc_column_inner][\/vc_row_inner][vc_row_inner disable_element=&#8220;yes&#8220;][vc_column_inner width=&#8220;1\/2&#8243;]<div class=\"sliding_box\"><a href=\"https:\/\/sea-rent-a-boat-vodice.com\/de\/rent-a-boat-vodice\/maestral-570\/\" ><div class=\"photo_wrapper\"><img class=\"scale-with-grid\" src=\"https:\/\/sea-rent-a-boat-vodice.com\/wp-content\/uploads\/2015\/10\/rent-a-vodice-maestral-570.jpg\" alt=\"Rent a Boat Vodice Maestral 570\" width=\"600\" height=\"360\"\/><\/div><div class=\"desc_wrapper\"><h4>Maestral 570<\/h4><\/div><\/a><\/div>\n[\/vc_column_inner][vc_column_inner el_class=&#8220;front_page_boat_table&#8220; width=&#8220;1\/2&#8243;][vc_column_text]<\/p>\n<h4>Boot Spezifikationen:<\/h4>\n<table>\n<tbody>\n<tr>\n<td><strong><span id=\"result_box\" class=\"short_text\" lang=\"de\"><span class=\"hps\">Bootstyp<\/span><\/span><\/strong><\/td>\n<td>RIB \/ Schlauchboot<\/td>\n<\/tr>\n<tr>\n<td><strong><span id=\"result_box\" class=\"short_text\" lang=\"de\"><span class=\"hps\">L\u00e4nge<\/span><\/span><\/strong><\/td>\n<td>6,20 m (20.4 Fu\u00df)<\/td>\n<\/tr>\n<tr>\n<td><strong><span id=\"result_box\" class=\"short_text\" lang=\"de\"><span class=\"hps\">Motor<\/span><\/span><\/strong><\/td>\n<td>Honda 100 PS (74 kW)<\/td>\n<\/tr>\n<tr>\n<td><strong>Max <span id=\"result_box\" class=\"short_text\" lang=\"de\"><span class=\"hps\">Personen<\/span><\/span><br \/>\n<\/strong><\/td>\n<td>6<\/td>\n<\/tr>\n<tr>\n<td><strong><span id=\"result_box\" class=\"short_text\" lang=\"de\"><span class=\"hps\">Preis von<\/span><\/span><\/strong><\/td>\n<td>140,00\u20ac<\/td>\n<\/tr>\n<\/tbody>\n<\/table>\n<p><a class=\"button  has-icon button_left button_size_2\"  href=\"https:\/\/sea-rent-a-boat-vodice.com\/de\/rent-a-boat-vodice\/maestral-570\/\" style=\"background-color:#0B95B4!important;color:#ffffff;\"    ><span class=\"button_icon\"><i class=\"icon-right-open\"  style=\"color:#ffffff!important;\" aria-hidden=\"true\"><\/i><\/span><span class=\"button_label\">Bootsdaten &amp; Reservierungen<\/span><\/a>\n[\/vc_column_text][\/vc_column_inner][\/vc_row_inner][\/vc_column][vc_column width=&#8220;1\/4&#8243;]<div class=\"infobox\" style=\"background-image:url(https:\/\/sea-rent-a-boat-vodice.com\/wp-content\/uploads\/2015\/10\/rent-a-boat-vodice-equipmnet.png);\"><h3>Bootsausr\u00fcstung<\/h3><div class=\"infobox_wrapper\"><span class=\"ib-desc\"><\/p>\n<ul>\n<li>Bimini-Top<\/li>\n<li>GPS-System<\/li>\n<li>Compass<\/li>\n<li>Radio \/ MP3-Player<\/li>\n<li>Schwimmwesten<\/li>\n<li>Badeleiter<\/li>\n<\/ul>\n<p><\/span><\/div><\/div>\n[vc_column_text]<div class=\"content_video iframe auto-wh\"><iframe style=\"\" class=\"scale-with-grid\" width=\"\" height=\"\" src=\"https:\/\/www.youtube.com\/embed\/9XrddxVDeTc?wmode=opaque\" allowfullscreen><\/iframe>\n<\/div>\n[\/vc_column_text]<div class=\"opening_hours\" style=\"background-image:url(https:\/\/sea-rent-a-boat-vodice.com\/wp-content\/uploads\/2015\/10\/rent-a-boat-vodice-opening-hours.png);\"><h3>Betriebsstunden<\/h3><div class=\"opening_hours_wrapper\"><span class=\"ohw-desc\">Sea Infodesk \u00d6ffnungszeit:<\/p>\n<ul>\n<li><label> Montag &#8211; Sonntag<\/label><br \/>\n08 <sup> 00<\/sup> &#8211; 14 <sup> 00<\/sup><br \/>\n17 <sup> 00<\/sup> &#8211; 22 <sup> 00<\/sup><\/li>\n<\/ul>\n<p>Au\u00dferhalb der, dass Sie uns an oder senden Sie uns eine E-Mail. Wir freuen uns, von Ihnen zu h\u00f6ren.<br \/>\n<\/span><\/div><\/div>\n<div class=\"get_in_touch\" style=\"background-image:url(https:\/\/sea-rent-a-boat-vodice.com\/wp-content\/uploads\/2015\/10\/rent-a-boat-vodice-contacts.png);\"><h3>Unsere Kontakte<\/h3><div class=\"get_in_touch_wrapper\"><ul><li class=\"address\"><span class=\"icon\"><i class=\"icon-location\" aria-label=\"address\"><\/i><\/span><span class=\"address_wrapper\"><b>SEA Boats Vodice<\/b><br \/>\nObala V. Nazora BB<br \/>\n22211 Vodice, Hrvatska<\/span><\/li><li class=\"phone phone-1\"><span class=\"icon\"><i class=\"icon-phone\" aria-label=\"phone\"><\/i><\/span><p><a href=\"tel:+385996777184\">+385 99 677 7184<\/a><\/p><\/li><li class=\"mail\"><span class=\"icon\"><i class=\"icon-mail\" aria-label=\"mail\"><\/i><\/span><p><a href=\"mailto:sea.vodice@gmail.com\">sea.vodice@gmail.com<\/a><\/p><\/li><\/ul><\/div><\/div>\n<div class=\"trailer_box \"><a href=\"https:\/\/sea-rent-a-boat-vodice.com\/de\/wasserski-tubes\/\" ><img class=\"scale-with-grid\" src=\"https:\/\/sea-rent-a-boat-vodice.com\/wp-content\/uploads\/2015\/10\/Water-Ski-soprt.jpg\" alt=\"Water-Ski-soprt\" width=\"600\" height=\"600\"\/><div class=\"desc\"><div class=\"subtitle\">Extras<\/div><h2>Wasserski &amp; Tubes<\/h2><div class=\"line\"><\/div><\/div><\/a><\/div>\n[\/vc_column][\/vc_row][vc_row full_width=&#8220;stretch_row&#8220; parallax=&#8220;content-moving&#8220; parallax_image=&#8220;1198&#8243; css=&#8220;.vc_custom_1445510516883{padding-top: 80px !important;padding-bottom: 40px !important;}&#8220;][vc_column el_class=&#8220;front_page_top&#8220;][vc_column_text]<\/p>\n<h2>Planen Sie Ihren Urlaub<\/h2>\n<p>Wir haben alles, was Sie daf\u00fcr brauchen. Mieten Sie unsere komfortablen Apartments f\u00fcr angenehmen Aufenthalt. Nehmen Sie Ihre Familie und Freunde zu spannenden Bootsfahrt durch die Einstellung unserer Motorboote. Machen Sie Ihren Urlaub zu einem unvergesslichen Erlebnis.<\/p>\n<p style=\"text-align: center;\"><a class=\"button  has-icon button_right button_size_2\"  href=\"https:\/\/sea-rent-a-boat-vodice.com\/de\/kontakt\/\" style=\"background-color:#e9362a!important;color:#ffffff;\"    ><span class=\"button_icon\"><i class=\"icon-right-open\"  style=\"color:#ffffff!important;\" aria-hidden=\"true\"><\/i><\/span><span class=\"button_label\">Kontaktieren Sie uns<\/span><\/a>\n<\/p>\n<p>[\/vc_column_text][\/vc_column][\/vc_row][vc_row full_width=&#8220;stretch_row&#8220; css=&#8220;.vc_custom_1450730897431{padding-top: 40px !important;background-color: #f9f9f9 !important;}&#8220;][vc_column width=&#8220;1\/3&#8243;]<div class=\"icon_box icon_position_left has_border\"><a class=\"\" href=\"tel:+385%2099%20677%207184\"  ><div class=\"image_wrapper\"><img class=\"scale-with-grid\" src=\"https:\/\/sea-rent-a-boat-vodice.com\/wp-content\/uploads\/2015\/10\/rent-a-boat-vodice-phone.png\" alt=\"Rent a Boat Vodice\" width=\"72\" height=\"72\"\/><\/div><div class=\"desc_wrapper\"><h4 class=\"title\">Rufen sie uns an<\/h4><div class=\"desc\">+385 99 677 7184<\/div><\/div><\/a><\/div>\n[\/vc_column][vc_column width=&#8220;1\/3&#8243;]<div class=\"icon_box icon_position_left has_border\"><a class=\"\" href=\"mailto:sea.vodice@gmail.com\"  ><div class=\"image_wrapper\"><img class=\"scale-with-grid\" src=\"https:\/\/sea-rent-a-boat-vodice.com\/wp-content\/uploads\/2015\/10\/rent-a-boat-vodice-mail.png\" alt=\"Rent a Boat Vodice\" width=\"72\" height=\"72\"\/><\/div><div class=\"desc_wrapper\"><h4 class=\"title\">Eine E-Mail senden<\/h4><div class=\"desc\">sea.vodice@gmail.com<\/div><\/div><\/a><\/div>\n[\/vc_column][vc_column width=&#8220;1\/3&#8243;]<div class=\"icon_box icon_position_left no_border\"><a class=\"\" href=\"https:\/\/sea-rent-a-boat-vodice.com\/de\/kontakt\/\"  ><div class=\"image_wrapper\"><img class=\"scale-with-grid\" src=\"https:\/\/sea-rent-a-boat-vodice.com\/wp-content\/uploads\/2015\/10\/rent-a-boat-vodice-location.png\" alt=\"Rent a Boat Vodice\" width=\"72\" height=\"72\"\/><\/div><div class=\"desc_wrapper\"><h4 class=\"title\">Sea Info-Desk<\/h4><div class=\"desc\">Obala V. Nazora, Vodice HR<\/div><\/div><\/a><\/div>\n[\/vc_column][\/vc_row]<\/p>\n","protected":false},"excerpt":{"rendered":"<p>[vc_row css=&#8220;.vc_custom_1445515637237{margin-top: 40px !important;margin-bottom: 80px !important;}&#8220;][vc_column width=&#8220;3\/4&#8243; el_class=&#8220;front_page_boats_table&#8220;][vc_column_text] Sea Rent a Boat Vodice Wir offerieren attraktive Boote zu mieten. Alle Boote sind komplett ausgestattet und kann<span class=\"excerpt-hellip\"> [\u2026]<\/span><\/p>\n","protected":false},"author":1,"featured_media":1949,"parent":0,"menu_order":0,"comment_status":"closed","ping_status":"closed","template":"","meta":[],"acf":[],"yoast_head":"<!-- This site is optimized with the Yoast SEO plugin v20.3 - https:\/\/yoast.com\/wordpress\/plugins\/seo\/ -->\n<title>Attraktive Sportboote - Vodice Rent a Boat<\/title>\n<meta name=\"description\" content=\"Vodice Rent a Boat - Wir offerieren attraktive Sportboote zu mieten. Quality of Service ist garantiert. Sonderrabatt f\u00fcr Online-Reservierungen.\" \/>\n<meta name=\"robots\" content=\"index, follow, max-snippet:-1, max-image-preview:large, max-video-preview:-1\" \/>\n<link rel=\"canonical\" href=\"https:\/\/sea-rent-a-boat-vodice.com\/de\/rent-a-boat-vodice\/\" \/>\n<meta property=\"og:locale\" content=\"de_DE\" \/>\n<meta property=\"og:type\" content=\"article\" \/>\n<meta property=\"og:title\" content=\"Attraktive Sportboote - Vodice Rent a Boat\" \/>\n<meta property=\"og:description\" content=\"Vodice Rent a Boat - Wir offerieren attraktive Sportboote zu mieten. Quality of Service ist garantiert. Sonderrabatt f\u00fcr Online-Reservierungen.\" \/>\n<meta property=\"og:url\" content=\"https:\/\/sea-rent-a-boat-vodice.com\/de\/rent-a-boat-vodice\/\" \/>\n<meta property=\"og:site_name\" content=\"Rent a Boat Vodice\" \/>\n<meta property=\"article:modified_time\" content=\"2022-07-05T18:04:21+00:00\" \/>\n<meta property=\"og:image\" content=\"https:\/\/sea-rent-a-boat-vodice.com\/wp-content\/uploads\/2015\/09\/rent-a-boat-vodice-maestral-570-06.jpg\" \/>\n\t<meta property=\"og:image:width\" content=\"1199\" \/>\n\t<meta property=\"og:image:height\" content=\"675\" \/>\n\t<meta property=\"og:image:type\" content=\"image\/jpeg\" \/>\n<meta name=\"twitter:card\" content=\"summary_large_image\" \/>\n<meta name=\"twitter:label1\" content=\"Gesch\u00e4tzte Lesezeit\" \/>\n\t<meta name=\"twitter:data1\" content=\"3\u00a0Minuten\" \/>\n<script type=\"application\/ld+json\" class=\"yoast-schema-graph\">{\"@context\":\"https:\/\/schema.org\",\"@graph\":[{\"@type\":\"WebPage\",\"@id\":\"https:\/\/sea-rent-a-boat-vodice.com\/de\/rent-a-boat-vodice\/\",\"url\":\"https:\/\/sea-rent-a-boat-vodice.com\/de\/rent-a-boat-vodice\/\",\"name\":\"Attraktive Sportboote - Vodice Rent a Boat\",\"isPartOf\":{\"@id\":\"https:\/\/sea-rent-a-boat-vodice.com\/#website\"},\"datePublished\":\"2015-08-09T19:58:16+00:00\",\"dateModified\":\"2022-07-05T18:04:21+00:00\",\"description\":\"Vodice Rent a Boat - Wir offerieren attraktive Sportboote zu mieten. Quality of Service ist garantiert. Sonderrabatt f\u00fcr Online-Reservierungen.\",\"breadcrumb\":{\"@id\":\"https:\/\/sea-rent-a-boat-vodice.com\/de\/rent-a-boat-vodice\/#breadcrumb\"},\"inLanguage\":\"de\",\"potentialAction\":[{\"@type\":\"ReadAction\",\"target\":[\"https:\/\/sea-rent-a-boat-vodice.com\/de\/rent-a-boat-vodice\/\"]}]},{\"@type\":\"BreadcrumbList\",\"@id\":\"https:\/\/sea-rent-a-boat-vodice.com\/de\/rent-a-boat-vodice\/#breadcrumb\",\"itemListElement\":[{\"@type\":\"ListItem\",\"position\":1,\"name\":\"Home\",\"item\":\"https:\/\/sea-rent-a-boat-vodice.com\/de\/\"},{\"@type\":\"ListItem\",\"position\":2,\"name\":\"Rent a Boat Vodice\"}]},{\"@type\":\"WebSite\",\"@id\":\"https:\/\/sea-rent-a-boat-vodice.com\/#website\",\"url\":\"https:\/\/sea-rent-a-boat-vodice.com\/\",\"name\":\"Rent a Boat Vodice\",\"description\":\"Vermietung attraktive und erschwingliche Boote in Vodice, Kroatien\",\"potentialAction\":[{\"@type\":\"SearchAction\",\"target\":{\"@type\":\"EntryPoint\",\"urlTemplate\":\"https:\/\/sea-rent-a-boat-vodice.com\/?s={search_term_string}\"},\"query-input\":\"required name=search_term_string\"}],\"inLanguage\":\"de\"}]}<\/script>\n<!-- \/ Yoast SEO plugin. -->","yoast_head_json":{"title":"Attraktive Sportboote - Vodice Rent a Boat","description":"Vodice Rent a Boat - Wir offerieren attraktive Sportboote zu mieten. Quality of Service ist garantiert. Sonderrabatt f\u00fcr Online-Reservierungen.","robots":{"index":"index","follow":"follow","max-snippet":"max-snippet:-1","max-image-preview":"max-image-preview:large","max-video-preview":"max-video-preview:-1"},"canonical":"https:\/\/sea-rent-a-boat-vodice.com\/de\/rent-a-boat-vodice\/","og_locale":"de_DE","og_type":"article","og_title":"Attraktive Sportboote - Vodice Rent a Boat","og_description":"Vodice Rent a Boat - Wir offerieren attraktive Sportboote zu mieten. Quality of Service ist garantiert. Sonderrabatt f\u00fcr Online-Reservierungen.","og_url":"https:\/\/sea-rent-a-boat-vodice.com\/de\/rent-a-boat-vodice\/","og_site_name":"Rent a Boat Vodice","article_modified_time":"2022-07-05T18:04:21+00:00","og_image":[{"width":1199,"height":675,"url":"https:\/\/sea-rent-a-boat-vodice.com\/wp-content\/uploads\/2015\/09\/rent-a-boat-vodice-maestral-570-06.jpg","type":"image\/jpeg"}],"twitter_card":"summary_large_image","twitter_misc":{"Gesch\u00e4tzte Lesezeit":"3\u00a0Minuten"},"schema":{"@context":"https:\/\/schema.org","@graph":[{"@type":"WebPage","@id":"https:\/\/sea-rent-a-boat-vodice.com\/de\/rent-a-boat-vodice\/","url":"https:\/\/sea-rent-a-boat-vodice.com\/de\/rent-a-boat-vodice\/","name":"Attraktive Sportboote - Vodice Rent a Boat","isPartOf":{"@id":"https:\/\/sea-rent-a-boat-vodice.com\/#website"},"datePublished":"2015-08-09T19:58:16+00:00","dateModified":"2022-07-05T18:04:21+00:00","description":"Vodice Rent a Boat - Wir offerieren attraktive Sportboote zu mieten. Quality of Service ist garantiert. Sonderrabatt f\u00fcr Online-Reservierungen.","breadcrumb":{"@id":"https:\/\/sea-rent-a-boat-vodice.com\/de\/rent-a-boat-vodice\/#breadcrumb"},"inLanguage":"de","potentialAction":[{"@type":"ReadAction","target":["https:\/\/sea-rent-a-boat-vodice.com\/de\/rent-a-boat-vodice\/"]}]},{"@type":"BreadcrumbList","@id":"https:\/\/sea-rent-a-boat-vodice.com\/de\/rent-a-boat-vodice\/#breadcrumb","itemListElement":[{"@type":"ListItem","position":1,"name":"Home","item":"https:\/\/sea-rent-a-boat-vodice.com\/de\/"},{"@type":"ListItem","position":2,"name":"Rent a Boat Vodice"}]},{"@type":"WebSite","@id":"https:\/\/sea-rent-a-boat-vodice.com\/#website","url":"https:\/\/sea-rent-a-boat-vodice.com\/","name":"Rent a Boat Vodice","description":"Vermietung attraktive und erschwingliche Boote in Vodice, Kroatien","potentialAction":[{"@type":"SearchAction","target":{"@type":"EntryPoint","urlTemplate":"https:\/\/sea-rent-a-boat-vodice.com\/?s={search_term_string}"},"query-input":"required name=search_term_string"}],"inLanguage":"de"}]}},"_links":{"self":[{"href":"https:\/\/sea-rent-a-boat-vodice.com\/de\/wp-json\/wp\/v2\/pages\/2209"}],"collection":[{"href":"https:\/\/sea-rent-a-boat-vodice.com\/de\/wp-json\/wp\/v2\/pages"}],"about":[{"href":"https:\/\/sea-rent-a-boat-vodice.com\/de\/wp-json\/wp\/v2\/types\/page"}],"author":[{"embeddable":true,"href":"https:\/\/sea-rent-a-boat-vodice.com\/de\/wp-json\/wp\/v2\/users\/1"}],"replies":[{"embeddable":true,"href":"https:\/\/sea-rent-a-boat-vodice.com\/de\/wp-json\/wp\/v2\/comments?post=2209"}],"version-history":[{"count":0,"href":"https:\/\/sea-rent-a-boat-vodice.com\/de\/wp-json\/wp\/v2\/pages\/2209\/revisions"}],"wp:featuredmedia":[{"embeddable":true,"href":"https:\/\/sea-rent-a-boat-vodice.com\/de\/wp-json\/wp\/v2\/media\/1949"}],"wp:attachment":[{"href":"https:\/\/sea-rent-a-boat-vodice.com\/de\/wp-json\/wp\/v2\/media?parent=2209"}],"curies":[{"name":"wp","href":"https:\/\/api.w.org\/{rel}","templated":true}]}}